{"id":113,"date":"2018-12-11T15:51:50","date_gmt":"2018-12-11T15:51:50","guid":{"rendered":"http:\/\/acofi.edu.co\/eiei2019\/?page_id=113"},"modified":"2019-08-05T11:57:49","modified_gmt":"2019-08-05T11:57:49","slug":"avances-en-investigacion","status":"publish","type":"page","link":"http:\/\/acofi.edu.co\/eiei2019\/categorias-de-participacion\/avances-en-investigacion\/","title":{"rendered":"Avances en Investigaci\u00f3n"},"content":{"rendered":"<p style=\"text-align: justify;\">En el marco del EIEI ACOFI 2019 y el CLADI 2019 se abordar\u00e1n los siguientes temas de inter\u00e9s sobre ingenier\u00eda, en los que se reflexionar\u00e1 y expondr\u00e1n experiencias de las instituciones de educaci\u00f3n superior y de la empresa, para destacar el desarrollo cient\u00edfico tecnol\u00f3gico y su impacto social:<\/p>\n<table width=\"571\">\n<tbody>\n<tr>\n<td width=\"161\"><strong>Transformaci\u00f3n digital en salud y calidad de vida<\/strong><\/td>\n<td width=\"410\">Aportes de ingenier\u00eda encaminados a la soluci\u00f3n de problemas que promuevan la calidad de vida y la eficiencia en los sistemas de salud.<\/td>\n<\/tr>\n<tr>\n<td width=\"161\"><span style=\"color: #ffffff;\">.<\/span><br \/>\n<span style=\"color: #ffffff;\">.<\/span><\/td>\n<td width=\"410\"><\/td>\n<\/tr>\n<tr>\n<td width=\"161\"><strong>Optimizaci\u00f3n de productos y procesos<\/strong><\/td>\n<td width=\"410\">Trabajos innovadores que promuevan soluciones que incorporen nuevas tecnolog\u00edas de la informaci\u00f3n en beneficio de la productividad.<\/td>\n<\/tr>\n<tr>\n<td width=\"161\"><span style=\"color: #ffffff;\">.<\/span><br \/>\n<span style=\"color: #ffffff;\">.<\/span><\/td>\n<td width=\"410\"><\/td>\n<\/tr>\n<tr>\n<td width=\"161\"><strong>Ingenier\u00eda sostenible<\/strong><\/td>\n<td width=\"410\">Trabajos asociados a iniciativas y proyectos sobre energ\u00eda, gesti\u00f3n ambiental y cambio clim\u00e1tico centrados en la sostenibilidad.<\/td>\n<\/tr>\n<tr>\n<td width=\"161\"><span style=\"color: #ffffff;\">.<\/span><br \/>\n<span style=\"color: #ffffff;\">.<\/span><\/td>\n<td width=\"410\"><\/td>\n<\/tr>\n<tr>\n<td width=\"161\"><strong>Proyectos de infraestructura<\/strong><\/td>\n<td width=\"410\">Trabajos que presenten iniciativas o desarrollos en infraestructura que promuevan el desarrollo tecnol\u00f3gico e impacto social.<\/td>\n<\/tr>\n<\/tbody>\n<\/table>\n<h3><\/h3>\n","protected":false},"excerpt":{"rendered":"<p>En el marco del EIEI ACOFI 2019 y el CLADI 2019 se abordar\u00e1n los siguientes temas de inter\u00e9s sobre ingenier\u00eda, en los que se reflexionar\u00e1 y expondr\u00e1n experiencias de las instituciones de educaci\u00f3n superior y de la empresa, para destacar el desarrollo cient\u00edfico tecnol\u00f3gico y su impacto social: Transformaci\u00f3n digital en salud y calidad de [&hellip;]<\/p>\n","protected":false},"author":1,"featured_media":0,"parent":34,"menu_order":0,"comment_status":"closed","ping_status":"closed","template":"","meta":[],"_links":{"self":[{"href":"http:\/\/acofi.edu.co\/eiei2019\/wp-json\/wp\/v2\/pages\/113"}],"collection":[{"href":"http:\/\/acofi.edu.co\/eiei2019\/wp-json\/wp\/v2\/pages"}],"about":[{"href":"http:\/\/acofi.edu.co\/eiei2019\/wp-json\/wp\/v2\/types\/page"}],"author":[{"embeddable":true,"href":"http:\/\/acofi.edu.co\/eiei2019\/wp-json\/wp\/v2\/users\/1"}],"replies":[{"embeddable":true,"href":"http:\/\/acofi.edu.co\/eiei2019\/wp-json\/wp\/v2\/comments?post=113"}],"version-history":[{"count":15,"href":"http:\/\/acofi.edu.co\/eiei2019\/wp-json\/wp\/v2\/pages\/113\/revisions"}],"predecessor-version":[{"id":746,"href":"http:\/\/acofi.edu.co\/eiei2019\/wp-json\/wp\/v2\/pages\/113\/revisions\/746"}],"up":[{"embeddable":true,"href":"http:\/\/acofi.edu.co\/eiei2019\/wp-json\/wp\/v2\/pages\/34"}],"wp:attachment":[{"href":"http:\/\/acofi.edu.co\/eiei2019\/wp-json\/wp\/v2\/media?parent=113"}],"curies":[{"name":"wp","href":"https:\/\/api.w.org\/{rel}","templated":true}]}}