{"id":5,"date":"2014-12-06T23:31:27","date_gmt":"2014-12-06T23:31:27","guid":{"rendered":"http:\/\/acofi.edu.co\/eiei2015\/?page_id=5"},"modified":"2015-08-22T21:36:36","modified_gmt":"2015-08-22T21:36:36","slug":"cartagena-de-indias","status":"publish","type":"page","link":"http:\/\/acofi.edu.co\/eiei2015\/cartagena-de-indias\/","title":{"rendered":"Cartagena de Indias"},"content":{"rendered":"<p style=\"text-align: justify;\"><a href=\"http:\/\/acofi.edu.co\/eiei2015\/wp-content\/uploads\/2014\/12\/Fotos-Cartagena69.jpg\"><img loading=\"lazy\" class=\"alignnone wp-image-351 size-full\" src=\"http:\/\/acofi.edu.co\/eiei2015\/wp-content\/uploads\/2014\/12\/Fotos-Cartagena69.jpg\" alt=\"Fotos Cartagena69\" width=\"3456\" height=\"2304\" srcset=\"http:\/\/acofi.edu.co\/eiei2015\/wp-content\/uploads\/2014\/12\/Fotos-Cartagena69.jpg 3456w, http:\/\/acofi.edu.co\/eiei2015\/wp-content\/uploads\/2014\/12\/Fotos-Cartagena69-300x200.jpg 300w, http:\/\/acofi.edu.co\/eiei2015\/wp-content\/uploads\/2014\/12\/Fotos-Cartagena69-1024x682.jpg 1024w\" sizes=\"(max-width: 3456px) 100vw, 3456px\" \/><\/a><\/p>\n<p style=\"text-align: justify;\">Cartagena de Indias es una ciudad de estilo colonial ubicada en el centro del litoral caribe al extremo nororiental de Colombia. Con un f\u00e1cil acceso, ya sea por v\u00eda a\u00e9rea, terrestre o mar\u00edtima es visitada cada a\u00f1o por miles de turistas que encuentran en ella el lugar perfecto donde descansar o trabajar.<\/p>\n<p style=\"text-align: justify;\">Su temperatura promedio es de 30 grados cent\u00edgrados, y el agua de sus playas se mantiene c\u00e1lida durante todo el a\u00f1o, esta es una gran raz\u00f3n para tenerla en cuenta como un excelente destino tur\u00edstico en cualquier \u00e9poca del a\u00f1o.<\/p>\n<p style=\"text-align: justify;\">Exuberantes paisajes, pintorescos parajes, amplias playas, bellas islas. Cartagena est\u00e1 rodeada por el Mar Caribe. Las playas est\u00e1n a pocos metros de las antiguas murallas de la Ciudad Vieja, localmente referido como El Centro.<\/p>\n<p style=\"text-align: justify;\">Las playas tambi\u00e9n se extienden alrededor de la pen\u00ednsula de Bocagrande y Laguito. Y a menos de 25 minutos desde el Corralito de Piedra, est\u00e1 otra playa popular de turistas llamada La Boquilla. En ellas se puede practicar diversos deportes n\u00e1uticos como la pesca, el buceo, el windsurf o el sky en escenarios apropiados, encantadores y seguros que hacen pl\u00e1cida su pr\u00e1ctica.<\/p>\n<p style=\"text-align: justify;\">Las playas de arena blanca se pueden encontrar en Playa Blanca en Bar\u00fa en el sur de la ciudad o en las Islas del Rosario ubicadas en la zona insular de Cartagena. Estas playas ofrecen toda una gama de fauna y flora m\u00e1s una variedad de buenos hoteles y restaurantes y el Acuario, para aquellos que gustan de la naturaleza marina.<\/p>\n<p style=\"text-align: justify;\">Su centro hist\u00f3rico, la \u00abCiudad Amurallada\u00bb, fue declarado Patrimonio Nacional de Colombia en 1959, y por ser una ciudad llena de historia la UNESCO la declar\u00f3 Patrimonio Hist\u00f3rico y Cultural de la Humanidad en 1984. En el a\u00f1o 2007 su arquitectura militar fue galardonada como la cuarta maravilla de Colombia.<\/p>\n<p style=\"text-align: justify;\">Su centro hist\u00f3rico conocido como el Corralito de Piedra, sus calles, casas y balcones dan muestra de la arquitectura republicana y barroca de una villa espa\u00f1ola de la \u00e9poca de la colonia. Vestigios intactos de garitas, ca\u00f1ones, fortalezas, baluartes y bater\u00edas son patrimonio invaluable que hace de la estad\u00eda de nuestros visitantes una experiencia eterna, porque es una ciudad m\u00e1gica, hist\u00f3rica y bella en la que confluyen pasado, presente y futuro. El 11 de noviembre de 1811, Cartagena de Indias fue la primera provincia en independizarse de la corona espa\u00f1ola, fecha recordada y festejada actualmente como el Bicentenario de Independencia.<\/p>\n<p style=\"text-align: justify;\">Tomado de <a href=\"http:\/\/www.cartagenadeindias.travel\/\">http:\/\/www.cartagenadeindias.travel\/<\/a><\/p>\n<h3 style=\"text-align: justify;\"><strong>Datos Generales<\/strong><\/h3>\n<ul style=\"text-align: justify;\">\n<li>Habitantes: 955.250<\/li>\n<li>Extensi\u00f3n: 709 km<sup>2<\/sup><\/li>\n<li>Altura: 2 m.s.n.m.<\/li>\n<li>Temperatura promedio: 28 \u00b0C<\/li>\n<li>Actividades econ\u00f3micas: Industria, comercio, turismo<\/li>\n<li>Acceso: terrestre, a\u00e9reo, mar\u00edtimo<\/li>\n<\/ul>\n<h3 style=\"text-align: left;\"><strong>Aeropuerto Internacional Rafael N\u00fa\u00f1ez<\/strong><\/h3>\n<p><a href=\"http:\/\/acofi.edu.co\/eiei2015\/wp-content\/uploads\/2014\/12\/Aeropuerto-Rafael.jpg\"><img loading=\"lazy\" class=\"alignnone wp-image-354 size-full\" src=\"http:\/\/acofi.edu.co\/eiei2015\/wp-content\/uploads\/2014\/12\/Aeropuerto-Rafael.jpg\" alt=\"Aeropuerto Rafael\" width=\"901\" height=\"683\" srcset=\"http:\/\/acofi.edu.co\/eiei2015\/wp-content\/uploads\/2014\/12\/Aeropuerto-Rafael.jpg 901w, http:\/\/acofi.edu.co\/eiei2015\/wp-content\/uploads\/2014\/12\/Aeropuerto-Rafael-300x227.jpg 300w\" sizes=\"(max-width: 901px) 100vw, 901px\" \/><\/a><\/p>\n<ul style=\"text-align: justify;\">\n<li>El aeropuerto internacional de Cartagena de Indias es uno de los m\u00e1s importantes de Colombia, por el movimiento tur\u00edstico. Cuenta con vuelos internacionales provenientes de Am\u00e9rica y Europa. Alrededor de 2.19 millones de pasajeros lo transitaron en 2012.<\/li>\n<li>El aeropuerto se ubica dentro del \u00e1rea urbana de Cartagena de Indias al norte del casco c\u00e9ntrico, en el barrio de Crespo. Autobuses, minibuses y taxis comunican al aeropuerto con los distintos sectores urbanos de la ciudad de Cartagena de Indias. El servicio de taxi opera las 24 horas, mientras que el de autobuses desde las 06:50 hasta las 23:45 horas.<\/li>\n<li>Existen mostradores de alquiler de coches de las compa\u00f1\u00edas m\u00e1s reconocidas. El aeropuerto ofrece adem\u00e1s cajeros autom\u00e1ticos ATM, servicio de cambio de divisas, sector Vip, tel\u00e9fonos p\u00fablicos, acceso a Internet Wi-Fi sin costo y otros servicios.<\/li>\n<\/ul>\n<p style=\"text-align: justify;\"><a href=\"http:\/\/www.sacsa.com.co\/\">www.sacsa.com.co<\/a><\/p>\n","protected":false},"excerpt":{"rendered":"<p>Cartagena de Indias es una ciudad de estilo colonial ubicada en el centro del litoral caribe al extremo nororiental de Colombia. Con un f\u00e1cil acceso, ya sea por v\u00eda a\u00e9rea, terrestre o mar\u00edtima es visitada cada a\u00f1o por miles de turistas que encuentran en ella el lugar perfecto donde descansar o trabajar. Su temperatura promedio [&hellip;]<\/p>\n","protected":false},"author":3,"featured_media":0,"parent":0,"menu_order":0,"comment_status":"open","ping_status":"open","template":"","meta":[],"_links":{"self":[{"href":"http:\/\/acofi.edu.co\/eiei2015\/wp-json\/wp\/v2\/pages\/5"}],"collection":[{"href":"http:\/\/acofi.edu.co\/eiei2015\/wp-json\/wp\/v2\/pages"}],"about":[{"href":"http:\/\/acofi.edu.co\/eiei2015\/wp-json\/wp\/v2\/types\/page"}],"author":[{"embeddable":true,"href":"http:\/\/acofi.edu.co\/eiei2015\/wp-json\/wp\/v2\/users\/3"}],"replies":[{"embeddable":true,"href":"http:\/\/acofi.edu.co\/eiei2015\/wp-json\/wp\/v2\/comments?post=5"}],"version-history":[{"count":18,"href":"http:\/\/acofi.edu.co\/eiei2015\/wp-json\/wp\/v2\/pages\/5\/revisions"}],"predecessor-version":[{"id":1131,"href":"http:\/\/acofi.edu.co\/eiei2015\/wp-json\/wp\/v2\/pages\/5\/revisions\/1131"}],"wp:attachment":[{"href":"http:\/\/acofi.edu.co\/eiei2015\/wp-json\/wp\/v2\/media?parent=5"}],"curies":[{"name":"wp","href":"https:\/\/api.w.org\/{rel}","templated":true}]}}