{"id":47,"date":"2014-12-08T23:18:59","date_gmt":"2014-12-08T23:18:59","guid":{"rendered":"http:\/\/acofi.edu.co\/eiei2015\/?page_id=47"},"modified":"2015-08-22T21:42:51","modified_gmt":"2015-08-22T21:42:51","slug":"sobre-eiei-acofi-2015","status":"publish","type":"page","link":"http:\/\/acofi.edu.co\/eiei2015\/sobre-eiei-acofi-2015\/","title":{"rendered":"Sobre EIEI ACOFI 2015"},"content":{"rendered":"<h2><strong>Pre\u00e1mbulo<\/strong><\/h2>\n<p style=\"text-align: justify;\">La Asociaci\u00f3n Colombiana de Facultades de Ingenier\u00eda \u2013 ACOFI-, en el a\u00f1o de la conmemoraci\u00f3n de sus 40 a\u00f1os de fundaci\u00f3n, tendr\u00e1\u00a0como actividad central el Encuentro Internacional de Educaci\u00f3n en Ingenier\u00eda ACOFI 2015 \u2013EIEI ACOFI 2015-, con el t\u00edtulo \u201c<strong>Una formaci\u00f3n de calidad en ingenier\u00eda, para el futuro<\/strong>\u201d.<\/p>\n<p style=\"text-align: justify;\">El EIEI ACOFI 2015 es el evento en el que la socializaci\u00f3n de las propuestas y experiencias de los procesos ense\u00f1anza-aprendizaje, la investigaci\u00f3n en educaci\u00f3n en ingenier\u00eda, la responsabilidad social en la formaci\u00f3n de los ingenieros, entre otros importantes temas, proporcionan elementos y oportunidades de mejoramiento a nuestras facultades de ingenier\u00eda. Por esa raz\u00f3n el, EIEI ACOFI 2015 ser\u00e1 el m\u00e1s importante encuentro de ense\u00f1anza de la\u00a0ingenier\u00eda en Colombia y uno de los m\u00e1s reconocidos en el \u00e1mbito internacional.<\/p>\n<p style=\"text-align: justify;\">En el EIEI ACOFI 2015 se expondr\u00e1n los trabajos y experiencias de profesores, estudiantes, investigadores y empresas. El Encuentro ser\u00e1 la ocasi\u00f3n propicia para la interacci\u00f3n entre decanos, profesores, investigadores, estudiantes, gobierno, industria y sociedad. Se llevar\u00e1n a cabo conferencias magistrales, paneles, talleres y actividades t\u00e9cnicas y sociales.<\/p>\n<h2 style=\"text-align: justify;\"><strong>Presentaci\u00f3n<\/strong><\/h2>\n<p style=\"text-align: justify;\">La calidad es un t\u00e9rmino amplio y complejo, en particular cuando nos referimos a los procesos de ense\u00f1anza \u2013 aprendizaje en nuestras facultades, escuelas y programas de ingenier\u00eda.<\/p>\n<p style=\"text-align: justify;\">La estructuraci\u00f3n de un plan de estudios, la caracterizaci\u00f3n de una asignatura, la forma de evaluarla, la consistencia de una formaci\u00f3n de calidad local, regional y global, su relaci\u00f3n con la sociedad y, en general, cualquier proceso acad\u00e9mico que se pretenda llevar a cabo, tienen como aspecto fundamental y transversal la calidad.<\/p>\n<p style=\"text-align: justify;\">Pero los indicadores de la calidad cambian constantemente. Lo que hoy es v\u00e1lido en un proceso de calidad, ma\u00f1ana ya no es aplicable o carece de validez. Lo mismo sucede respecto del entorno en que se desarrolla. La calidad en un determinado lugar\u00a0tiene en cuenta\u00a0las necesidades, intereses, facilidades y dificultades de esa regi\u00f3n. Por ello, lo que\u00a0puede ser exitoso en una parte, si no se entiende el contexto en el que se desarrolla, puede ser un fracaso en otra.<\/p>\n<p style=\"text-align: justify;\">Por todos estos motivos, es necesario reflexionar, analizar y debatir las acciones cuyo centro es la calidad, con una mirada que tiene en cuenta tanto la evaluaci\u00f3n de la propia calidad, como lo que sucede en la formaci\u00f3n, en la investigaci\u00f3n y en la relaci\u00f3n con el entorno, siempre con un ejercicio prospectivo y respetando la propia identidad.<\/p>\n<p style=\"text-align: justify;\">De acuerdo con estos planteamientos, la Asociaci\u00f3n Colombiana de Facultades de Ingenier\u00eda \u2013ACOFI-, consistente con su misi\u00f3n de propender por el impulso y el mejoramiento de la calidad de la ense\u00f1anza de la ingenier\u00eda, y en el marco de la conmemoraci\u00f3n de sus 40 a\u00f1os, invita a la comunidad acad\u00e9mica de Colombia, de Latinoam\u00e9rica y del mundo, al Encuentro Internacional de Educaci\u00f3n en Ingenier\u00eda ACOFI 2015, EIEI ACOFI 2015, en el que directivos, profesores, estudiantes y personal administrativo de facultades, escuelas y programas de ingenier\u00eda, se reunir\u00e1n para estudiar, reflexionar y analizar el tema: \u201c<strong>Una formaci\u00f3n de calidad en ingenier\u00eda, para el futuro<\/strong>\u201d.<\/p>\n<p style=\"text-align: justify;\">Para ello, el EIEI ACOFI 2015 organiza las siguientes actividades:<\/p>\n<ul style=\"text-align: justify;\">\n<li>Conferencias magistrales, di\u00e1logos de pares, presentaciones orales de facultades, escuelas y programas de ingenier\u00eda sobre la calidad, en los ejes tem\u00e1ticos propuestos:\n<ul>\n<li>Prospectiva en la ense\u00f1anza de la ingenier\u00eda<\/li>\n<li>Internacionalizaci\u00f3n de los curr\u00edculos de ingenier\u00eda<\/li>\n<li>Evaluaci\u00f3n de la ense\u00f1anza de la ingenier\u00eda<\/li>\n<\/ul>\n<\/li>\n<\/ul>\n<ul style=\"text-align: justify;\">\n<li>Presentaci\u00f3n de los avances en investigaci\u00f3n desarrollados por universidades o empresas, en las que se muestren experiencias y prospectivas alrededor de los t\u00f3picos propuestos (Desarrollo sostenible, Infraestructura de ciudades (Smart cities), Log\u00edstica, Materiales de ingenier\u00eda), teniendo en cuenta la calidad como un factor relevante.<\/li>\n<\/ul>\n<ul style=\"text-align: justify;\">\n<li>Reuni\u00f3n de estudiantes en la que, desde su propia experiencia, aporten elementos para el constante mejoramiento de la calidad de su formaci\u00f3n.<\/li>\n<\/ul>\n<ul style=\"text-align: justify;\">\n<li>Reuni\u00f3n de decanos de ingenier\u00eda para reflexionar sobre la incidencia que los modelos de gesti\u00f3n de sus facultades tienen en la calidad.<\/li>\n<\/ul>\n<p style=\"text-align: justify;\">Estas cuatro posibilidades de participaci\u00f3n har\u00e1n del EIEI ACOFI 2015, un evento de gran importancia para la ense\u00f1anza de la ingenier\u00eda.<\/p>\n<h2><strong>Objetivos<\/strong><\/h2>\n<ul>\n<li>Analizar la influencia de la calidad en los procesos de formaci\u00f3n de los ingenieros.<\/li>\n<li>Debatir sobre\u00a0el papel de la evaluaci\u00f3n como estrategia de calidad.<\/li>\n<li>Estudiar el impacto que tienen las constantes propuestas de cambio en los modelos de ense\u00f1anza-aprendizaje.<\/li>\n<li>Reflexionar sobre c\u00f3mo deben ser incorporados los procesos de internacionalizaci\u00f3n al quehacer de las facultades de ingenier\u00eda.<\/li>\n<\/ul>\n<h2><strong>Sede del evento<\/strong><\/h2>\n<h3><strong>Centro de Convenciones Cartagena de Indias<\/strong><\/h3>\n<p><a href=\"http:\/\/acofi.edu.co\/eiei2014\/wp-content\/uploads\/2014\/02\/CCC.jpg\"><img loading=\"lazy\" class=\"alignnone size-full wp-image-164\" src=\"http:\/\/acofi.edu.co\/eiei2014\/wp-content\/uploads\/2014\/02\/CCC.jpg\" alt=\"CCC\" width=\"2048\" height=\"951\" \/><\/a><\/p>\n<p style=\"text-align: justify;\">Situado en el barrio Getseman\u00ed frente al camell\u00f3n de los m\u00e1rtires y a pocos pasos de la Torre del Reloj uno de los hitos m\u00e1s representativos y conocidos de la ciudad.<\/p>\n<p style=\"text-align: justify;\">A\u00f1o tras a\u00f1o el centro de convenciones recibe m\u00e1s de 300 eventos como cumbres gubernamentales, congresos, conferencias, ferias, exhibiciones y espect\u00e1culos de una extensa variedad de audiencias y tama\u00f1os.<\/p>\n<p style=\"text-align: justify;\">El recinto, dise\u00f1ado y construido espec\u00edficamente para albergar congresos y convenciones, grandes plenarias y simultaneidad de sesiones acad\u00e9micas, cuenta tambi\u00e9n con una plataforma tecnol\u00f3gica e inform\u00e1tica que cumple con las exigencias de eventos como ICANN 39, Andina Link y la VI Cumbre de las Am\u00e9ricas, que confirman as\u00ed los alcances de sus servicios.<\/p>\n<p>\u00a0<iframe loading=\"lazy\" style=\"border: 0;\" src=\"https:\/\/www.google.com\/maps\/embed?pb=!1m18!1m12!1m3!1d1962.0044803829287!2d-75.54873796256254!3d10.420862494380751!2m3!1f0!2f0!3f0!3m2!1i1024!2i768!4f13.1!3m3!1m2!1s0x0000000000000000%3A0x97ff60e23b9c2041!2sCentro+de+Convenciones+Julio+Cesar+Turbay+Ayala!5e0!3m2!1ses!2sco!4v1440279075396\" width=\"600\" height=\"450\" frameborder=\"0\" allowfullscreen=\"allowfullscreen\"><\/iframe><\/p>\n<p><a href=\"http:\/\/www.cccartagena.com\/\">www.cccartagena.com<\/a><\/p>\n<h2><strong>Nuestra imagen<\/strong><\/h2>\n<p style=\"text-align: justify;\">Para este a\u00f1o ACOFI, en el marco de sus 40 a\u00f1os, dise\u00f1\u00f3 para el Encuentro Internacional de Educaci\u00f3n en Ingenier\u00eda -EIEI ACOFI 2015-, una imagen que destaca la ingenier\u00eda, representada en la industria, desarrollo tecnol\u00f3gico, log\u00edstica, materiales, infraestructura, desarrollo sostenible&#8230; Al incluir el nombre del evento (o la sigla del evento en la versi\u00f3n alterna) y el nombre de ACOFI, en la parte inferior, se representa a la ense\u00f1anza de la ingenier\u00eda como la base de lo que representa la profesi\u00f3n.<\/p>\n<p style=\"text-align: justify;\">La imagen de la India Catalina, corresponde a un reconocimiento a Cartagena de indias, como uno de los s\u00edmbolos m\u00e1s representativos de la ciudad, patrimonio hist\u00f3rico de la humanidad y el sol representa la calidez, la fuerza y la belleza de la regi\u00f3n Caribe.<\/p>\n<h3 style=\"text-align: justify;\"><strong>Imagen oficial<\/strong><\/h3>\n<p style=\"text-align: justify;\"><a href=\"http:\/\/acofi.edu.co\/eiei2015\/wp-content\/uploads\/2014\/12\/Logo-Oficial.jpg\"><img loading=\"lazy\" class=\"alignnone size-full wp-image-530\" src=\"http:\/\/acofi.edu.co\/eiei2015\/wp-content\/uploads\/2014\/12\/Logo-Oficial.jpg\" alt=\"Logo Oficial\" width=\"2550\" height=\"1285\" srcset=\"http:\/\/acofi.edu.co\/eiei2015\/wp-content\/uploads\/2014\/12\/Logo-Oficial.jpg 2550w, http:\/\/acofi.edu.co\/eiei2015\/wp-content\/uploads\/2014\/12\/Logo-Oficial-300x151.jpg 300w, http:\/\/acofi.edu.co\/eiei2015\/wp-content\/uploads\/2014\/12\/Logo-Oficial-1024x516.jpg 1024w\" sizes=\"(max-width: 2550px) 100vw, 2550px\" \/><\/a><\/p>\n<h3 style=\"text-align: justify;\"><strong>Imagen oficial alterna<\/strong><\/h3>\n<p style=\"text-align: justify;\"><a href=\"http:\/\/acofi.edu.co\/eiei2015\/wp-content\/uploads\/2014\/12\/Logo-Oficial-2.jpg\"><img loading=\"lazy\" class=\"alignnone size-full wp-image-532\" src=\"http:\/\/acofi.edu.co\/eiei2015\/wp-content\/uploads\/2014\/12\/Logo-Oficial-2.jpg\" alt=\"Logo Oficial 2\" width=\"2550\" height=\"1285\" srcset=\"http:\/\/acofi.edu.co\/eiei2015\/wp-content\/uploads\/2014\/12\/Logo-Oficial-2.jpg 2550w, http:\/\/acofi.edu.co\/eiei2015\/wp-content\/uploads\/2014\/12\/Logo-Oficial-2-300x151.jpg 300w, http:\/\/acofi.edu.co\/eiei2015\/wp-content\/uploads\/2014\/12\/Logo-Oficial-2-1024x516.jpg 1024w\" sizes=\"(max-width: 2550px) 100vw, 2550px\" \/><\/a><\/p>\n<p style=\"text-align: justify;\">\n","protected":false},"excerpt":{"rendered":"<p>Pre\u00e1mbulo La Asociaci\u00f3n Colombiana de Facultades de Ingenier\u00eda \u2013 ACOFI-, en el a\u00f1o de la conmemoraci\u00f3n de sus 40 a\u00f1os de fundaci\u00f3n, tendr\u00e1\u00a0como actividad central el Encuentro Internacional de Educaci\u00f3n en Ingenier\u00eda ACOFI 2015 \u2013EIEI ACOFI 2015-, con el t\u00edtulo \u201cUna formaci\u00f3n de calidad en ingenier\u00eda, para el futuro\u201d. El EIEI ACOFI 2015 es el [&hellip;]<\/p>\n","protected":false},"author":3,"featured_media":0,"parent":0,"menu_order":0,"comment_status":"open","ping_status":"open","template":"","meta":[],"_links":{"self":[{"href":"http:\/\/acofi.edu.co\/eiei2015\/wp-json\/wp\/v2\/pages\/47"}],"collection":[{"href":"http:\/\/acofi.edu.co\/eiei2015\/wp-json\/wp\/v2\/pages"}],"about":[{"href":"http:\/\/acofi.edu.co\/eiei2015\/wp-json\/wp\/v2\/types\/page"}],"author":[{"embeddable":true,"href":"http:\/\/acofi.edu.co\/eiei2015\/wp-json\/wp\/v2\/users\/3"}],"replies":[{"embeddable":true,"href":"http:\/\/acofi.edu.co\/eiei2015\/wp-json\/wp\/v2\/comments?post=47"}],"version-history":[{"count":32,"href":"http:\/\/acofi.edu.co\/eiei2015\/wp-json\/wp\/v2\/pages\/47\/revisions"}],"predecessor-version":[{"id":1137,"href":"http:\/\/acofi.edu.co\/eiei2015\/wp-json\/wp\/v2\/pages\/47\/revisions\/1137"}],"wp:attachment":[{"href":"http:\/\/acofi.edu.co\/eiei2015\/wp-json\/wp\/v2\/media?parent=47"}],"curies":[{"name":"wp","href":"https:\/\/api.w.org\/{rel}","templated":true}]}}