{"id":41,"date":"2014-12-08T23:18:29","date_gmt":"2014-12-08T23:18:29","guid":{"rendered":"http:\/\/acofi.edu.co\/eiei2015\/?page_id=41"},"modified":"2015-08-26T13:33:54","modified_gmt":"2015-08-26T13:33:54","slug":"prensa","status":"publish","type":"page","link":"http:\/\/acofi.edu.co\/eiei2015\/prensa\/","title":{"rendered":"Prensa"},"content":{"rendered":"<p style=\"text-align: justify;\"><a href=\"http:\/\/acofi.edu.co\/eiei2015\/wp-content\/uploads\/2014\/12\/Bolet\u00edn-de-prensa-12.docx\">Bolet\u00edn de prensa 12<\/a><\/p>\n<p style=\"text-align: justify;\">CONFERENCISTAS DE TALLA MUNDIAL PARA REFLEXIONAR SOBRE LA CALIDAD EN LA FORMACI\u00d3N DE LOS INGENIEROS DE NUESTRO PA\u00cdS, PRESENTA ACOFI<\/p>\n<p style=\"text-align: justify;\"><a href=\"http:\/\/acofi.edu.co\/eiei2015\/wp-content\/uploads\/2014\/12\/Bolet\u00edn-de-prensa-11.docx\">Bolet\u00edn de prensa 11<\/a><\/p>\n<p style=\"text-align: justify;\">ACOFI ESCOGI\u00d3 DE NUEVO A CARTAGENA COMO LA ANFITRIONA DEL ENCUENTRO M\u00c1S IMPORTANTE DE LAS FACULTADES, ESCUELAS Y PROGRAMAS DE INGENIER\u00cdA<\/p>\n","protected":false},"excerpt":{"rendered":"<p>Bolet\u00edn de prensa 12 CONFERENCISTAS DE TALLA MUNDIAL PARA REFLEXIONAR SOBRE LA CALIDAD EN LA FORMACI\u00d3N DE LOS INGENIEROS DE NUESTRO PA\u00cdS, PRESENTA ACOFI Bolet\u00edn de prensa 11 ACOFI ESCOGI\u00d3 DE NUEVO A CARTAGENA COMO LA ANFITRIONA DEL ENCUENTRO M\u00c1S IMPORTANTE DE LAS FACULTADES, ESCUELAS Y PROGRAMAS DE INGENIER\u00cdA<\/p>\n","protected":false},"author":3,"featured_media":0,"parent":0,"menu_order":0,"comment_status":"open","ping_status":"open","template":"","meta":[],"_links":{"self":[{"href":"http:\/\/acofi.edu.co\/eiei2015\/wp-json\/wp\/v2\/pages\/41"}],"collection":[{"href":"http:\/\/acofi.edu.co\/eiei2015\/wp-json\/wp\/v2\/pages"}],"about":[{"href":"http:\/\/acofi.edu.co\/eiei2015\/wp-json\/wp\/v2\/types\/page"}],"author":[{"embeddable":true,"href":"http:\/\/acofi.edu.co\/eiei2015\/wp-json\/wp\/v2\/users\/3"}],"replies":[{"embeddable":true,"href":"http:\/\/acofi.edu.co\/eiei2015\/wp-json\/wp\/v2\/comments?post=41"}],"version-history":[{"count":2,"href":"http:\/\/acofi.edu.co\/eiei2015\/wp-json\/wp\/v2\/pages\/41\/revisions"}],"predecessor-version":[{"id":1275,"href":"http:\/\/acofi.edu.co\/eiei2015\/wp-json\/wp\/v2\/pages\/41\/revisions\/1275"}],"wp:attachment":[{"href":"http:\/\/acofi.edu.co\/eiei2015\/wp-json\/wp\/v2\/media?parent=41"}],"curies":[{"name":"wp","href":"https:\/\/api.w.org\/{rel}","templated":true}]}}