{"id":39,"date":"2014-12-08T23:18:21","date_gmt":"2014-12-08T23:18:21","guid":{"rendered":"http:\/\/acofi.edu.co\/eiei2015\/?page_id=39"},"modified":"2015-10-28T19:04:20","modified_gmt":"2015-10-28T19:04:20","slug":"premios-acofi","status":"publish","type":"page","link":"http:\/\/acofi.edu.co\/eiei2015\/premios-acofi\/","title":{"rendered":"Premios ACOFI"},"content":{"rendered":"<p style=\"text-align: justify;\">Los premios ACOFI se promueven desde el a\u00f1o 1998. Buscan estimular el trabajo\u00a0acad\u00e9mico de los profesores pertenecientes a las facultades de ingenier\u00eda del pa\u00eds.<\/p>\n<p style=\"text-align: justify;\">Los premios se entregan a los mejores trabajos presentados en el Encuentro en las distintas categor\u00edas.<\/p>\n<p style=\"text-align: justify;\">La premiaci\u00f3n se realizar\u00e1 durante el primer trimestre del 2016.<\/p>\n<h2 style=\"text-align: justify;\"><strong>Ganadores<\/strong><\/h2>\n<h3 style=\"text-align: justify;\"><strong>Trabajos sobre ense\u00f1anza de la ingenier\u00eda<\/strong><\/h3>\n<p style=\"text-align: justify;\"><strong><em>&#8211; Pr\u00e1ctica de responsabilidad social universitaria \u201ccl\u00ednica de juguetes\u201d<br \/>\nJannet Ortiz Aguilar, Universidad Cooperativa de Colombia, Bogot\u00e1<br \/>\n<\/em><\/strong><\/p>\n<p style=\"text-align: justify;\"><strong><em>&#8211; Empleo de metodolog\u00edas l\u00fadicas para la ense\u00f1anza del pensamiento sist\u00e9mico enfocado al desarrollo sostenible<br \/>\nNatalia Boh\u00f3rquez Bedoya, Carlos Mauricio Zuluaga Ram\u00edrez, Manuela del Pilar G\u00f3mez Suta, Universidad Tecnol\u00f3gica de Pereira, Pereira<br \/>\n<\/em><\/strong><\/p>\n<p style=\"text-align: justify;\"><strong><em>&#8211; Ingenio y sociedad: hacia una educaci\u00f3n de ingenier\u00eda humanitaria en Colombia<br \/>\nJuan David Reina Rozo, Henry Alfonso D\u00edaz Avenda\u00f1o, Nicol\u00e1s Gait\u00e1n Albarrac\u00edn, Jos\u00e9 Ismael Pe\u00f1a Reyes, Universidad Nacional de Colombia, Bogot\u00e1<br \/>\n<\/em><\/strong><\/p>\n<h3 style=\"text-align: justify;\"><strong>Avances en investigaci\u00f3n<\/strong><\/h3>\n<p style=\"text-align: justify;\"><strong><em>&#8211; La fot\u00f3nica en el desarrollo de ciudades inteligentes<br \/>\nFerney Amaya Fern\u00e1ndez, Jes\u00fas \u00c1lvarez Guerrero, Universidad Pontificia Bolivariana, Medell\u00edn<br \/>\n<\/em><\/strong><\/p>\n<h3 style=\"text-align: justify;\"><strong>Trabajos de los estudiantes<\/strong><\/h3>\n<p style=\"text-align: justify;\"><strong><em>&#8211; Elaboraci\u00f3n de un prototipo de laboratorio de optoelectr\u00f3nica para la recreaci\u00f3n del efecto fotoel\u00e9ctrico en el programa de ingenier\u00eda electr\u00f3nica de la I.U. Cesmag en San Juan de Pasto<br \/>\nMario Andr\u00e9s C\u00e1ceres Nocera, Daniel Sebasti\u00e1n Benavides Bravo, Karla Patricia Reyes S\u00e1nchez, Instituci\u00f3n Universitaria Cesmag, San Juan de Pasto<\/em><\/strong><\/p>\n","protected":false},"excerpt":{"rendered":"<p>Los premios ACOFI se promueven desde el a\u00f1o 1998. Buscan estimular el trabajo\u00a0acad\u00e9mico de los profesores pertenecientes a las facultades de ingenier\u00eda del pa\u00eds. Los premios se entregan a los mejores trabajos presentados en el Encuentro en las distintas categor\u00edas. La premiaci\u00f3n se realizar\u00e1 durante el primer trimestre del 2016. Ganadores Trabajos sobre ense\u00f1anza de [&hellip;]<\/p>\n","protected":false},"author":3,"featured_media":0,"parent":0,"menu_order":0,"comment_status":"open","ping_status":"open","template":"","meta":[],"_links":{"self":[{"href":"http:\/\/acofi.edu.co\/eiei2015\/wp-json\/wp\/v2\/pages\/39"}],"collection":[{"href":"http:\/\/acofi.edu.co\/eiei2015\/wp-json\/wp\/v2\/pages"}],"about":[{"href":"http:\/\/acofi.edu.co\/eiei2015\/wp-json\/wp\/v2\/types\/page"}],"author":[{"embeddable":true,"href":"http:\/\/acofi.edu.co\/eiei2015\/wp-json\/wp\/v2\/users\/3"}],"replies":[{"embeddable":true,"href":"http:\/\/acofi.edu.co\/eiei2015\/wp-json\/wp\/v2\/comments?post=39"}],"version-history":[{"count":13,"href":"http:\/\/acofi.edu.co\/eiei2015\/wp-json\/wp\/v2\/pages\/39\/revisions"}],"predecessor-version":[{"id":1385,"href":"http:\/\/acofi.edu.co\/eiei2015\/wp-json\/wp\/v2\/pages\/39\/revisions\/1385"}],"wp:attachment":[{"href":"http:\/\/acofi.edu.co\/eiei2015\/wp-json\/wp\/v2\/media?parent=39"}],"curies":[{"name":"wp","href":"https:\/\/api.w.org\/{rel}","templated":true}]}}