{"id":37,"date":"2014-12-08T23:18:12","date_gmt":"2014-12-08T23:18:12","guid":{"rendered":"http:\/\/acofi.edu.co\/eiei2015\/?page_id=37"},"modified":"2015-09-11T13:43:16","modified_gmt":"2015-09-11T13:43:16","slug":"pre-inscripcion","status":"publish","type":"page","link":"http:\/\/acofi.edu.co\/eiei2015\/pre-inscripcion\/","title":{"rendered":"Pre-inscripci\u00f3n"},"content":{"rendered":"<p>La Inscripci\u00f3n al Encuentro se har\u00e1 oficial, una vez se haya cancelado el valor de la inscripci\u00f3n de cada participante.<\/p>\n<p><strong>Valor de la Inscripci\u00f3n<\/strong><\/p>\n<p><strong>Hasta el 31 de julio de 2015<\/strong><strong>\u00a0<\/strong><\/p>\n<ul>\n<li><strong>Miembros de ACOFI: COP 1.000.000<\/strong><\/li>\n<li><strong>No miembros de ACOFI: COP 1.100.000 \/ USD 600<\/strong><\/li>\n<li><strong><strong>Estudiantes de pregrado: COP 500.000 \/ USD 250<\/strong><br \/>\n<\/strong><\/li>\n<li><strong>Ponentes: COP 1.000.000 \/ USD 500<\/strong><\/li>\n<\/ul>\n<p><strong>Desde el 1 de agosto de 2015<\/strong><strong>\u00a0<\/strong><\/p>\n<ul>\n<li><strong>Asistentes en general: COP 1.100.000 \/ USD 600<\/strong><\/li>\n<li><strong>Estudiantes de pregrado: COP 500.000 \/ USD 250<\/strong><\/li>\n<li><strong>Ponentes: COP 1.000.000 \/ USD 500<\/strong><\/li>\n<\/ul>\n<p style=\"text-align: justify;\"><strong><em>**Para inscripci\u00f3n de grupos de cinco (5) o m\u00e1s personas, por favor enviar un correo electr\u00f3nico a <a href=\"mailto:administrativa@acofi.edu.co\">administrativa@acofi.edu.co<\/a><\/em><\/strong><\/p>\n<p style=\"text-align: justify;\"><strong style=\"line-height: 1.5em;\">Importante:<\/strong><span style=\"line-height: 1.5em;\"> Los pagos recibidos por concepto de inscripci\u00f3n al Encuentro Internacional de Educaci\u00f3n en Ingenier\u00eda ACOFI 2015, no son rembolsables.<\/span><\/p>\n<p><span style=\"color: #0000ff;\"><strong><span style=\"color: #0000ff;\"><a href=\"http:\/\/acofi.edu.co\/eiei2015\/pre-inscripcion\/medios-de-pago\/\">Medios de pago<\/a><\/span><\/strong><\/span><\/p>\n","protected":false},"excerpt":{"rendered":"<p>La Inscripci\u00f3n al Encuentro se har\u00e1 oficial, una vez se haya cancelado el valor de la inscripci\u00f3n de cada participante. Valor de la Inscripci\u00f3n Hasta el 31 de julio de 2015\u00a0 Miembros de ACOFI: COP 1.000.000 No miembros de ACOFI: COP 1.100.000 \/ USD 600 Estudiantes de pregrado: COP 500.000 \/ USD 250 Ponentes: COP [&hellip;]<\/p>\n","protected":false},"author":3,"featured_media":0,"parent":0,"menu_order":0,"comment_status":"open","ping_status":"open","template":"","meta":[],"_links":{"self":[{"href":"http:\/\/acofi.edu.co\/eiei2015\/wp-json\/wp\/v2\/pages\/37"}],"collection":[{"href":"http:\/\/acofi.edu.co\/eiei2015\/wp-json\/wp\/v2\/pages"}],"about":[{"href":"http:\/\/acofi.edu.co\/eiei2015\/wp-json\/wp\/v2\/types\/page"}],"author":[{"embeddable":true,"href":"http:\/\/acofi.edu.co\/eiei2015\/wp-json\/wp\/v2\/users\/3"}],"replies":[{"embeddable":true,"href":"http:\/\/acofi.edu.co\/eiei2015\/wp-json\/wp\/v2\/comments?post=37"}],"version-history":[{"count":13,"href":"http:\/\/acofi.edu.co\/eiei2015\/wp-json\/wp\/v2\/pages\/37\/revisions"}],"predecessor-version":[{"id":77,"href":"http:\/\/acofi.edu.co\/eiei2015\/wp-json\/wp\/v2\/pages\/37\/revisions\/77"}],"wp:attachment":[{"href":"http:\/\/acofi.edu.co\/eiei2015\/wp-json\/wp\/v2\/media?parent=37"}],"curies":[{"name":"wp","href":"https:\/\/api.w.org\/{rel}","templated":true}]}}