{"id":29,"date":"2014-12-08T23:17:22","date_gmt":"2014-12-08T23:17:22","guid":{"rendered":"http:\/\/acofi.edu.co\/eiei2015\/?page_id=29"},"modified":"2015-09-02T16:27:40","modified_gmt":"2015-09-02T16:27:40","slug":"invitados","status":"publish","type":"page","link":"http:\/\/acofi.edu.co\/eiei2015\/invitados\/","title":{"rendered":"Invitados"},"content":{"rendered":"<h2 style=\"text-align: justify;\"><strong>Adriana Ocampo Senior<\/strong><\/h2>\n<p style=\"text-align: justify;\"><a href=\"http:\/\/www.boeing.com\/\"><strong>Boeing<\/strong><\/a><br \/>\n<strong> Estados Unidos<\/strong><\/p>\n<p style=\"text-align: justify;\"><a href=\"http:\/\/acofi.edu.co\/eiei2015\/wp-content\/uploads\/2014\/12\/Adriana-Ocampo-Senior.jpg\"><img loading=\"lazy\" class=\"alignnone size-full wp-image-828\" src=\"http:\/\/acofi.edu.co\/eiei2015\/wp-content\/uploads\/2014\/12\/Adriana-Ocampo-Senior.jpg\" alt=\"Adriana Ocampo Senior\" width=\"300\" height=\"324\" srcset=\"http:\/\/acofi.edu.co\/eiei2015\/wp-content\/uploads\/2014\/12\/Adriana-Ocampo-Senior.jpg 300w, http:\/\/acofi.edu.co\/eiei2015\/wp-content\/uploads\/2014\/12\/Adriana-Ocampo-Senior-277x300.jpg 277w\" sizes=\"(max-width: 300px) 100vw, 300px\" \/><\/a><\/p>\n<p style=\"text-align: justify;\">Es Ingeniera Industrial de la Universidad de Missouri, con un MBA de la Universidad de Maryville en St. Louis, Missouri.<\/p>\n<p style=\"text-align: justify;\">Es actualmente la Administradora de programas BDS Mentor Prot\u00e9g\u00e9, Programa de Peque\u00f1os Negocios Oficial de Enlace (SBLO ) para la compa\u00f1\u00eda Boeing, donde dirige la planificaci\u00f3n estrat\u00e9gica y la ejecuci\u00f3n de las iniciativas del programa de Diversidad de proveedores, tiene a su cargo la responsabilidad de la asociaci\u00f3n con las Soluciones Electr\u00f3nicas y de Informaci\u00f3n (E &amp; ES) Inteligencia Systems Group (ISG) de divisi\u00f3n y organizaciones multifuncionales l\u00edderes, as\u00ed como la colaboraci\u00f3n con la industria externa, organizaciones afiliadas, agencias de clientes como el Departamento de Seguridad Nacional del Departamento de Defensa y la Oficina de Programas de Peque\u00f1os Negocios.<\/p>\n<p style=\"text-align: justify;\">Adriana es una l\u00edder excepcional y a trav\u00e9s de su experiencia profesional enriquecer\u00e1 a los asistentes al EIEI con sus aportes.<\/p>\n<h2 style=\"text-align: justify;\"><strong>Carlos Julio Cuartas Chac\u00f3n<\/strong><\/h2>\n<p style=\"text-align: justify;\"><a href=\"http:\/\/www.javeriana.edu.co\/home\"><strong>Pontificia Universidad Javeriana<\/strong><\/a><br \/>\n<strong> Colombia<\/strong><\/p>\n<p style=\"text-align: justify;\"><a href=\"http:\/\/acofi.edu.co\/eiei2015\/wp-content\/uploads\/2014\/12\/Carlos-Julio-Cuartas-Chac\u00f3n.jpg\"><img loading=\"lazy\" class=\"alignnone size-full wp-image-829\" src=\"http:\/\/acofi.edu.co\/eiei2015\/wp-content\/uploads\/2014\/12\/Carlos-Julio-Cuartas-Chac\u00f3n.jpg\" alt=\"Carlos Julio Cuartas Chac\u00f3n\" width=\"300\" height=\"395\" srcset=\"http:\/\/acofi.edu.co\/eiei2015\/wp-content\/uploads\/2014\/12\/Carlos-Julio-Cuartas-Chac\u00f3n.jpg 300w, http:\/\/acofi.edu.co\/eiei2015\/wp-content\/uploads\/2014\/12\/Carlos-Julio-Cuartas-Chac\u00f3n-227x300.jpg 227w\" sizes=\"(max-width: 300px) 100vw, 300px\" \/><\/a><\/p>\n<p style=\"text-align: justify;\">Ingeniero Civil, M.Sc. de Strathclyde University, Profesor de la Pontificia Universidad Javeriana y Miembro Vitalicio de la Sociedad Colombiana de Ingenieros. Autor del libro El Ingeniero Colombiano, Historia, Lenguaje y Profesi\u00f3n.<\/p>\n<p style=\"text-align: justify;\">Se desempe\u00f1\u00f3 como Decano Acad\u00e9mico de la Facultad de Ingenier\u00eda de la Pontificia Universidad Javeriana, fue Director de Anales de Ingenier\u00eda y Director Ejecutivo de ACOFI.<\/p>\n<h2 style=\"text-align: justify;\"><strong>Diana Espinosa Bula<\/strong><\/h2>\n<p style=\"text-align: justify;\"><a href=\"http:\/\/www.sci.org.co\/sci\/\"><strong>Sociedad Colombiana de Ingenieros<\/strong><\/a><br \/>\n<strong>Colombia<\/strong><\/p>\n<p style=\"text-align: justify;\"><a href=\"http:\/\/acofi.edu.co\/eiei2015\/wp-content\/uploads\/2014\/12\/Diana-Espinosa-Bula.jpg\"><img loading=\"lazy\" class=\"alignnone size-full wp-image-1101\" src=\"http:\/\/acofi.edu.co\/eiei2015\/wp-content\/uploads\/2014\/12\/Diana-Espinosa-Bula.jpg\" alt=\"Diana Espinosa Bula\" width=\"300\" height=\"342\" srcset=\"http:\/\/acofi.edu.co\/eiei2015\/wp-content\/uploads\/2014\/12\/Diana-Espinosa-Bula.jpg 300w, http:\/\/acofi.edu.co\/eiei2015\/wp-content\/uploads\/2014\/12\/Diana-Espinosa-Bula-263x300.jpg 263w\" sizes=\"(max-width: 300px) 100vw, 300px\" \/><\/a><\/p>\n<p style=\"text-align: justify;\">Ingeniera Civil egresada de la Escuela Colombiana de Ingenier\u00eda Julio Garavito, con especializaci\u00f3n en Saneamiento Ambiental, Maestr\u00eda en Derecho de Recursos Naturales de la Universidad Externado de Colombia y postgrado en Programa de Alta Direcci\u00f3n Empresarial del Instituto INALDE de la Universidad de la Sabana. Se ha desempe\u00f1ado profesionalmente en diferentes firmas de ingenier\u00eda y consultor\u00eda y ha ocupado cargos en el Gobierno Colombiano como asesora de la Direcci\u00f3n General del INAT entre 1996 y 1997. Subgerente General de infraestructura del Instituto Colombiano de Desarrollo Rural &#8211; INCODER de 2003 a 2004.<\/p>\n<h2><strong>Francisco Javier P\u00e9rez Trujillo<\/strong><\/h2>\n<p><a href=\"https:\/\/www.ucm.es\/\"><strong>Universidad Complutense de Madrid<\/strong><\/a><br \/>\n<strong>Espa\u00f1a<\/strong><\/p>\n<p><strong>\u00a0<a href=\"http:\/\/acofi.edu.co\/eiei2015\/wp-content\/uploads\/2014\/12\/Francisco-Javier-P\u00e9rez-Trujillo.jpg\"><img loading=\"lazy\" class=\"alignnone size-full wp-image-1058\" src=\"http:\/\/acofi.edu.co\/eiei2015\/wp-content\/uploads\/2014\/12\/Francisco-Javier-P\u00e9rez-Trujillo.jpg\" alt=\"Francisco Javier P\u00e9rez Trujillo\" width=\"300\" height=\"230\" \/><\/a><\/strong><\/p>\n<p style=\"text-align: justify;\">Director de la Oficina de Transferencia de Resultados de Investigaci\u00f3n de la Universidad Complutense de Madrid (UCM), entidad creada como un organismo de interfaz entre la Universidad y la Empresa con el objetivo fundamental de favorecer las relaciones entre ambos sectores, promoviendo la transferencia de la oferta cient\u00edfico-t\u00e9cnica universitaria al sector productivo. Director del Grupo de Investigaci\u00f3n Ingenier\u00eda de Superficies y Materiales Nanoestructurados de la Facultad de Qu\u00edmicas de la UCM.<\/p>\n<h2 style=\"text-align: justify;\"><strong>Iring Wasser<\/strong><\/h2>\n<p style=\"text-align: justify;\"><a href=\"http:\/\/www.asiin-ev.de\/pages\/en\/asiin-e.-v.php\"><strong>ASIIN<\/strong><\/a><br \/>\n<strong> Alemania<\/strong><\/p>\n<p style=\"text-align: justify;\"><a href=\"http:\/\/acofi.edu.co\/eiei2015\/wp-content\/uploads\/2014\/12\/Iring-Wasser.jpg\"><img loading=\"lazy\" class=\"alignnone size-full wp-image-830\" src=\"http:\/\/acofi.edu.co\/eiei2015\/wp-content\/uploads\/2014\/12\/Iring-Wasser.jpg\" alt=\"Interview: Pr\u00fcfsiegel f\u00fcr Studieng\u00e4nge\" width=\"300\" height=\"458\" srcset=\"http:\/\/acofi.edu.co\/eiei2015\/wp-content\/uploads\/2014\/12\/Iring-Wasser.jpg 300w, http:\/\/acofi.edu.co\/eiei2015\/wp-content\/uploads\/2014\/12\/Iring-Wasser-196x300.jpg 196w\" sizes=\"(max-width: 300px) 100vw, 300px\" \/><\/a><\/p>\n<p style=\"text-align: justify;\">Es el Presidente de la ENAEE (Red Europea para la Acreditaci\u00f3n de la Educaci\u00f3n en Ingenier\u00eda) Comit\u00e9 Label EUR-ACE y miembro del Consejo de Administraci\u00f3n de ENAEE. Desde el 2006 representa ASIIN en la Asociaci\u00f3n Red Tem\u00e1tica de Qu\u00edmica Europea. Es Vicepresidente de la CEE Red Acreditaci\u00f3n Europea Central y Oriental. Ha sido miembro de los Consejos de Proyecto de numerosos proyectos financiados por la UE en el campo de la ingenier\u00eda. Durante los \u00faltimos dos a\u00f1os ha sido el director de proyecto de la Inform\u00e1tica y Proyectos europeos Geolog\u00eda, y proyectos TEMPUS.<\/p>\n<p style=\"text-align: justify;\">Con su experiencia ha acompa\u00f1ado numerosos proyectos de consultor\u00eda en el campo de la garant\u00eda de la calidad y la acreditaci\u00f3n.<\/p>\n<h2 style=\"text-align: justify;\"><strong>James W. Pellegrino<\/strong><\/h2>\n<p class=\"r\" style=\"text-align: justify;\"><a href=\"https:\/\/www.uic.edu\/\"><strong>University of Illinois at Chicago<\/strong><\/a><br \/>\n<strong> Estados Unidos<\/strong><\/p>\n<p class=\"r\" style=\"text-align: justify;\"><a href=\"http:\/\/acofi.edu.co\/eiei2015\/wp-content\/uploads\/2014\/12\/Jim-Pellegrino.jpg\"><img loading=\"lazy\" class=\"alignnone size-full wp-image-831\" src=\"http:\/\/acofi.edu.co\/eiei2015\/wp-content\/uploads\/2014\/12\/Jim-Pellegrino.jpg\" alt=\"James Pellegrino\" width=\"300\" height=\"409\" srcset=\"http:\/\/acofi.edu.co\/eiei2015\/wp-content\/uploads\/2014\/12\/Jim-Pellegrino.jpg 300w, http:\/\/acofi.edu.co\/eiei2015\/wp-content\/uploads\/2014\/12\/Jim-Pellegrino-220x300.jpg 220w\" sizes=\"(max-width: 300px) 100vw, 300px\" \/><\/a><\/p>\n<p style=\"text-align: justify;\">Profesor Distinguido en Artes Liberales y Ciencias y Profesor Distinguido de Educaci\u00f3n de la Universidad de Illinois en Chicago. Se desempe\u00f1a como Co-director del Instituto de Investigaci\u00f3n de Ciencias del aprendizaje interdisciplinario de la UIC. Sus temas de investigaci\u00f3n se centran en el pensamiento y el aprendizaje de ni\u00f1os y adultos, las implicaciones de la investigaci\u00f3n cognitiva, la teor\u00eda de la evaluaci\u00f3n y la practica educativa. Su trabajo actual se centra principalmente en el an\u00e1lisis de aprendizaje complejo y entornos educativos, incluidos los que incorporen herramientas de tecnolog\u00eda de informaci\u00f3n de gran alcance, con el objetivo de comprender mejor la naturaleza del aprendizaje de los estudiantes y de las condiciones que mejoran la comprensi\u00f3n profunda.\u00a0 Autor y coautor de m\u00e1s de 300 libros, cap\u00edtulos de revistas e informes en el \u00e1rea de cognici\u00f3n, ense\u00f1anza y evaluaci\u00f3n.<\/p>\n<p style=\"text-align: justify;\">Actualmente el doctor Pellegrino es miembro de los Comit\u00e9s T\u00e9cnicos Consultivos (TAC) de varios estados, as\u00ed como los TAC de los consorcios SBAC, PARCC, DLM, y NCSC de estados financiados por el Race USDOE a la iniciativa de evaluaci\u00f3n superior.<\/p>\n<h2 style=\"text-align: justify;\"><strong>Jorge Del R\u00edo Cortina<\/strong><\/h2>\n<p><a href=\"http:\/\/www.cueecaribe.org\/web\/\"><strong>Comit\u00e9 Universidad &#8211; Empresa &#8211; Estado<\/strong><\/a><br \/>\n<strong>Colombia<\/strong><\/p>\n<p><a href=\"http:\/\/acofi.edu.co\/eiei2015\/wp-content\/uploads\/2014\/12\/Jorge-Del-R\u00edo-Cortina.jpeg\"><img loading=\"lazy\" class=\"alignnone size-full wp-image-1117\" src=\"http:\/\/acofi.edu.co\/eiei2015\/wp-content\/uploads\/2014\/12\/Jorge-Del-R\u00edo-Cortina.jpeg\" alt=\"Jorge Del R\u00edo Cortina\" width=\"300\" height=\"406\" srcset=\"http:\/\/acofi.edu.co\/eiei2015\/wp-content\/uploads\/2014\/12\/Jorge-Del-R\u00edo-Cortina.jpeg 300w, http:\/\/acofi.edu.co\/eiei2015\/wp-content\/uploads\/2014\/12\/Jorge-Del-R\u00edo-Cortina-221x300.jpeg 221w\" sizes=\"(max-width: 300px) 100vw, 300px\" \/><\/a><\/p>\n<p style=\"text-align: justify;\">Mag\u00edster en Administraci\u00f3n (MBA) con \u00e9nfasis en Estrategia y Pol\u00edtica de Empresa, Instituto Tecnol\u00f3gico de Estudios Superiores de Monterrey &#8211; UNAB.\u00a0Administrador de Empresas de la Universidad de Cartagena. Actualmente es Director de Investigaci\u00f3n e Innovaci\u00f3n en la Universidad Tecnol\u00f3gica de Bol\u00edvar. Miembro del Instituto de Estudios para el Desarrollo \u2013 IDE reconocido por COLCIENCIAS.<\/p>\n<p style=\"text-align: justify;\">Amplia\u00a0experiencia en las \u00e1reas de Mercadeo Comercial y Log\u00edstica con \u00e9nfasis en el manejo adecuado de recursos, generaci\u00f3n de planes e ideas, dise\u00f1o de rutas de atenci\u00f3n y evaluaci\u00f3n de resultados. Autor de publicaciones cient\u00edficas. Experiencia en el sector educativo, privado, gesti\u00f3n de proyectos y en Consultor\u00eda y asesor\u00eda organizacional.<\/p>\n<h2 class=\"r\" style=\"text-align: justify;\"><strong>Natalia Ariza Ram\u00edrez<\/strong><\/h2>\n<p class=\"r\" style=\"text-align: justify;\"><a href=\"http:\/\/www.mineducacion.gov.co\/1621\/w3-channel.html\"><strong>Ministerio de Educaci\u00f3n Nacional<\/strong><\/a><br \/>\n<strong> Colombia<\/strong><\/p>\n<p class=\"r\" style=\"text-align: justify;\"><a href=\"http:\/\/acofi.edu.co\/eiei2015\/wp-content\/uploads\/2014\/12\/Natalia-Ariza.jpg\"><img loading=\"lazy\" class=\"alignnone size-full wp-image-832\" src=\"http:\/\/acofi.edu.co\/eiei2015\/wp-content\/uploads\/2014\/12\/Natalia-Ariza.jpg\" alt=\"Natalia Ariza\" width=\"300\" height=\"348\" srcset=\"http:\/\/acofi.edu.co\/eiei2015\/wp-content\/uploads\/2014\/12\/Natalia-Ariza.jpg 300w, http:\/\/acofi.edu.co\/eiei2015\/wp-content\/uploads\/2014\/12\/Natalia-Ariza-258x300.jpg 258w\" sizes=\"(max-width: 300px) 100vw, 300px\" \/><\/a><\/p>\n<p style=\"text-align: justify;\">Es economista de la universidad Nacional de Colombia con Maestr\u00eda en Ciencias Econ\u00f3micas de la misma IES. Su tesis de maestr\u00eda vers\u00f3 sobre la educaci\u00f3n t\u00e9cnica y tecnol\u00f3gica: necesidad, calidad y rentabilidad.<\/p>\n<p style=\"text-align: justify;\">En el campo laboral fue Asistente de Investigaci\u00f3n de la Universidad Nacional de Colombia; Consultora Analista de Informaci\u00f3n en PNUD-DNP (Programa Nacional de Desarrollo Humano); Subdirectora de Empleo y Seguridad Social del Departamento Nacional de Planeaci\u00f3n y Directora General de Promoci\u00f3n del Trabajo en el Ministerio de Protecci\u00f3n Social.<\/p>\n<p style=\"text-align: justify;\">Es experta en el dise\u00f1o, ejecuci\u00f3n, seguimiento y evaluaci\u00f3n de pol\u00edticas p\u00fablicas en los sectores de educaci\u00f3n, y formaci\u00f3n para el trabajo y empleo, estuvo acompa\u00f1ando a Gina Parody en el SENA en 2013 y actualmente tiene el reto de trabajar desde el Viceministerio por la consolidaci\u00f3n y el mejoramiento de la Educaci\u00f3n Superior en nuestro pa\u00eds.<\/p>\n<h2 style=\"text-align: justify;\"><strong>Rub\u00e9n Dar\u00edo Ochoa Arbel\u00e1ez<\/strong><\/h2>\n<p style=\"text-align: justify;\"><a href=\"https:\/\/copnia.gov.co\/\"><strong>COPNIA<\/strong><\/a><br \/>\n<strong> Colombia<\/strong><\/p>\n<p style=\"text-align: justify;\"><a href=\"http:\/\/acofi.edu.co\/eiei2015\/wp-content\/uploads\/2014\/12\/Rub\u00e9n-Dar\u00edo-Ochoa.jpg\"><img loading=\"lazy\" class=\"alignnone size-full wp-image-1103\" src=\"http:\/\/acofi.edu.co\/eiei2015\/wp-content\/uploads\/2014\/12\/Rub\u00e9n-Dar\u00edo-Ochoa.jpg\" alt=\"Rub\u00e9n Dar\u00edo Ochoa\" width=\"300\" height=\"410\" srcset=\"http:\/\/acofi.edu.co\/eiei2015\/wp-content\/uploads\/2014\/12\/Rub\u00e9n-Dar\u00edo-Ochoa.jpg 300w, http:\/\/acofi.edu.co\/eiei2015\/wp-content\/uploads\/2014\/12\/Rub\u00e9n-Dar\u00edo-Ochoa-219x300.jpg 219w\" sizes=\"(max-width: 300px) 100vw, 300px\" \/><\/a><\/p>\n<p style=\"text-align: justify;\">Ingeniero Civil de la Universidad La Gran Colombia, Especialista en seguridad industrial higiene y gesti\u00f3n ambiental de Uniagraria, Maestr\u00eda en ingenier\u00eda civil con \u00e9nfasis ambiental de la Escuela Colombiana de Ingenier\u00eda. Fue Decano de la Facultad de Ingenier\u00eda y Director del Programa de Ingenier\u00eda Civil en Uniagraria, durante m\u00e1s de 8 a\u00f1os y con amplia experiencia profesional en el \u00e1rea ambiental en calidad de asesor y consultor en diferentes regiones del pa\u00eds.<\/p>\n<h2 style=\"text-align: justify;\"><strong>Ximena Due\u00f1as Herrera<\/strong><\/h2>\n<p style=\"text-align: justify;\"><a href=\"http:\/\/www.icfes.gov.co\/\"><strong>ICFES<\/strong><\/a><br \/>\n<strong> Colombia<\/strong><\/p>\n<p style=\"text-align: justify;\"><a href=\"http:\/\/acofi.edu.co\/eiei2015\/wp-content\/uploads\/2014\/12\/Ximena-Due\u00f1as-Herrera.jpg\"><img loading=\"lazy\" class=\"alignnone size-full wp-image-833\" src=\"http:\/\/acofi.edu.co\/eiei2015\/wp-content\/uploads\/2014\/12\/Ximena-Due\u00f1as-Herrera.jpg\" alt=\"Ximena Due\u00f1as Herrera\" width=\"300\" height=\"450\" srcset=\"http:\/\/acofi.edu.co\/eiei2015\/wp-content\/uploads\/2014\/12\/Ximena-Due\u00f1as-Herrera.jpg 300w, http:\/\/acofi.edu.co\/eiei2015\/wp-content\/uploads\/2014\/12\/Ximena-Due\u00f1as-Herrera-200x300.jpg 200w\" sizes=\"(max-width: 300px) 100vw, 300px\" \/><\/a><\/p>\n<p style=\"text-align: justify;\">Economista de la Universidad de los Andes, M\u00e1ster en Asuntos Internacionales de Columbia University y PhD en Econom\u00eda y Educaci\u00f3n de la misma Instituci\u00f3n.<\/p>\n<p style=\"text-align: justify;\">Ximena Due\u00f1as viene de ejercer cargos directivos en el sector educativo, se ha desempe\u00f1ado como docente y directiva de la Universidad Icesi en Cali. Ha sido Directora del Programa de Econom\u00eda con \u00e9nfasis en Pol\u00edticas P\u00fablicas, Directora del Observatorio de Pol\u00edticas P\u00fablicas \u2013 Polis, Jefe de Departamento de Econom\u00eda, y Profesora Asistente de la Universidad Icesi. As\u00ed mismo trabaj\u00f3 como Graduate Assistant y Teaching Assistant en Columbia University.<\/p>\n<p style=\"text-align: justify;\">Ha sido docente en diversas c\u00e1tedras, ha escrito art\u00edculos en revistas arbitradas, ha dirigido varios proyectos de grado y ha hecho presentaciones en diferentes escenarios del entorno educativo. Entre sus proyectos de investigaci\u00f3n podemos destacar la comparaci\u00f3n de los resultados en las pruebas Saber 11 de los colegios p\u00fablicos, privados, y contratados en Cali, y el an\u00e1lisis del programa de seguimiento a estudiantes readmitidos en Icesi. Los resultados de estos trabajos han sido presentados en la conferencia anual de la Comparative and International Education Society y en la Asociaci\u00f3n de Econom\u00eda de la Educaci\u00f3n.<\/p>\n","protected":false},"excerpt":{"rendered":"<p>Adriana Ocampo Senior Boeing Estados Unidos Es Ingeniera Industrial de la Universidad de Missouri, con un MBA de la Universidad de Maryville en St. Louis, Missouri. Es actualmente la Administradora de programas BDS Mentor Prot\u00e9g\u00e9, Programa de Peque\u00f1os Negocios Oficial de Enlace (SBLO ) para la compa\u00f1\u00eda Boeing, donde dirige la planificaci\u00f3n estrat\u00e9gica y la [&hellip;]<\/p>\n","protected":false},"author":3,"featured_media":0,"parent":0,"menu_order":0,"comment_status":"open","ping_status":"open","template":"","meta":[],"_links":{"self":[{"href":"http:\/\/acofi.edu.co\/eiei2015\/wp-json\/wp\/v2\/pages\/29"}],"collection":[{"href":"http:\/\/acofi.edu.co\/eiei2015\/wp-json\/wp\/v2\/pages"}],"about":[{"href":"http:\/\/acofi.edu.co\/eiei2015\/wp-json\/wp\/v2\/types\/page"}],"author":[{"embeddable":true,"href":"http:\/\/acofi.edu.co\/eiei2015\/wp-json\/wp\/v2\/users\/3"}],"replies":[{"embeddable":true,"href":"http:\/\/acofi.edu.co\/eiei2015\/wp-json\/wp\/v2\/comments?post=29"}],"version-history":[{"count":30,"href":"http:\/\/acofi.edu.co\/eiei2015\/wp-json\/wp\/v2\/pages\/29\/revisions"}],"predecessor-version":[{"id":1281,"href":"http:\/\/acofi.edu.co\/eiei2015\/wp-json\/wp\/v2\/pages\/29\/revisions\/1281"}],"wp:attachment":[{"href":"http:\/\/acofi.edu.co\/eiei2015\/wp-json\/wp\/v2\/media?parent=29"}],"curies":[{"name":"wp","href":"https:\/\/api.w.org\/{rel}","templated":true}]}}