{"id":21,"date":"2014-12-08T23:16:29","date_gmt":"2014-12-08T23:16:29","guid":{"rendered":"http:\/\/acofi.edu.co\/eiei2015\/?page_id=21"},"modified":"2015-08-11T12:30:23","modified_gmt":"2015-08-11T12:30:23","slug":"ejes-tematicos-ponencias","status":"publish","type":"page","link":"http:\/\/acofi.edu.co\/eiei2015\/ejes-tematicos-ponencias\/","title":{"rendered":"Categor\u00edas de participaci\u00f3n"},"content":{"rendered":"<p style=\"text-align: justify;\">Las siguientes son las categor\u00edas en las cuales puede participar:<\/p>\n<ol style=\"text-align: justify;\">\n<ol style=\"text-align: justify;\">\n<li>Trabajos sobre ense\u00f1anza de la ingenier\u00eda<\/li>\n<li>Avances en investigaci\u00f3n<\/li>\n<li><a href=\"http:\/\/acofi.edu.co\/eiei2015\/reunion-de-estudiantes\/\">Trabajos de los estudiantes<\/a><\/li>\n<li>Reuni\u00f3n de decanos de ingenier\u00eda<\/li>\n<\/ol>\n<\/ol>\n<p>&nbsp;<\/p>\n<h2 style=\"text-align: left;\"><strong> 1.\u00a0<\/strong><strong>Trabajos sobre ense\u00f1anza de la ingenier\u00eda<\/strong><\/h2>\n<p style=\"text-align: justify;\">Como ha sido tradici\u00f3n, en el EIEI ACOFI 2015 se expondr\u00e1n las experiencias de las facultades, escuelas y programas de ingenier\u00eda, en los \u00e1mbitos de los modelos de ense\u00f1anza-aprendizaje, las propuestas curriculares, los procesos de aseguramiento de la calidad, entre otros.<\/p>\n<h3 style=\"text-align: justify;\"><strong><em>Ejes tem\u00e1ticos<\/em><\/strong><\/h3>\n<p style=\"text-align: left;\"><span style=\"color: #fbaf3f;\"><strong>1.1 Prospectiva en la ense\u00f1anza de la ingenier\u00eda<\/strong><\/span><\/p>\n<p style=\"text-align: justify;\">La forma de ense\u00f1ar, la din\u00e1mica de los curr\u00edculos, el aporte de las TIC, la interdisciplinariedad, las diferentes y diversas habilidades de los estudiantes, entre otras cuestiones, hacen que la ense\u00f1anza y el aprendizaje exijan estrategias, herramientas y din\u00e1micas que permitan responder a la necesidad de tener mejores ingenieros. En este eje se analizar\u00e1n\u00a0diferentes alternativas sobre el mejoramiento de\u00a0la educaci\u00f3n de los futuros ingenieros, teniendo en cuenta el contexto en el que se desarrolla, la disponibilidad de tecnolog\u00eda, los recursos y el talento de profesores y estudiantes.<\/p>\n<p style=\"text-align: left;\"><span style=\"color: #fbaf3f;\"><strong>1.2 Internacionalizaci\u00f3n de los curr\u00edculos de ingenier\u00eda<\/strong><\/span><\/p>\n<p style=\"text-align: justify;\">Hablar de internacionalizaci\u00f3n de los curr\u00edculos abarca un gran espectro que puede ir desde la movilidad de profesores, personal administrativo y estudiantes, hasta la orientaci\u00f3n de los curr\u00edculos hacia modelos de formaci\u00f3n globales. En este eje se abordar\u00e1n los modos como las facultades, escuelas y programas de ingenier\u00eda deben enfrentar\u00a0los retos que impone la globalizaci\u00f3n, incorpor\u00e1ndolos a su quehacer.<\/p>\n<p style=\"text-align: left;\"><span style=\"color: #fbaf3f;\"><strong>1.3 Evaluaci\u00f3n de la ense\u00f1anza de la ingenier\u00eda<\/strong><\/span><\/p>\n<p style=\"text-align: justify;\">Se puede afirmar que la evaluaci\u00f3n ha pasado una transici\u00f3n de ser un ejercicio de control a convertirse en un factor de gesti\u00f3n en el que se cuenta con datos e indicadores medibles y entendibles que reflejan la calidad de una facultad de ingenier\u00eda. En este eje se abordar\u00e1 la evaluaci\u00f3n como un aporte fundamental para medir el aprendizaje con resultados estructurados y tangibles, y el modo como \u00e9sta contribuye al rigor de lo que se hace en las facultades de ingenier\u00eda. En este eje se analizar\u00e1 la incidencia de la evaluaci\u00f3n en la formaci\u00f3n de ingenieros y de qu\u00e9 manera sus resultados deben ser un instrumento para diagnosticar la calidad.<\/p>\n<h3 style=\"text-align: left;\"><strong><em>Metodolog\u00eda<\/em><\/strong><\/h3>\n<p style=\"text-align: justify;\">Los trabajos presentados ser\u00e1n expuestos \u00fanicamente en forma oral, en los horarios especificados. De acuerdo con el correspondiente eje tem\u00e1tico los trabajos se organizar\u00e1n en grupos de 4 y ser\u00e1n expuestos durante las sesiones paralelas concluyendo con un debate entre los expositores dentro del tiempo disponible.<\/p>\n<h3 style=\"text-align: left;\"><strong><em>Como enviar su resumen<\/em><\/strong><\/h3>\n<ul style=\"text-align: justify;\">\n<li>Prepare su resumen (la extensi\u00f3n m\u00e1xima es de 500 palabras)<\/li>\n<li>Despu\u00e9s del 19 de enero de 2015, acceda al sitio web <a href=\"http:\/\/www.acofipapers.org\">acofipapers.org<\/a><\/li>\n<li>Reg\u00edstrese en el sistema si a\u00fan no est\u00e1 registrado en \u00e9l<\/li>\n<li>Copie y pegue el texto del resumen en el recuadro apropiado (no necesita adjuntar ning\u00fan documento\/archivo en esta etapa)<\/li>\n<\/ul>\n<p style=\"text-align: justify;\">Se recomienda que este proceso lo realice el autor principal del trabajo, pues quien inicia el proceso es el \u00fanico contacto entre ACOFI y el trabajo a presentar.<\/p>\n<p style=\"text-align: left;\"><strong><em>Convocatoria dirigida a<\/em><\/strong><\/p>\n<ul style=\"text-align: justify;\">\n<li>Directivos, profesores, estudiantes y personal administrativo de las facultades, escuelas o programas de ingenier\u00eda.<\/li>\n<li>Grupos de investigaci\u00f3n de facultades, escuelas o programas de ingenier\u00eda.<\/li>\n<li>Representantes del sector empresarial y del gobierno que hayan desarrollado trabajos relacionados con el tema del Encuentro<\/li>\n<\/ul>\n<p style=\"text-align: justify;\"><em>Los mejores trabajos, seleccionados por los evaluadores, ser\u00e1n los ganadores de los Premios ACOFI 2015.<\/em><\/p>\n<h3 style=\"text-align: justify;\"><strong><em>Res\u00famenes Aceptados<\/em><\/strong><\/h3>\n<p style=\"text-align: justify;\">Consulte\u00a0aqu\u00ed el listado de res\u00famenes aprobados para el Encuentro<\/p>\n<p style=\"text-align: justify;\"><strong><a href=\"http:\/\/acofi.edu.co\/eiei2015\/wp-content\/uploads\/2014\/12\/Listado-aprobados-ense\u00f1anza-web.pdf\">Res\u00famenes Aprobados<\/a><\/strong><\/p>\n<h3 style=\"text-align: justify;\"><strong><em>Instructivo para la presentaci\u00f3n del trabajo completo<\/em><\/strong><\/h3>\n<p style=\"text-align: justify;\">Consulte aqu\u00ed el instructivo para la elaboraci\u00f3n y posterior subida a la plataforma del trabajo en extenso. Solicitamos una lectura detalla de este instructivo.<\/p>\n<p style=\"text-align: justify;\"><strong><a href=\"http:\/\/acofi.edu.co\/eiei2015\/wp-content\/uploads\/2014\/12\/Instructivo-presentaci\u00f3n-trabajo-completo-2015.pdf\">Instructivo presentaci\u00f3n trabajo completo<\/a><\/strong><\/p>\n<h3 style=\"text-align: justify;\"><em><strong>Trabajos Aceptados<\/strong><\/em><\/h3>\n<p style=\"text-align: justify;\">Publicamos la lista final de trabajos sobre ense\u00f1anza de la ingenier\u00eda\u00a0que estar\u00e1n en la agenda del encuentro<\/p>\n<p style=\"text-align: justify;\"><strong><a href=\"http:\/\/acofi.edu.co\/eiei2015\/wp-content\/uploads\/2014\/12\/Listado-final-ense\u00f1anza-web1.pdf\">Listado final de trabajos<\/a><\/strong><\/p>\n<h3 style=\"text-align: justify;\"><em><strong>Horarios Presentaciones Orales<\/strong><\/em><\/h3>\n<p style=\"text-align: justify;\">Consulte la fecha, la hora y la sala correspondiente\u00a0en la cual se presentar\u00e1 su trabajo.<\/p>\n<p style=\"text-align: justify;\"><strong><a href=\"http:\/\/acofi.edu.co\/eiei2015\/wp-content\/uploads\/2014\/12\/Horarios_es-corregido.pdf\">Horarios Presentaciones Orales<\/a><\/strong><\/p>\n<h3 style=\"text-align: justify;\"><strong><em>Derechos de autor<\/em><\/strong><\/h3>\n<p style=\"text-align: justify;\">Todos los trabajos ser\u00e1n compilados en las memorias del Encuentro. Esta publicaci\u00f3n ser\u00e1 realizada por la Asociaci\u00f3n Colombiana de Ingenier\u00eda, ACOFI, dando los cr\u00e9ditos correspondientes a todos los autores. Dicha publicaci\u00f3n no implica ning\u00fan reconocimiento en dinero para los autores.<\/p>\n<p style=\"text-align: justify;\">La responsabilidad del contenido de las ponencias es de los autores, adem\u00e1s, se deber\u00e1 contar con la autorizaci\u00f3n respectiva para la reproducci\u00f3n de cualquier ilustraci\u00f3n, texto, tabla o figura, tomados de otros autores y\/o fuentes. ACOFI no asume responsabilidad por las opiniones expresadas en los documentos publicados. Una vez la ponencia es aceptada, los autores deber\u00e1n suministrar a la Asociaci\u00f3n, su autorizaci\u00f3n de publicaci\u00f3n por escrito (ver formato).<\/p>\n<p style=\"text-align: justify;\"><strong><a href=\"http:\/\/acofi.edu.co\/eiei2015\/wp-content\/uploads\/2014\/12\/Carta-de-derechos-2015.docx\">Formato Carta de derechos<\/a><\/strong><\/p>\n<h3 style=\"text-align: left;\"><em><strong>Fechas importantes<\/strong><\/em><\/h3>\n<ul style=\"text-align: justify;\">\n<li>19 de enero de 2015: El sistema se abre para la presentaci\u00f3n de res\u00famenes<\/li>\n<li>30 de abril de 2015: Fecha l\u00edmite para la presentaci\u00f3n de res\u00famenes<\/li>\n<li>15 de mayo de 2015: Publicaci\u00f3n de res\u00famenes aceptados y rechazados<\/li>\n<li>26 de junio de 2015: Fecha l\u00edmite para la presentaci\u00f3n del trabajo completo<\/li>\n<li>24 de julio de 2015: Fecha l\u00edmite para el registro de los autores<\/li>\n<\/ul>\n<h2 style=\"text-align: left;\"><strong><br \/>\n2. Avances en investigaci\u00f3n<\/strong><\/h2>\n<p style=\"text-align: justify;\">En el marco del EIEI ACOFI 2015, se abordar\u00e1n los siguientes temas de inter\u00e9s para la ingenier\u00eda, en los que se expondr\u00e1n experiencias de la universidad y de la empresa:<\/p>\n<p style=\"text-align: left;\"><span style=\"color: #fbaf3f;\"><strong>2.1 Desarrollo sostenible<\/strong><\/span><\/p>\n<p style=\"text-align: left;\"><span style=\"color: #fbaf3f;\"><strong>2.2 Infraestructura de ciudades (Smart cities)<\/strong><\/span><\/p>\n<p style=\"text-align: left;\"><span style=\"color: #fbaf3f;\"><strong>2.3 Log\u00edstica<\/strong><\/span><\/p>\n<p style=\"text-align: left;\"><span style=\"color: #fbaf3f;\"><strong>2.4 Materiales<\/strong><\/span><\/p>\n<h3 style=\"text-align: left;\"><strong><em>Metodolog\u00eda<\/em><\/strong><\/h3>\n<p style=\"text-align: justify;\">Cada tema ser\u00e1 abordado de la siguiente manera:<strong>\u00a0<\/strong><\/p>\n<ul style=\"text-align: justify;\">\n<li>Martes 15 de septiembre de 2015. Para cada tema tendr\u00e1 lugar un taller te\u00f3rico-pr\u00e1ctico en el que se socializar\u00e1n las experiencias de investigaci\u00f3n aprobadas por el comit\u00e9 organizador y se realizar\u00e1 un debate alrededor del tema propuesto y de las experiencias presentadas.<\/li>\n<li>Mi\u00e9rcoles 16 de septiembre y jueves 17 de septiembre. De acuerdo con la agenda definitiva, dos de los temas se presentar\u00e1n en un Panel por d\u00eda, en el que se reflexionar\u00e1 acerca del mismo con la participaci\u00f3n de expertos de la academia y las empresas.<\/li>\n<li>Mi\u00e9rcoles 16 de septiembre y jueves 17 de septiembre. Socializaci\u00f3n de p\u00f3steres.<\/li>\n<\/ul>\n<h3 style=\"text-align: left;\"><strong><em>Criterios de participaci\u00f3n<\/em><\/strong><\/h3>\n<p style=\"text-align: justify;\">Cada experiencia de investigaci\u00f3n debe enviar al correo electr\u00f3nico <a href=\"mailto:eiei@acofi.edu.co\">eiei@acofi.edu.co<\/a> un informe de cinco (5) p\u00e1ginas como m\u00e1ximo, de acuerdo con el tema planteado, en formato Microsoft Word, que contenga los aspectos m\u00e1s relevantes sobre la investigaci\u00f3n propuesta. Se debe especificar el tema al cual pertenece.<\/p>\n<p style=\"text-align: justify;\">Los trabajos seleccionados ser\u00e1n presentados en el Taller del d\u00eda 15 de septiembre y expuestos en forma de p\u00f3ster en el Centro de Convenciones.<\/p>\n<p style=\"text-align: justify;\">Los criterios de evaluaci\u00f3n son los siguientes:<\/p>\n<ul style=\"text-align: justify;\">\n<li>Correspondencia con una investigaci\u00f3n.<\/li>\n<li>Coherencia con uno de los t\u00f3picos propuestos<\/li>\n<li>Creatividad<\/li>\n<li>Contenido relevante<\/li>\n<li>Factibilidad de implementaci\u00f3n, planeaci\u00f3n, y alcance<\/li>\n<\/ul>\n<p style=\"text-align: justify;\">A los trabajos seleccionados se les solicitar\u00e1 el dise\u00f1o de un p\u00f3ster que debe cumplir con los par\u00e1metros de coherencia, factibilidad y posibilidad de implementaci\u00f3n, adem\u00e1s de unas especificaciones prestablecidas que se dar\u00e1n a conocer oportunamente. Los p\u00f3steres ser\u00e1n expuestos durante los d\u00edas 16, 17 y 18 de septiembre en el Centro de Convenciones de Cartagena.<\/p>\n<p style=\"text-align: justify;\">Esta propuesta se orienta al logro de una mejor interacci\u00f3n entre los participantes. Por lo tanto, la presentaci\u00f3n debe contar con elementos pr\u00e1cticos para los talleres y los paneles.<\/p>\n<h3 style=\"text-align: left;\"><strong><em>Convocatoria dirigida a<\/em><\/strong><\/h3>\n<ul style=\"text-align: justify;\">\n<li>Directivos, profesores, estudiantes y personal administrativo de las facultades, escuelas o programas de ingenier\u00eda que investiguen en alguno de los temas planteados.<\/li>\n<li>Grupos de investigaci\u00f3n de facultades, escuelas o programas de ingenier\u00eda.<\/li>\n<li>Representantes del sector empresarial y del gobierno que est\u00e9n desarrollando investigaciones relacionadas con los t\u00f3picos propuestos.<\/li>\n<\/ul>\n<h3 style=\"text-align: left;\"><strong><em>Avances Aprobados<\/em><\/strong><\/h3>\n<p>Consulte aqu\u00ed\u00a0el listado de avances en investigaci\u00f3n aprobados para el Encuentro<\/p>\n<p><strong><a href=\"http:\/\/acofi.edu.co\/eiei2015\/wp-content\/uploads\/2014\/12\/Listado-avances-aprobados.pdf\">Listado avances aprobados<\/a><\/strong><\/p>\n<h3><em><strong>Listado de Avances en Investigaci\u00f3n Final<\/strong><\/em><\/h3>\n<p>Publicamos la lista final de Avances en Investigaci\u00f3n\u00a0que estar\u00e1n en la agenda del encuentro<\/p>\n<p><strong><a href=\"http:\/\/acofi.edu.co\/eiei2015\/wp-content\/uploads\/2014\/12\/Listado-avances-definitivo.pdf\">Listado avances final<\/a><\/strong><\/p>\n<h3 style=\"text-align: left;\"><strong><em>Instructivos y formatos<\/em><\/strong><\/h3>\n<p>Puede descargar aqu\u00ed los instructivos necesarios para la presentaci\u00f3n del documento en extenso y para la presentaci\u00f3n del p\u00f3ster.<\/p>\n<p><strong><a href=\"http:\/\/acofi.edu.co\/eiei2015\/wp-content\/uploads\/2014\/12\/Instructivo-presentaci\u00f3n-trabajo-completo-2015-Avances.pdf\">Formato presentaci\u00f3n trabajo completo &#8211; Avances en Investigaci\u00f3n<\/a><\/strong><\/p>\n<p><a href=\"http:\/\/acofi.edu.co\/eiei2015\/wp-content\/uploads\/2014\/12\/Instructivo_posteres_2015_avn.pdf\"><strong>Instructivo para presentaci\u00f3n de p\u00f3steres<\/strong><\/a><\/p>\n<h3 style=\"text-align: justify;\"><strong><em>Derechos de autor<\/em><\/strong><\/h3>\n<p style=\"text-align: justify;\">Todos los trabajos ser\u00e1n compilados en las memorias del Encuentro. Esta publicaci\u00f3n ser\u00e1 realizada por la Asociaci\u00f3n Colombiana de Ingenier\u00eda, ACOFI, dando los cr\u00e9ditos correspondientes a todos los autores. Dicha publicaci\u00f3n no implica ning\u00fan reconocimiento en dinero para los autores.<\/p>\n<p style=\"text-align: justify;\">La responsabilidad del contenido de las ponencias es de los autores, adem\u00e1s, se deber\u00e1 contar con la autorizaci\u00f3n respectiva para la reproducci\u00f3n de cualquier ilustraci\u00f3n, texto, tabla o figura, tomados de otros autores y\/o fuentes. ACOFI no asume responsabilidad por las opiniones expresadas en los documentos publicados. Una vez la ponencia es aceptada, los autores deber\u00e1n suministrar a la Asociaci\u00f3n, su autorizaci\u00f3n de publicaci\u00f3n por escrito (ver formato).<\/p>\n<p style=\"text-align: justify;\"><strong><a href=\"http:\/\/acofi.edu.co\/eiei2015\/wp-content\/uploads\/2014\/12\/Carta-de-derechos-2015.docx\">Formato Carta de derechos<\/a><\/strong><\/p>\n<h3 style=\"text-align: left;\"><strong><em>Fechas importantes<\/em><\/strong><\/h3>\n<ul>\n<li style=\"text-align: justify;\">19 de enero de 2015: se abre la convocatoria para la presentaci\u00f3n de los avances de investigaci\u00f3n<\/li>\n<li style=\"text-align: justify;\">30 de abril de 2015: Fecha l\u00edmite para la presentaci\u00f3n de los avances de investigaci\u00f3n<\/li>\n<li style=\"text-align: justify;\">15 de mayo de 2015: Publicaci\u00f3n de trabajos aceptados<\/li>\n<li style=\"text-align: justify;\">9 al 12 de junio de 2015: Env\u00edo de\u00a0recomendaciones para el ajuste del trabajo definitivo<\/li>\n<li style=\"text-align: justify;\">26 de junio de 2015: Fecha l\u00edmite para la presentaci\u00f3n del documento de avance de investigaci\u00f3n definitivo<\/li>\n<li style=\"text-align: justify;\">17 de julio de 2015: Fecha l\u00edmite para el env\u00edo de los p\u00f3steres<\/li>\n<li style=\"text-align: justify;\">24 de julio de 2015: Fecha l\u00edmite para el registro de la persona o personas que participar\u00e1n en la presentaci\u00f3n de los avances.<\/li>\n<\/ul>\n<h2 style=\"text-align: left;\"><strong>4.\u00a0Reuni\u00f3n de decanos de ingenier\u00eda<\/strong><\/h2>\n<p style=\"text-align: justify;\">La direcci\u00f3n de las facultades de ingenier\u00eda es una labor cada d\u00eda m\u00e1s compleja, que exige revisar y actualizar su organizaci\u00f3n, renovar su gesti\u00f3n y promover mejores pr\u00e1cticas, manteniendo la calidad.<\/p>\n<p style=\"text-align: justify;\">En el EIEI ACOFI 2015, se dedicar\u00e1 un espacio para que los decanos de las facultades y escuelas de Ingenier\u00eda, participantes, analicen su rol frente a los retos y compromisos que demanda su labor.<\/p>\n<h4 style=\"text-align: justify;\"><strong>Reuni\u00f3n de decanos.\u00a0<\/strong><strong>Gesti\u00f3n en una facultad de Ingenier\u00eda<\/strong><\/h4>\n<h4 style=\"text-align: justify;\"><strong>Invitados <\/strong><\/h4>\n<ul style=\"text-align: justify;\">\n<li>Carlos Alberto Palacio Tob\u00f3n, Universidad de Antioquia<\/li>\n<li>Eduardo Behrentz Valencia, Universidad de los Andes<\/li>\n<\/ul>\n<p style=\"text-align: justify;\">Moderador: por confirmar<\/p>\n<h4 style=\"text-align: justify;\"><strong>Modalidad<\/strong><\/h4>\n<p style=\"text-align: justify;\">A partir de los temas propuestos en la motivaci\u00f3n, cada invitado har\u00e1 sus precisiones durante 20 minutos. Luego presentar\u00e1n sus comentarios y aportes, durante 20 minutos. Luego, el moderador realizar\u00e1 comentarios y posteriormente se abrir\u00e1 un espacio para las preguntas y aportes de los decanos y directivos de facultades de ingenier\u00eda asistentes p\u00fablico. Al final, el moderador har\u00e1 un resumen de la actividad.<\/p>\n<h4 style=\"text-align: justify;\"><strong>Motivaci\u00f3n<\/strong><\/h4>\n<p style=\"text-align: justify;\">La direcci\u00f3n de las facultades de ingenier\u00eda es una labor cada d\u00eda m\u00e1s compleja, que exige revisar y actualizar su organizaci\u00f3n, renovar su gesti\u00f3n y promover mejores pr\u00e1cticas, manteniendo la calidad.<\/p>\n<p style=\"text-align: justify;\">En esta reuni\u00f3n los decanos de las facultades y escuelas de Ingenier\u00eda, participantes, analizar\u00e1n su rol frente a los retos y compromisos que demanda su labor.<\/p>\n<h4 style=\"text-align: justify;\"><strong>Aspectos organizacionales<\/strong><\/h4>\n<p style=\"text-align: justify;\"><strong><em>Horario<\/em><\/strong><\/p>\n<ul style=\"text-align: justify;\">\n<li>Jueves 17 de septiembre, 14:00 \u2013 16:00 horas, Centro de Convenciones de Cartagena, Sala 302 A<\/li>\n<\/ul>\n<p style=\"text-align: justify;\"><strong>Idioma<\/strong>: Espa\u00f1ol<\/p>\n<p style=\"text-align: justify;\">El objetivo es analizar sobre la magnitud de la gesti\u00f3n que se desarrolla en las facultades de ingenier\u00eda, entendiendo que es una labor que con los mayores compromisos acad\u00e9micos y administrativos, invita a repensar la forma como esta figura realiza su actividad en los cargos directivos:<\/p>\n<ul>\n<li style=\"text-align: justify;\">No se trata de que los invitados hagan una mini conferencia cada uno, sino que aporten elementos para la reflexi\u00f3n y debate.<\/li>\n<li style=\"text-align: justify;\">El espacio f\u00edsico previsto para esta actividad tendr\u00e1 una configuraci\u00f3n que propicie el di\u00e1logo y por lo tanto alejada de la estructura acad\u00e9mica tradicional propia de una conferencia.<\/li>\n<li style=\"text-align: justify;\">El moderador es el responsable de mantener el di\u00e1logo vivo.<\/li>\n<li style=\"text-align: justify;\">En la sesi\u00f3n est\u00e1 previsto un tiempo para la participaci\u00f3n del p\u00fablico asistente.<\/li>\n<\/ul>\n","protected":false},"excerpt":{"rendered":"<p>Las siguientes son las categor\u00edas en las cuales puede participar: Trabajos sobre ense\u00f1anza de la ingenier\u00eda Avances en investigaci\u00f3n Trabajos de los estudiantes Reuni\u00f3n de decanos de ingenier\u00eda &nbsp; 1.\u00a0Trabajos sobre ense\u00f1anza de la ingenier\u00eda Como ha sido tradici\u00f3n, en el EIEI ACOFI 2015 se expondr\u00e1n las experiencias de las facultades, escuelas y programas de [&hellip;]<\/p>\n","protected":false},"author":3,"featured_media":0,"parent":0,"menu_order":0,"comment_status":"open","ping_status":"open","template":"","meta":[],"_links":{"self":[{"href":"http:\/\/acofi.edu.co\/eiei2015\/wp-json\/wp\/v2\/pages\/21"}],"collection":[{"href":"http:\/\/acofi.edu.co\/eiei2015\/wp-json\/wp\/v2\/pages"}],"about":[{"href":"http:\/\/acofi.edu.co\/eiei2015\/wp-json\/wp\/v2\/types\/page"}],"author":[{"embeddable":true,"href":"http:\/\/acofi.edu.co\/eiei2015\/wp-json\/wp\/v2\/users\/3"}],"replies":[{"embeddable":true,"href":"http:\/\/acofi.edu.co\/eiei2015\/wp-json\/wp\/v2\/comments?post=21"}],"version-history":[{"count":75,"href":"http:\/\/acofi.edu.co\/eiei2015\/wp-json\/wp\/v2\/pages\/21\/revisions"}],"predecessor-version":[{"id":1055,"href":"http:\/\/acofi.edu.co\/eiei2015\/wp-json\/wp\/v2\/pages\/21\/revisions\/1055"}],"wp:attachment":[{"href":"http:\/\/acofi.edu.co\/eiei2015\/wp-json\/wp\/v2\/media?parent=21"}],"curies":[{"name":"wp","href":"https:\/\/api.w.org\/{rel}","templated":true}]}}