{"id":98,"date":"2014-02-11T14:07:11","date_gmt":"2014-02-11T14:07:11","guid":{"rendered":"http:\/\/localhost\/eiei\/?page_id=98"},"modified":"2014-05-28T20:34:04","modified_gmt":"2014-05-28T20:34:04","slug":"cartagena-de-indias","status":"publish","type":"page","link":"http:\/\/acofi.edu.co\/eiei2014\/cartagena-de-indias\/","title":{"rendered":"Cartagena de Indias"},"content":{"rendered":"<p>Cartagena de Indias es una ciudad fant\u00e1stica que guarda los secretos de la historia en sus murallas y balcones, en sus construcciones y en sus angostos caminos de piedra.<\/p>\n<p>La magia de Cartagena reposa en los cimientos de sus fortificaciones, la calidez de su gente, la riqueza material de su arquitectura y las infinitas expresiones culturales de un pueblo aguerrido y valiente.<\/p>\n<p>Esta ciudad desborda romanticismo y cuenta an\u00e9cdotas fascinantes en las esquinas de calles y plazas, y en el l\u00edmite de sus murallas, que aguardan el ocaso para evocar las luchas del pasado.<\/p>\n<p>En d\u00edas de sol, Cartagena vibra como el color de sus fachadas y la brisa del mar llega para refrescar un intenso recorrido por los callejones de la ciudad antigua.<\/p>\n<p>Los monumentos se levantan solemnes, antiguos claustros, iglesias, baluartes y vestigios de cruentas batallas son el testimonio de hombres y mujeres invencibles que concedieron libertad a la \u201cciudad heroica\u201d.<\/p>\n<p>Al caer la noche, Cartagena es c\u00e1lida, irradia luz propia, cobra vida y se transforma. Crea una atm\u00f3sfera \u00fanica que enamora a sus hu\u00e9spedes y los transporta a tiempos olvidados sobre un carruaje guiado por caballos.<\/p>\n<p>Desde las murallas, con una hermosa vista al mar, la euforia crece y una fiesta inagotable espera la llegada de los primeros rayos de sol para llevarse consigo el misterio de la noche.<\/p>\n<p>As\u00ed es Cartagena. Una ciudad que relata su pasado, entrega historias fascinantes y renace en el tiempo.<\/p>\n<p>Declarada por la UNESCO Patrimonio Cultural de la Humanidad en 1984, Cartagena suma a los encantos de su arquitectura colonial, republicana y moderna, los atractivos de una intensa vida nocturna, festivales culturales, paisajes exuberantes, magn\u00edficas playas, excelente oferta gastron\u00f3mica y una importante infraestructura hotelera y tur\u00edstica.<\/p>\n<p>Es placentero recorrer las calles y observar las construcciones coloniales, el Palacio de la Inquisici\u00f3n, la Torre del Reloj, las murallas y el Castillo de San Felipe de Barajas, adem\u00e1s de disfrutar la brisa c\u00e1lida y tranquila desde sus parques y plazas.<\/p>\n<p>La gastronom\u00eda es tambi\u00e9n una fiesta en la ciudad. Las alternativas se multiplican para los viajeros que buscan experimentar sabores nuevos y ex\u00f3ticos de la cocina local e internacional.<\/p>\n<p>Las opciones de alojamiento son diversas. Es posible escoger tradicionales hoteles coloniales o exclusivos boutique que proporcionan una experiencia \u00fanica por sus detalles y servicios personalizados.<\/p>\n<p>Cartagena entrega todo el encanto de su historia y el legado de ancestros que la hicieron grande y la convirtieron en uno de los destinos tur\u00edsticos m\u00e1s importantes del pa\u00eds.<\/p>\n<p>Tomado de: <strong><em><a href=\"http:\/\/www.colombia.travel\/\">http:\/\/www.colombia.travel\/<\/a><\/em><\/strong><\/p>\n<p><strong><br \/>\nCentro de Convenciones Cartagena de Indias<\/strong><\/p>\n<p><a href=\"http:\/\/acofi.edu.co\/eiei2014\/wp-content\/uploads\/2014\/02\/CCC.jpg\"><img loading=\"lazy\" class=\"alignnone size-full wp-image-164\" src=\"http:\/\/acofi.edu.co\/eiei2014\/wp-content\/uploads\/2014\/02\/CCC.jpg\" alt=\"CCC\" width=\"2048\" height=\"951\" srcset=\"http:\/\/acofi.edu.co\/eiei2014\/wp-content\/uploads\/2014\/02\/CCC.jpg 2048w, http:\/\/acofi.edu.co\/eiei2014\/wp-content\/uploads\/2014\/02\/CCC-300x139.jpg 300w, http:\/\/acofi.edu.co\/eiei2014\/wp-content\/uploads\/2014\/02\/CCC-1024x475.jpg 1024w\" sizes=\"(max-width: 2048px) 100vw, 2048px\" \/><\/a><\/p>\n<p>Situado en el barrio Getseman\u00ed frente al camell\u00f3n de los m\u00e1rtires y a pocos pasos de la Torre del Reloj uno de los hitos m\u00e1s representativos y conocidos de la ciudad.<\/p>\n<p>A\u00f1o tras a\u00f1o el centro de convenciones recibe m\u00e1s de 300 eventos como cumbres gubernamentales, congresos, conferencias, ferias, exhibiciones y espect\u00e1culos de una extensa variedad de audiencias y tama\u00f1os.<\/p>\n<p>El recinto, dise\u00f1ado y construido espec\u00edficamente para albergar congresos y convenciones, grandes plenarias y simultaneidad de sesiones acad\u00e9micas, cuenta tambi\u00e9n con una plataforma tecnol\u00f3gica e inform\u00e1tica que cumple con las exigencias de eventos como ICANN 39, Andina Link y la VI Cumbre de las Am\u00e9ricas, que confirman as\u00ed los alcances de sus servicios.<\/p>\n<p><span style=\"color: #0000ff;\"><em><a href=\"http:\/\/www.cccartagena.com\/\"><span style=\"color: #0000ff;\">www.cccartagena.com<\/span><\/a><\/em><\/span><\/p>\n","protected":false},"excerpt":{"rendered":"<p>Cartagena de Indias es una ciudad fant\u00e1stica que guarda los secretos de la historia en sus murallas y balcones, en sus construcciones y en sus angostos caminos de piedra. La magia de Cartagena reposa en los cimientos de sus fortificaciones, la calidez de su gente, la riqueza material de su arquitectura y las infinitas expresiones<\/p>\n<p><a class=\"moretag\" href=\"http:\/\/acofi.edu.co\/eiei2014\/cartagena-de-indias\/\" > Read the full article ><\/a><\/p>\n","protected":false},"author":1,"featured_media":0,"parent":0,"menu_order":0,"comment_status":"open","ping_status":"open","template":"","meta":[],"_links":{"self":[{"href":"http:\/\/acofi.edu.co\/eiei2014\/wp-json\/wp\/v2\/pages\/98"}],"collection":[{"href":"http:\/\/acofi.edu.co\/eiei2014\/wp-json\/wp\/v2\/pages"}],"about":[{"href":"http:\/\/acofi.edu.co\/eiei2014\/wp-json\/wp\/v2\/types\/page"}],"author":[{"embeddable":true,"href":"http:\/\/acofi.edu.co\/eiei2014\/wp-json\/wp\/v2\/users\/1"}],"replies":[{"embeddable":true,"href":"http:\/\/acofi.edu.co\/eiei2014\/wp-json\/wp\/v2\/comments?post=98"}],"version-history":[{"count":5,"href":"http:\/\/acofi.edu.co\/eiei2014\/wp-json\/wp\/v2\/pages\/98\/revisions"}],"predecessor-version":[{"id":446,"href":"http:\/\/acofi.edu.co\/eiei2014\/wp-json\/wp\/v2\/pages\/98\/revisions\/446"}],"wp:attachment":[{"href":"http:\/\/acofi.edu.co\/eiei2014\/wp-json\/wp\/v2\/media?parent=98"}],"curies":[{"name":"wp","href":"https:\/\/api.w.org\/{rel}","templated":true}]}}