{"id":96,"date":"2014-02-11T14:06:47","date_gmt":"2014-02-11T14:06:47","guid":{"rendered":"http:\/\/localhost\/eiei\/?page_id=96"},"modified":"2024-11-21T11:51:29","modified_gmt":"2024-11-21T11:51:29","slug":"fotografias-2","status":"publish","type":"page","link":"http:\/\/acofi.edu.co\/eiei2014\/fotografias-2\/","title":{"rendered":"Fotograf\u00edas"},"content":{"rendered":"<p>Puede revisar todas las fotograf\u00edas oficiales del evento en el siguiente enlace.<\/p>\n<p><span style=\"color: #0000ff;\"><strong><em><a href=\"https:\/\/acofieduco-my.sharepoint.com\/:f:\/g\/personal\/eiei_acofi_edu_co\/EpU73HW2y65DnJTaCiQsODMBztAedoWj--gu2At9Rz54CQ?e=iBapbT\"><span style=\"color: #0000ff;\">Fotograf\u00edas<\/span><\/a><\/em><\/strong><\/span><\/p>\n<p><a href=\"http:\/\/acofi.edu.co\/eiei2014\/wp-content\/uploads\/2014\/02\/DSC_1483.jpg\"><img loading=\"lazy\" class=\"aligncenter size-full wp-image-1025\" src=\"http:\/\/acofi.edu.co\/eiei2014\/wp-content\/uploads\/2014\/02\/DSC_1483.jpg\" alt=\"DSC_1483\" width=\"1504\" height=\"1004\" srcset=\"http:\/\/acofi.edu.co\/eiei2014\/wp-content\/uploads\/2014\/02\/DSC_1483.jpg 1504w, http:\/\/acofi.edu.co\/eiei2014\/wp-content\/uploads\/2014\/02\/DSC_1483-300x200.jpg 300w, http:\/\/acofi.edu.co\/eiei2014\/wp-content\/uploads\/2014\/02\/DSC_1483-1024x683.jpg 1024w\" sizes=\"(max-width: 1504px) 100vw, 1504px\" \/><\/a><\/p>\n<p>Puede revisar todas las fotograf\u00edas de la <strong><span style=\"color: #0000ff;\"><a href=\"http:\/\/acofi.edu.co\/eiei2014\/reunion-de-estudiantes\/\"><span style=\"color: #0000ff;\">REUNI\u00d3N DE ESTUDIANTES<\/span><\/a><\/span><\/strong>\u00a0en el siguiente enlace.<\/p>\n<p><span style=\"color: #0000ff;\"><strong><em><a href=\"https:\/\/www.facebook.com\/media\/set\/?set=a.750724305005133.1073741833.100002027106806&amp;type=1&amp;l=4407065006\"><span style=\"color: #0000ff;\">Fotograf\u00edas<\/span><\/a><\/em><\/strong><\/span><\/p>\n<p><a href=\"http:\/\/acofi.edu.co\/eiei2014\/wp-content\/uploads\/2014\/02\/IMG_3995.jpg\"><img loading=\"lazy\" class=\"aligncenter size-full wp-image-1104\" src=\"http:\/\/acofi.edu.co\/eiei2014\/wp-content\/uploads\/2014\/02\/IMG_3995.jpg\" alt=\"IMG_3995\" width=\"3264\" height=\"2448\" srcset=\"http:\/\/acofi.edu.co\/eiei2014\/wp-content\/uploads\/2014\/02\/IMG_3995.jpg 3264w, http:\/\/acofi.edu.co\/eiei2014\/wp-content\/uploads\/2014\/02\/IMG_3995-300x225.jpg 300w, http:\/\/acofi.edu.co\/eiei2014\/wp-content\/uploads\/2014\/02\/IMG_3995-1024x768.jpg 1024w\" sizes=\"(max-width: 3264px) 100vw, 3264px\" \/><\/a><\/p>\n","protected":false},"excerpt":{"rendered":"<p>Puede revisar todas las fotograf\u00edas oficiales del evento en el siguiente enlace. Fotograf\u00edas Puede revisar todas las fotograf\u00edas de la REUNI\u00d3N DE ESTUDIANTES\u00a0en el siguiente enlace. Fotograf\u00edas<\/p>\n","protected":false},"author":1,"featured_media":0,"parent":0,"menu_order":0,"comment_status":"open","ping_status":"open","template":"","meta":[],"_links":{"self":[{"href":"http:\/\/acofi.edu.co\/eiei2014\/wp-json\/wp\/v2\/pages\/96"}],"collection":[{"href":"http:\/\/acofi.edu.co\/eiei2014\/wp-json\/wp\/v2\/pages"}],"about":[{"href":"http:\/\/acofi.edu.co\/eiei2014\/wp-json\/wp\/v2\/types\/page"}],"author":[{"embeddable":true,"href":"http:\/\/acofi.edu.co\/eiei2014\/wp-json\/wp\/v2\/users\/1"}],"replies":[{"embeddable":true,"href":"http:\/\/acofi.edu.co\/eiei2014\/wp-json\/wp\/v2\/comments?post=96"}],"version-history":[{"count":16,"href":"http:\/\/acofi.edu.co\/eiei2014\/wp-json\/wp\/v2\/pages\/96\/revisions"}],"predecessor-version":[{"id":1176,"href":"http:\/\/acofi.edu.co\/eiei2014\/wp-json\/wp\/v2\/pages\/96\/revisions\/1176"}],"wp:attachment":[{"href":"http:\/\/acofi.edu.co\/eiei2014\/wp-json\/wp\/v2\/media?parent=96"}],"curies":[{"name":"wp","href":"https:\/\/api.w.org\/{rel}","templated":true}]}}