{"id":94,"date":"2014-02-11T14:06:25","date_gmt":"2014-02-11T14:06:25","guid":{"rendered":"http:\/\/localhost\/eiei\/?page_id=94"},"modified":"2024-11-21T11:49:10","modified_gmt":"2024-11-21T11:49:10","slug":"premios-acofi","status":"publish","type":"page","link":"http:\/\/acofi.edu.co\/eiei2014\/premios-acofi\/","title":{"rendered":"Premios Acofi"},"content":{"rendered":"<p style=\"text-align: justify;\" align=\"center\">Los premios ACOFI se promueven desde el a\u00f1o 1998. Buscan estimular el trabajo\u00a0acad\u00e9mico de los profesores pertenecientes a las facultades de ingenier\u00eda del pa\u00eds.<\/p>\n<p style=\"text-align: justify;\">El reconocimiento este a\u00f1o fue para:<\/p>\n<h3 style=\"text-align: justify;\"><strong>Presentaciones orales<\/strong><\/h3>\n<p style=\"text-align: justify;\"><span style=\"color: #00ccff;\"><a style=\"color: #00ccff;\" href=\"https:\/\/acofipapers.org\/index.php\/eiei\/article\/view\/1228\"><strong>Desarrollo de una herramienta de informaci\u00f3n h\u00eddrica desde la interdisciplinariedad en ingenier\u00eda<\/strong><\/a><\/span><br \/>\n<em>Jenny Carolina Ram\u00edrez Leal, Leidy Viviana Osorio, Elkin An\u00edbal Monsalve Durango y Gabriel Lozano Sandoval, Universidad del Quind\u00edo, Armenia<\/em><\/p>\n<p style=\"text-align: justify;\"><span style=\"color: #00ccff;\"><a style=\"color: #00ccff;\" href=\"https:\/\/acofipapers.org\/index.php\/eiei\/article\/view\/1278\"><strong>Modelo de formaci\u00f3n en competencias personales e interpersonales para estudiantes de la facultad de ingenier\u00eda industrial con impacto en el fortalecimiento organizacional de la regi\u00f3n<\/strong><\/a><\/span><br \/>\n<em>Mar\u00eda Esperanza L\u00f3pez Duque y Luz Stella Restrepo de Ocampo, Universidad Tecnol\u00f3gica de Pereira, Pereira<\/em><\/p>\n<p style=\"text-align: justify;\"><span style=\"color: #00ccff;\"><a style=\"color: #00ccff;\" href=\"https:\/\/acofipapers.org\/index.php\/eiei\/article\/view\/1234\"><strong>La investigaci\u00f3n como instrumento de articulaci\u00f3n entre la educaci\u00f3n media y la educaci\u00f3n superior<\/strong><\/a><\/span><br \/>\n<em>Marlene Lucila Guerrero Julio y Jos\u00e9 Ricardo Arismendi Santos, Universidad Cooperativa de Colombia, Bucaramanga<\/em><\/p>\n<h3 style=\"text-align: justify;\"><strong>Presentaciones en p\u00f3ster<\/strong><\/h3>\n<p style=\"text-align: justify;\"><a href=\"https:\/\/acofipapers.org\/index.php\/eiei\/article\/view\/1235\"><span style=\"color: #00ccff;\"><strong>Estrategias de articulaci\u00f3n de los curr\u00edculos con las tendencias de formaci\u00f3n en ingenier\u00eda<\/strong><\/span><\/a><br \/>\n<em>Luc\u00eda Victoria Ospina Cardona, Escuela de Ingenier\u00eda de Antioquia, Envigado<\/em><\/p>\n<p style=\"text-align: justify;\"><a href=\"https:\/\/acofipapers.org\/index.php\/eiei\/article\/view\/1194\"><span style=\"color: #00ccff;\"><strong>La formaci\u00f3n del ingeniero desde la perspectiva del profesional reflexivo: desarrollo de teor\u00eda e hip\u00f3tesis a partir de resultados previos de investigaci\u00f3n<\/strong><\/span><\/a><br \/>\n<em>Hildebrando Ram\u00edrez Arcila y John Freddy Ram\u00edrez Casallas, Universidad Cooperativa de Colombia, Ibagu\u00e9<\/em><\/p>\n<p style=\"text-align: justify;\"><a href=\"https:\/\/acofipapers.org\/index.php\/eiei\/article\/view\/1189\"><span style=\"color: #00ccff;\"><strong>ABP (aprendizaje basado en problemas) para la ense\u00f1anza de proyectos tecnol\u00f3gicos interdisciplinares basados en arduino<\/strong><\/span><\/a><br \/>\n<em>Yair Rivera Julio y Luis Turizo. Corporaci\u00f3n Universitaria Americana, Barranquilla<\/em><\/p>\n<h3 style=\"text-align: justify;\"><strong>Presentaci\u00f3n en p\u00f3ster estudiantes<\/strong><\/h3>\n<p style=\"text-align: justify;\"><a href=\"https:\/\/acofipapers.org\/index.php\/eiei\/article\/view\/1317\"><span style=\"color: #00ccff;\"><strong>Identificaci\u00f3n de elementos de macizos rocosos cantera San Antonio Norte<\/strong><\/span><\/a><br \/>\n<em>Camila Andrea Barbosa Hern\u00e1ndez y Javier Eduardo Becerra Becerra, Universidad Santo Tom\u00e1s, Bogot\u00e1<\/em><\/p>\n<p style=\"text-align: justify;\"><span style=\"color: #0000ff;\"><a href=\"http:\/\/acofi.edu.co\/eiei2014\/wp-content\/uploads\/2014\/02\/Invitacion_premios_ACOFI.pdf\"><span style=\"color: #0000ff;\">Invitaci\u00f3n<\/span><\/a><\/span><\/p>\n<p style=\"color: #4f4f4f; text-align: justify;\"><em>El Consejo Directivo de la Asociaci\u00f3n Colombiana de Facultades de Ingenier\u00eda -ACOFI-, tiene el gusto de invitarle a la ceremonia de entrega de los Premios ACOFI a los mejores trabajos presentados en el marco del Encuentro Internacional de Educaci\u00f3n en Ingenier\u00eda ACOFI 2014, EIEI ACOFI 2014, \u201cNuevos escenarios en la ense\u00f1anza de la ingenier\u00eda\u201d, realizado en la ciudad de Cartagena de Indias, entre el 7 y el 10 de octubre de 2014.<\/em><\/p>\n<p style=\"color: #4f4f4f; text-align: justify;\"><em>Los premios ACOFI se promueven desde el a\u00f1o 1998, buscando estimular el trabajo acad\u00e9mico de los profesores y estudiantes pertenecientes a las facultades, escuelas y programas de ingenier\u00eda de Colombia.<\/em><\/p>\n<p style=\"color: #4f4f4f; text-align: justify;\"><em>La ceremonia se realizar\u00e1 el d\u00eda jueves 27 de noviembre en el Hotel Urban Royal Calle 26 (Carrera 33 25F 18) de la ciudad de Bogot\u00e1. El programa de la ceremonia es el siguiente:<\/em><\/p>\n<p style=\"color: #4f4f4f; text-align: justify;\"><em>4:30 p.m. Instalaci\u00f3n<\/em><\/p>\n<p style=\"color: #4f4f4f; text-align: justify;\"><em>\u00a0\u00a0\u00a0\u00a0\u00a0\u00a0\u00a0\u00a0\u00a0\u00a0\u00a0\u00a0\u00a0\u00a0\u00a0\u00a0\u00a0\u00a0\u00a0\u00a0\u00a0\u00a0\u00a0\u00a0\u00a0\u00a0\u00a0\u00a0\u00a0\u00a0 Himno de Colombia<br \/>\n<\/em><em>\u00a0 \u00a0 \u00a0 \u00a0 \u00a0 \u00a0 \u00a0 \u00a0 \u00a0 \u00a0 \u00a0 \u00a0 \u00a0 \u00a0 \u00a0 Saludo de bienvenida<\/em><\/p>\n<p style=\"color: #4f4f4f; text-align: justify;\"><em>4:45 p.m. Concierto de m\u00fasica parte 1<\/em><\/p>\n<p style=\"color: #4f4f4f; text-align: justify;\"><em>5:15 p.m. Conferencia \u201cPosgrados e investigaci\u00f3n: su compromiso con la ingenier\u00eda en Colombia\u201d<\/em><\/p>\n<p style=\"color: #4f4f4f; text-align: justify;\"><em>5:45 p.m. Entrega de Premios ACOFI 2014<\/em><\/p>\n<p style=\"color: #4f4f4f; text-align: justify;\"><em>6:00 p.m. Concierto de m\u00fasica parte 2<\/em><\/p>\n<p style=\"color: #4f4f4f; text-align: justify;\"><em>6:30 p.m. Cierre<\/em><\/p>\n<p style=\"color: #4f4f4f; text-align: justify;\"><em>\u00a0\u00a0\u00a0\u00a0\u00a0\u00a0\u00a0\u00a0\u00a0\u00a0\u00a0\u00a0\u00a0\u00a0\u00a0\u00a0\u00a0\u00a0\u00a0\u00a0\u00a0\u00a0\u00a0\u00a0\u00a0\u00a0\u00a0\u00a0\u00a0\u00a0 Invitaci\u00f3n EIEI ACOFI 2015<br \/>\n<\/em><em>\u00a0 \u00a0 \u00a0 \u00a0 \u00a0 \u00a0 \u00a0 \u00a0 \u00a0 \u00a0 \u00a0 \u00a0 \u00a0 \u00a0 \u00a0 Himno de Bogot\u00e1<\/em><\/p>\n<p style=\"color: #4f4f4f; text-align: justify;\"><em>\u00a0<\/em><em>6:30 p.m. Copa de vino<\/em><\/p>\n<h3 style=\"text-align: justify;\"><strong>Evento<\/strong><\/h3>\n<p style=\"text-align: justify;\">Con la presencia de 50 representantes de varias ciudades del pa\u00eds, directivos, profesores, estudiantes de ingenier\u00eda y personal administrativo de ACOFI, se celebr\u00f3 en el Hotel Urban Royal la entrega de los Premios ACOFI 2014.<\/p>\n<p style=\"text-align: justify;\">Se reconocieron los trabajos m\u00e1s destacados presentados en el Encuentro Internacional de Educaci\u00f3n en Ingenier\u00eda ACOFI 2014, realizado en el pasado mes de octubre en la ciudad de Cartagena de Indias. Profesores y estudiantes de la Universidad del Quind\u00edo, Universidad Tecnol\u00f3gica de Pereira, Universidad Cooperativa de Colombia, Escuela de Ingenier\u00eda de Antioquia, Corporaci\u00f3n Universitaria Americana y Universidad Santo Tom\u00e1s, fueron homenajeados.<\/p>\n<p style=\"text-align: justify;\">La ceremonia tuvo una agenda en la que el se\u00f1or Presidente de ACOFI, ingeniero John Willian Branch destac\u00f3 la importancia de los premios y el papel de ACOFI en pro de la calidad de formar cada vez mejores ingenieros.<\/p>\n<p style=\"text-align: justify;\">Adem\u00e1s de la entrega de los premios, el ingeniero Julio C\u00e9sar Ca\u00f1\u00f3n, realiz\u00f3 una disertaci\u00f3n sobre los Posgrados e investigaci\u00f3n y su compromiso con la ingenier\u00eda en Colombia, en la que present\u00f3 datos de inter\u00e9s y una motivaci\u00f3n hacia su prospectiva en el pa\u00eds.<\/p>\n<p style=\"text-align: justify;\"><strong>Presentaci\u00f3n\u00a0<span style=\"color: #0000ff;\"><a href=\"http:\/\/www.acofi.edu.co\/wp-content\/uploads\/2014\/11\/Julio-C\u00e9sar-Ca\u00f1\u00f3n.pdf\"><span style=\"color: #0000ff;\">Julio C\u00e9sar Ca\u00f1\u00f3n<\/span><\/a><\/span><\/strong><\/p>\n<p style=\"text-align: justify;\">La sesi\u00f3n estuvo amenizada por un cuarteto de c\u00e1mara colombiano (dos violines, piano y violonchelo), en el cual se realiz\u00f3 un breve recorrido por la m\u00fasica del mundo, con obras de Edward Elgar, Franz Lizt, R. Schuman, Chopin, Massenet, G. F. Haendel. De la misma manera, como ha sido tradici\u00f3n en ACOFI, hubo un repertorio Colombiano, con m\u00fasica de Luis Ariel Rey, Jorge Villamil, Jose A. Morales, Fulgencio Garcia, Petronio Alvarez y Lucho Berm\u00fadez.<\/p>\n<p style=\"text-align: justify;\">El Director Ejecutivo, cerr\u00f3 el acto, con la invitaci\u00f3n al Encuentro Internacional de Educaci\u00f3n en Ingenier\u00eda ACOFI 2015, en el marco de los 40 a\u00f1os de ACOFI.<\/p>\n<p><a href=\"http:\/\/www.acofi.edu.co\/wp-content\/uploads\/2014\/11\/20141127_170420.jpg\"><img loading=\"lazy\" class=\"aligncenter size-full wp-image-3755\" src=\"http:\/\/www.acofi.edu.co\/wp-content\/uploads\/2014\/11\/20141127_170420.jpg\" alt=\"20141127_170420\" width=\"640\" height=\"480\" \/><\/a><a href=\"http:\/\/www.acofi.edu.co\/wp-content\/uploads\/2014\/11\/20141127_180953.jpg\"><img loading=\"lazy\" class=\"aligncenter size-large wp-image-3756\" src=\"http:\/\/www.acofi.edu.co\/wp-content\/uploads\/2014\/11\/20141127_180953.jpg\" alt=\"20141127_180953\" width=\"640\" height=\"480\" \/><\/a><\/p>\n","protected":false},"excerpt":{"rendered":"<p>Los premios ACOFI se promueven desde el a\u00f1o 1998. Buscan estimular el trabajo\u00a0acad\u00e9mico de los profesores pertenecientes a las facultades de ingenier\u00eda del pa\u00eds. El reconocimiento este a\u00f1o fue para: Presentaciones orales Desarrollo de una herramienta de informaci\u00f3n h\u00eddrica desde la interdisciplinariedad en ingenier\u00eda Jenny Carolina Ram\u00edrez Leal, Leidy Viviana Osorio, Elkin An\u00edbal Monsalve Durango<\/p>\n<p><a class=\"moretag\" href=\"http:\/\/acofi.edu.co\/eiei2014\/premios-acofi\/\" > Read the full article ><\/a><\/p>\n","protected":false},"author":1,"featured_media":0,"parent":0,"menu_order":0,"comment_status":"open","ping_status":"open","template":"","meta":[],"_links":{"self":[{"href":"http:\/\/acofi.edu.co\/eiei2014\/wp-json\/wp\/v2\/pages\/94"}],"collection":[{"href":"http:\/\/acofi.edu.co\/eiei2014\/wp-json\/wp\/v2\/pages"}],"about":[{"href":"http:\/\/acofi.edu.co\/eiei2014\/wp-json\/wp\/v2\/types\/page"}],"author":[{"embeddable":true,"href":"http:\/\/acofi.edu.co\/eiei2014\/wp-json\/wp\/v2\/users\/1"}],"replies":[{"embeddable":true,"href":"http:\/\/acofi.edu.co\/eiei2014\/wp-json\/wp\/v2\/comments?post=94"}],"version-history":[{"count":31,"href":"http:\/\/acofi.edu.co\/eiei2014\/wp-json\/wp\/v2\/pages\/94\/revisions"}],"predecessor-version":[{"id":1175,"href":"http:\/\/acofi.edu.co\/eiei2014\/wp-json\/wp\/v2\/pages\/94\/revisions\/1175"}],"wp:attachment":[{"href":"http:\/\/acofi.edu.co\/eiei2014\/wp-json\/wp\/v2\/media?parent=94"}],"curies":[{"name":"wp","href":"https:\/\/api.w.org\/{rel}","templated":true}]}}