{"id":858,"date":"2014-09-12T20:30:45","date_gmt":"2014-09-12T20:30:45","guid":{"rendered":"http:\/\/acofi.edu.co\/eiei2014\/?page_id=858"},"modified":"2014-10-02T13:46:45","modified_gmt":"2014-10-02T13:46:45","slug":"taller-evaluacion-en-la-educacion-superior","status":"publish","type":"page","link":"http:\/\/acofi.edu.co\/eiei2014\/talleres\/taller-evaluacion-en-la-educacion-superior\/","title":{"rendered":"Taller Evaluaci\u00f3n en la Educaci\u00f3n Superior"},"content":{"rendered":"<p><strong>EVALUACI\u00d3N EN LA EDUCACI\u00d3N SUPERIOR<\/strong><\/p>\n<p><a href=\"http:\/\/acofi.edu.co\/eiei2014\/wp-content\/uploads\/2014\/09\/icfes.jpg\"><img loading=\"lazy\" class=\"aligncenter size-full wp-image-879\" src=\"http:\/\/acofi.edu.co\/eiei2014\/wp-content\/uploads\/2014\/09\/icfes.jpg\" alt=\"icfes\" width=\"661\" height=\"249\" srcset=\"http:\/\/acofi.edu.co\/eiei2014\/wp-content\/uploads\/2014\/09\/icfes.jpg 661w, http:\/\/acofi.edu.co\/eiei2014\/wp-content\/uploads\/2014\/09\/icfes-300x113.jpg 300w\" sizes=\"(max-width: 661px) 100vw, 661px\" \/><\/a><\/p>\n<p style=\"color: #000000;\"><strong>Lugar<\/strong>: Universidad Tecnol\u00f3gica de Bol\u00edvar, sede Manga\u00a0(ver mapa)<br \/>\nTeleaula<\/p>\n<p style=\"color: #000000;\"><strong>Horario<\/strong>: 14:00 \u2013 18:00 horas<\/p>\n<p>En este taller se presentar\u00e1n los fundamentos te\u00f3ricos y t\u00e9cnicos desde los que se ha estructurado y consolidado el examen Saber Pro para el \u00e1rea de Ingenier\u00eda.<\/p>\n<p>El taller se desarrollara en dos partes. En la primera se presentar\u00e1 el contexto general de la evaluaci\u00f3n en el \u00e1rea y se trabajar\u00e1 en la metodolog\u00eda del dise\u00f1o de ex\u00e1menes a partir del modelo de evidencias. En una segunda parte, se desarrollara una actividad en grupo sobre la base de las especificaciones de los m\u00f3dulos de ingenier\u00eda que se aplican actualmente.<\/p>\n<p><strong>Facilitadora<\/strong><\/p>\n<p><em>Yaneth Castelblanco Marcelo<\/em><\/p>\n<p>Licenciada en Qu\u00edmica, Mag\u00edster en Gesti\u00f3n Ambiental y Mag\u00edster en Educaci\u00f3n con \u00e9nfasis en investigaci\u00f3n. Profesional Especializada de la Subdirecci\u00f3n de Dise\u00f1o de Instrumentos de la Direcci\u00f3n de Evaluaci\u00f3n del ICFES. Vinculada al instituto desde 2004. Ha coordinado el desarrollo de los procesos de evaluaci\u00f3n nacional en ciencias naturales y actualmente, encargada del desarrollo de los dise\u00f1os de instrumentos de evaluaci\u00f3n para el examen SABER PRO de ingenier\u00eda, que incluye los marcos te\u00f3ricos y especificaciones t\u00e9cnicas, manuales de construcci\u00f3n, protocolos de aplicaci\u00f3n y manuales de procesamiento y calificaci\u00f3n.<\/p>\n<p><strong>Mapa de Ubicaci\u00f3n<\/strong><\/p>\n<p><a href=\"http:\/\/acofi.edu.co\/eiei2014\/wp-content\/uploads\/2014\/09\/Mapa-UTB-Manga.jpg\"><img loading=\"lazy\" class=\"aligncenter size-full wp-image-868\" src=\"http:\/\/acofi.edu.co\/eiei2014\/wp-content\/uploads\/2014\/09\/Mapa-UTB-Manga.jpg\" alt=\"Mapa UTB Manga\" width=\"992\" height=\"729\" srcset=\"http:\/\/acofi.edu.co\/eiei2014\/wp-content\/uploads\/2014\/09\/Mapa-UTB-Manga.jpg 992w, http:\/\/acofi.edu.co\/eiei2014\/wp-content\/uploads\/2014\/09\/Mapa-UTB-Manga-300x220.jpg 300w\" sizes=\"(max-width: 992px) 100vw, 992px\" \/><\/a><\/p>\n<p>&nbsp;<\/p>\n","protected":false},"excerpt":{"rendered":"<p>EVALUACI\u00d3N EN LA EDUCACI\u00d3N SUPERIOR Lugar: Universidad Tecnol\u00f3gica de Bol\u00edvar, sede Manga\u00a0(ver mapa) Teleaula Horario: 14:00 \u2013 18:00 horas En este taller se presentar\u00e1n los fundamentos te\u00f3ricos y t\u00e9cnicos desde los que se ha estructurado y consolidado el examen Saber Pro para el \u00e1rea de Ingenier\u00eda. El taller se desarrollara en dos partes. En la<\/p>\n<p><a class=\"moretag\" href=\"http:\/\/acofi.edu.co\/eiei2014\/talleres\/taller-evaluacion-en-la-educacion-superior\/\" > Read the full article ><\/a><\/p>\n","protected":false},"author":1,"featured_media":0,"parent":30,"menu_order":0,"comment_status":"open","ping_status":"open","template":"","meta":[],"_links":{"self":[{"href":"http:\/\/acofi.edu.co\/eiei2014\/wp-json\/wp\/v2\/pages\/858"}],"collection":[{"href":"http:\/\/acofi.edu.co\/eiei2014\/wp-json\/wp\/v2\/pages"}],"about":[{"href":"http:\/\/acofi.edu.co\/eiei2014\/wp-json\/wp\/v2\/types\/page"}],"author":[{"embeddable":true,"href":"http:\/\/acofi.edu.co\/eiei2014\/wp-json\/wp\/v2\/users\/1"}],"replies":[{"embeddable":true,"href":"http:\/\/acofi.edu.co\/eiei2014\/wp-json\/wp\/v2\/comments?post=858"}],"version-history":[{"count":21,"href":"http:\/\/acofi.edu.co\/eiei2014\/wp-json\/wp\/v2\/pages\/858\/revisions"}],"predecessor-version":[{"id":1008,"href":"http:\/\/acofi.edu.co\/eiei2014\/wp-json\/wp\/v2\/pages\/858\/revisions\/1008"}],"up":[{"embeddable":true,"href":"http:\/\/acofi.edu.co\/eiei2014\/wp-json\/wp\/v2\/pages\/30"}],"wp:attachment":[{"href":"http:\/\/acofi.edu.co\/eiei2014\/wp-json\/wp\/v2\/media?parent=858"}],"curies":[{"name":"wp","href":"https:\/\/api.w.org\/{rel}","templated":true}]}}