{"id":838,"date":"2014-09-12T20:19:17","date_gmt":"2014-09-12T20:19:17","guid":{"rendered":"http:\/\/acofi.edu.co\/eiei2014\/?page_id=838"},"modified":"2014-10-02T13:47:02","modified_gmt":"2014-10-02T13:47:02","slug":"taller-tecnologias-de-la-informacion","status":"publish","type":"page","link":"http:\/\/acofi.edu.co\/eiei2014\/talleres\/taller-tecnologias-de-la-informacion\/","title":{"rendered":"Taller Tecnolog\u00edas de la Informaci\u00f3n"},"content":{"rendered":"<p style=\"color: #000000;\"><strong>DI\u00c1LOGO PARA RESIGNIFICAR LA DENOMINACI\u00d3N DE LOS PROGRAMAS DE FORMACI\u00d3N EN TI\u00a0<\/strong><\/p>\n<p style=\"color: #000000;\"><a href=\"http:\/\/acofi.edu.co\/eiei2014\/wp-content\/uploads\/2014\/09\/MinTIC.png\"><img loading=\"lazy\" class=\"aligncenter size-full wp-image-855\" src=\"http:\/\/acofi.edu.co\/eiei2014\/wp-content\/uploads\/2014\/09\/MinTIC.png\" alt=\"MinTIC\" width=\"800\" height=\"216\" srcset=\"http:\/\/acofi.edu.co\/eiei2014\/wp-content\/uploads\/2014\/09\/MinTIC.png 800w, http:\/\/acofi.edu.co\/eiei2014\/wp-content\/uploads\/2014\/09\/MinTIC-300x81.png 300w\" sizes=\"(max-width: 800px) 100vw, 800px\" \/><\/a> <a href=\"http:\/\/acofi.edu.co\/eiei2014\/wp-content\/uploads\/2014\/09\/ViveDigital.png\"><img loading=\"lazy\" class=\"aligncenter size-full wp-image-856\" src=\"http:\/\/acofi.edu.co\/eiei2014\/wp-content\/uploads\/2014\/09\/ViveDigital.png\" alt=\"ViveDigital\" width=\"800\" height=\"184\" srcset=\"http:\/\/acofi.edu.co\/eiei2014\/wp-content\/uploads\/2014\/09\/ViveDigital.png 800w, http:\/\/acofi.edu.co\/eiei2014\/wp-content\/uploads\/2014\/09\/ViveDigital-300x69.png 300w\" sizes=\"(max-width: 800px) 100vw, 800px\" \/><\/a><\/p>\n<p style=\"color: #000000;\"><strong>Lugar<\/strong>: Claustro La Merced de la Universidad de Cartagena, ubicado en el centro hist\u00f3rico junto al Teatro Adolfo Mej\u00eda (Teatro Heredia)\u00a0Cra. 4\u00aa x Calle 38 (ver mapa)<br \/>\nAula 101<\/p>\n<p style=\"color: #000000;\"><strong>Horario<\/strong>: 14:00 \u2013 18:00 horas<\/p>\n<p>Taller orientado al an\u00e1lisis de los programas de formaci\u00f3n en tecnolog\u00edas de la informaci\u00f3n (TI), con una mirada actual y prospectiva del tema. Como resultado de este taller se espera realimentar desde las facultades de ingenier\u00eda al ministerio de TIC en su pol\u00edtica de fortalecimiento en TI.<\/p>\n<p><strong>Facilitador<\/strong><\/p>\n<p><em>Albeiro Cuesta<\/em><\/p>\n<p>Ingeniero de Sistemas, con especializaci\u00f3n en Administraci\u00f3n de Sistemas Inform\u00e1ticos de la Universidad Nacional, Diploma Estudios Avanzados \u2013DEA- en Ingenier\u00eda de Software en la Universidad Pontificia de Salamanca Campus Madrid y Doctor en Ingenier\u00eda Inform\u00e1tica con tesis laureada en Universidad Pontificia de Salamanca Campus Madrid, con la cual se sustenta la iniciativa del Plan Vive Digital \u201cFortalecimiento de la Industria de Tecnolog\u00edas de Informaci\u00f3n &#8211; FITI\u201d.<\/p>\n<p>Experiencia profesional relacionada con la industria de tecnolog\u00edas de informaci\u00f3n, desde los campos Empresariales, Acad\u00e9micos y Gubernamentales. Emprendedor y Empresario de la Industria TI, docente, consultor, Ex Presidente de la Junta Directiva de Parquesoft Manizales, Consejero Ad hoc del Consejo Profesional Nacional de Ingenier\u00eda COPNIA, Par Acad\u00e9mico del Ministerio de Educaci\u00f3n, Par Evaluador de Colciencias, Auditor de Sistemas de los Procesos Electorales del Pa\u00eds, conferencista nacional e internacional en tem\u00e1ticas relacionados con Educaci\u00f3n Virtual e Ingenier\u00eda de Software. \u00a0Gerente de la Estrategia para el Fortalecimiento de la Industria TI de Colombia, como asesor del Ministerio de TIC<\/p>\n<p>Actualmente Director de Pol\u00edticas y Desarrollo de TI, el cual institucionaliza la estrategia para el fortalecimiento de la industria TI de Colombia en el Ministerio de Tecnolog\u00edas de Informaci\u00f3n y comunicaciones.<\/p>\n<p><strong style=\"color: #000000;\">Mapa de ubicaci\u00f3n<\/strong><\/p>\n<p><a href=\"http:\/\/acofi.edu.co\/eiei2014\/wp-content\/uploads\/2014\/02\/Mapa-Claustro.jpg\"><img loading=\"lazy\" class=\"aligncenter size-full wp-image-478\" src=\"http:\/\/acofi.edu.co\/eiei2014\/wp-content\/uploads\/2014\/02\/Mapa-Claustro.jpg\" alt=\"Mapa Claustro\" width=\"906\" height=\"926\" srcset=\"http:\/\/acofi.edu.co\/eiei2014\/wp-content\/uploads\/2014\/02\/Mapa-Claustro.jpg 906w, http:\/\/acofi.edu.co\/eiei2014\/wp-content\/uploads\/2014\/02\/Mapa-Claustro-293x300.jpg 293w\" sizes=\"(max-width: 906px) 100vw, 906px\" \/><\/a><\/p>\n<p style=\"color: #000000;\">\n","protected":false},"excerpt":{"rendered":"<p>DI\u00c1LOGO PARA RESIGNIFICAR LA DENOMINACI\u00d3N DE LOS PROGRAMAS DE FORMACI\u00d3N EN TI\u00a0 Lugar: Claustro La Merced de la Universidad de Cartagena, ubicado en el centro hist\u00f3rico junto al Teatro Adolfo Mej\u00eda (Teatro Heredia)\u00a0Cra. 4\u00aa x Calle 38 (ver mapa) Aula 101 Horario: 14:00 \u2013 18:00 horas Taller orientado al an\u00e1lisis de los programas de formaci\u00f3n<\/p>\n<p><a class=\"moretag\" href=\"http:\/\/acofi.edu.co\/eiei2014\/talleres\/taller-tecnologias-de-la-informacion\/\" > Read the full article ><\/a><\/p>\n","protected":false},"author":1,"featured_media":0,"parent":30,"menu_order":0,"comment_status":"open","ping_status":"open","template":"","meta":[],"_links":{"self":[{"href":"http:\/\/acofi.edu.co\/eiei2014\/wp-json\/wp\/v2\/pages\/838"}],"collection":[{"href":"http:\/\/acofi.edu.co\/eiei2014\/wp-json\/wp\/v2\/pages"}],"about":[{"href":"http:\/\/acofi.edu.co\/eiei2014\/wp-json\/wp\/v2\/types\/page"}],"author":[{"embeddable":true,"href":"http:\/\/acofi.edu.co\/eiei2014\/wp-json\/wp\/v2\/users\/1"}],"replies":[{"embeddable":true,"href":"http:\/\/acofi.edu.co\/eiei2014\/wp-json\/wp\/v2\/comments?post=838"}],"version-history":[{"count":18,"href":"http:\/\/acofi.edu.co\/eiei2014\/wp-json\/wp\/v2\/pages\/838\/revisions"}],"predecessor-version":[{"id":1006,"href":"http:\/\/acofi.edu.co\/eiei2014\/wp-json\/wp\/v2\/pages\/838\/revisions\/1006"}],"up":[{"embeddable":true,"href":"http:\/\/acofi.edu.co\/eiei2014\/wp-json\/wp\/v2\/pages\/30"}],"wp:attachment":[{"href":"http:\/\/acofi.edu.co\/eiei2014\/wp-json\/wp\/v2\/media?parent=838"}],"curies":[{"name":"wp","href":"https:\/\/api.w.org\/{rel}","templated":true}]}}