{"id":791,"date":"2014-09-01T13:57:51","date_gmt":"2014-09-01T13:57:51","guid":{"rendered":"http:\/\/acofi.edu.co\/eiei2014\/?page_id=791"},"modified":"2014-10-02T13:45:00","modified_gmt":"2014-10-02T13:45:00","slug":"taller-stem","status":"publish","type":"page","link":"http:\/\/acofi.edu.co\/eiei2014\/talleres\/taller-stem\/","title":{"rendered":"Taller STEM"},"content":{"rendered":"<p><strong>Enabling Creative Learning through Cross-Disciplinary STEM Activities<\/strong><\/p>\n<p><a href=\"http:\/\/acofi.edu.co\/eiei2014\/wp-content\/uploads\/2014\/09\/STEM-Logo.jpg\"><img loading=\"lazy\" class=\"aligncenter size-full wp-image-815\" src=\"http:\/\/acofi.edu.co\/eiei2014\/wp-content\/uploads\/2014\/09\/STEM-Logo.jpg\" alt=\"STEM-Logo\" width=\"507\" height=\"248\" srcset=\"http:\/\/acofi.edu.co\/eiei2014\/wp-content\/uploads\/2014\/09\/STEM-Logo.jpg 507w, http:\/\/acofi.edu.co\/eiei2014\/wp-content\/uploads\/2014\/09\/STEM-Logo-300x146.jpg 300w\" sizes=\"(max-width: 507px) 100vw, 507px\" \/><\/a><\/p>\n<p style=\"color: #000000;\"><strong>Lugar<\/strong>: Claustro La Merced de la Universidad de Cartagena, ubicado en el centro hist\u00f3rico junto al Teatro Adolfo Mej\u00eda (Teatro Heredia)\u00a0Cra. 4\u00aa x Calle 38 (ver mapa)<br \/>\nAula 202<\/p>\n<p style=\"color: #000000;\"><strong>Horario<\/strong>: 14:00 \u2013 18:00 horas<\/p>\n<p>Al hacer actividades interdisciplinarias (ciencia, tecnolog\u00eda, ingenier\u00eda, matem\u00e1ticas) en el aula, es importante proporcionar a los estudiantes una experiencia atractiva y pr\u00e1ctica, que les permite explorar sus ideas personales en torno a las \u00e1reas de contenido b\u00e1sico. Como tal, tanto en el dise\u00f1o del entorno de aprendizaje y tambi\u00e9n la secuencia curricular \u00a0es importante para mantener a los estudiantes enfocados, a la vez que les ofrece la oportunidad de expresar sus propios conocimientos en desarrollo. Este taller pr\u00e1ctico no s\u00f3lo son ejemplos de esta a partir de una variedad de aulas aprovechando una multitud de herramientas, sino que ofrece a los participantes la oportunidad de experimentar en ellos mismos el proceso de aprendizaje creativo a trav\u00e9s de la generaci\u00f3n de pel\u00edculas de acci\u00f3n en torno a los conceptos de STEM.<\/p>\n<p><strong>Conferencista<\/strong><\/p>\n<p>Ethan Danahy<\/p>\n<p><strong>Mapa de ubicaci\u00f3n<\/strong><\/p>\n<p><a href=\"http:\/\/acofi.edu.co\/eiei2014\/wp-content\/uploads\/2014\/02\/Mapa-Claustro.jpg\"><img loading=\"lazy\" class=\"aligncenter size-full wp-image-478\" src=\"http:\/\/acofi.edu.co\/eiei2014\/wp-content\/uploads\/2014\/02\/Mapa-Claustro.jpg\" alt=\"Mapa Claustro\" width=\"906\" height=\"926\" srcset=\"http:\/\/acofi.edu.co\/eiei2014\/wp-content\/uploads\/2014\/02\/Mapa-Claustro.jpg 906w, http:\/\/acofi.edu.co\/eiei2014\/wp-content\/uploads\/2014\/02\/Mapa-Claustro-293x300.jpg 293w\" sizes=\"(max-width: 906px) 100vw, 906px\" \/><\/a><\/p>\n<p>&nbsp;<\/p>\n","protected":false},"excerpt":{"rendered":"<p>Enabling Creative Learning through Cross-Disciplinary STEM Activities Lugar: Claustro La Merced de la Universidad de Cartagena, ubicado en el centro hist\u00f3rico junto al Teatro Adolfo Mej\u00eda (Teatro Heredia)\u00a0Cra. 4\u00aa x Calle 38 (ver mapa) Aula 202 Horario: 14:00 \u2013 18:00 horas Al hacer actividades interdisciplinarias (ciencia, tecnolog\u00eda, ingenier\u00eda, matem\u00e1ticas) en el aula, es importante proporcionar<\/p>\n<p><a class=\"moretag\" href=\"http:\/\/acofi.edu.co\/eiei2014\/talleres\/taller-stem\/\" > Read the full article ><\/a><\/p>\n","protected":false},"author":1,"featured_media":0,"parent":30,"menu_order":0,"comment_status":"open","ping_status":"open","template":"","meta":[],"_links":{"self":[{"href":"http:\/\/acofi.edu.co\/eiei2014\/wp-json\/wp\/v2\/pages\/791"}],"collection":[{"href":"http:\/\/acofi.edu.co\/eiei2014\/wp-json\/wp\/v2\/pages"}],"about":[{"href":"http:\/\/acofi.edu.co\/eiei2014\/wp-json\/wp\/v2\/types\/page"}],"author":[{"embeddable":true,"href":"http:\/\/acofi.edu.co\/eiei2014\/wp-json\/wp\/v2\/users\/1"}],"replies":[{"embeddable":true,"href":"http:\/\/acofi.edu.co\/eiei2014\/wp-json\/wp\/v2\/comments?post=791"}],"version-history":[{"count":16,"href":"http:\/\/acofi.edu.co\/eiei2014\/wp-json\/wp\/v2\/pages\/791\/revisions"}],"predecessor-version":[{"id":1005,"href":"http:\/\/acofi.edu.co\/eiei2014\/wp-json\/wp\/v2\/pages\/791\/revisions\/1005"}],"up":[{"embeddable":true,"href":"http:\/\/acofi.edu.co\/eiei2014\/wp-json\/wp\/v2\/pages\/30"}],"wp:attachment":[{"href":"http:\/\/acofi.edu.co\/eiei2014\/wp-json\/wp\/v2\/media?parent=791"}],"curies":[{"name":"wp","href":"https:\/\/api.w.org\/{rel}","templated":true}]}}