{"id":612,"date":"2014-07-15T19:26:31","date_gmt":"2014-07-15T19:26:31","guid":{"rendered":"http:\/\/acofi.edu.co\/eiei2014\/?page_id=612"},"modified":"2014-10-02T13:46:51","modified_gmt":"2014-10-02T13:46:51","slug":"taller-fundamentals-of-program-assessment","status":"publish","type":"page","link":"http:\/\/acofi.edu.co\/eiei2014\/talleres\/taller-fundamentals-of-program-assessment\/","title":{"rendered":"Taller Fundamentals of Program Assessment"},"content":{"rendered":"<p><strong>Taller Fundamentals of Program Assessment<\/strong><\/p>\n<p><a href=\"http:\/\/acofi.edu.co\/eiei2014\/wp-content\/uploads\/2014\/07\/ABET_LOGO_302_1245_RGB.jpg\"><img loading=\"lazy\" class=\"aligncenter size-full wp-image-679\" src=\"http:\/\/acofi.edu.co\/eiei2014\/wp-content\/uploads\/2014\/07\/ABET_LOGO_302_1245_RGB.jpg\" alt=\"ABET_LOGO_302_1245_RGB\" width=\"612\" height=\"186\" srcset=\"http:\/\/acofi.edu.co\/eiei2014\/wp-content\/uploads\/2014\/07\/ABET_LOGO_302_1245_RGB.jpg 612w, http:\/\/acofi.edu.co\/eiei2014\/wp-content\/uploads\/2014\/07\/ABET_LOGO_302_1245_RGB-300x91.jpg 300w\" sizes=\"(max-width: 612px) 100vw, 612px\" \/><\/a><\/p>\n<p><strong style=\"color: #000000;\">Lugar<\/strong><span style=\"color: #000000;\">: Claustro La Merced de la Universidad de Cartagena, ubicado en el centro hist\u00f3rico junto al Teatro Adolfo Mej\u00eda (Teatro Heredia)\u00a0Cra. 4\u00aa x Calle 38 (ver mapa)<\/span><\/p>\n<p>Auditorio, segundo piso<\/p>\n<p><strong>Horario<\/strong>:\u00a008:00 \u2013 17:00 horas<\/p>\n<p>Este taller de un d\u00eda se encuentra especialmente dirigido a personas interesadas en el programa de evaluaci\u00f3n. Las sesiones previstas se centran en el dise\u00f1o de los objetivos educativos del programa, por lo que los resultados estudiantiles medible, la creaci\u00f3n de matrices de valoraci\u00f3n, y el an\u00e1lisis de los datos de evaluaci\u00f3n.<\/p>\n<p>El taller se centra principalmente en los Criterios ABET:<\/p>\n<ul>\n<li>2: Objetivos del Programa de Educaci\u00f3n<\/li>\n<li>3: Resultados de Estudiantes<\/li>\n<li>4: Mejoramiento Continuo.<\/li>\n<\/ul>\n<p><strong>Facilitadora<\/strong><\/p>\n<p>Dr. Rochelle Williams<\/p>\n<p><strong>Observaciones<\/strong><\/p>\n<p><em><strong>**El taller ser\u00e1 desarrollado en su totalidad en ingl\u00e9s y no habr\u00e1 traducci\u00f3n simultanea.<\/strong><\/em><\/p>\n<p><strong style=\"color: #000000;\">Mapa de ubicaci\u00f3n<\/strong><\/p>\n<p><a href=\"http:\/\/acofi.edu.co\/eiei2014\/wp-content\/uploads\/2014\/02\/Mapa-Claustro.jpg\"><img loading=\"lazy\" class=\"aligncenter size-full wp-image-478\" src=\"http:\/\/acofi.edu.co\/eiei2014\/wp-content\/uploads\/2014\/02\/Mapa-Claustro.jpg\" alt=\"Mapa Claustro\" width=\"906\" height=\"926\" srcset=\"http:\/\/acofi.edu.co\/eiei2014\/wp-content\/uploads\/2014\/02\/Mapa-Claustro.jpg 906w, http:\/\/acofi.edu.co\/eiei2014\/wp-content\/uploads\/2014\/02\/Mapa-Claustro-293x300.jpg 293w\" sizes=\"(max-width: 906px) 100vw, 906px\" \/><\/a><\/p>\n<p>&nbsp;<\/p>\n","protected":false},"excerpt":{"rendered":"<p>Taller Fundamentals of Program Assessment Lugar: Claustro La Merced de la Universidad de Cartagena, ubicado en el centro hist\u00f3rico junto al Teatro Adolfo Mej\u00eda (Teatro Heredia)\u00a0Cra. 4\u00aa x Calle 38 (ver mapa) Auditorio, segundo piso Horario:\u00a008:00 \u2013 17:00 horas Este taller de un d\u00eda se encuentra especialmente dirigido a personas interesadas en el programa de<\/p>\n<p><a class=\"moretag\" href=\"http:\/\/acofi.edu.co\/eiei2014\/talleres\/taller-fundamentals-of-program-assessment\/\" > Read the full article ><\/a><\/p>\n","protected":false},"author":1,"featured_media":0,"parent":30,"menu_order":0,"comment_status":"open","ping_status":"open","template":"","meta":[],"_links":{"self":[{"href":"http:\/\/acofi.edu.co\/eiei2014\/wp-json\/wp\/v2\/pages\/612"}],"collection":[{"href":"http:\/\/acofi.edu.co\/eiei2014\/wp-json\/wp\/v2\/pages"}],"about":[{"href":"http:\/\/acofi.edu.co\/eiei2014\/wp-json\/wp\/v2\/types\/page"}],"author":[{"embeddable":true,"href":"http:\/\/acofi.edu.co\/eiei2014\/wp-json\/wp\/v2\/users\/1"}],"replies":[{"embeddable":true,"href":"http:\/\/acofi.edu.co\/eiei2014\/wp-json\/wp\/v2\/comments?post=612"}],"version-history":[{"count":10,"href":"http:\/\/acofi.edu.co\/eiei2014\/wp-json\/wp\/v2\/pages\/612\/revisions"}],"predecessor-version":[{"id":1009,"href":"http:\/\/acofi.edu.co\/eiei2014\/wp-json\/wp\/v2\/pages\/612\/revisions\/1009"}],"up":[{"embeddable":true,"href":"http:\/\/acofi.edu.co\/eiei2014\/wp-json\/wp\/v2\/pages\/30"}],"wp:attachment":[{"href":"http:\/\/acofi.edu.co\/eiei2014\/wp-json\/wp\/v2\/media?parent=612"}],"curies":[{"name":"wp","href":"https:\/\/api.w.org\/{rel}","templated":true}]}}