{"id":601,"date":"2014-07-15T16:26:23","date_gmt":"2014-07-15T16:26:23","guid":{"rendered":"http:\/\/acofi.edu.co\/eiei2014\/?page_id=601"},"modified":"2014-10-14T16:16:45","modified_gmt":"2014-10-14T16:16:45","slug":"taller-ascor-acofi","status":"publish","type":"page","link":"http:\/\/acofi.edu.co\/eiei2014\/talleres\/taller-ascor-acofi\/","title":{"rendered":"Taller ASCOR"},"content":{"rendered":"<p><strong>Taller ASCOR<\/strong><\/p>\n<p><strong>Ense\u00f1anza de la integridad, estabilidad, deterioro y protecci\u00f3n de los materiales como aspecto transversal en la formaci\u00f3n b\u00e1sica de los futuros ingenieros<\/strong><\/p>\n<p><a href=\"http:\/\/acofi.edu.co\/eiei2014\/wp-content\/uploads\/2014\/07\/Logo_ascor_2006_small.jpg\"><img loading=\"lazy\" class=\"aligncenter size-full wp-image-683\" src=\"http:\/\/acofi.edu.co\/eiei2014\/wp-content\/uploads\/2014\/07\/Logo_ascor_2006_small.jpg\" alt=\"image description\" width=\"355\" height=\"150\" srcset=\"http:\/\/acofi.edu.co\/eiei2014\/wp-content\/uploads\/2014\/07\/Logo_ascor_2006_small.jpg 355w, http:\/\/acofi.edu.co\/eiei2014\/wp-content\/uploads\/2014\/07\/Logo_ascor_2006_small-300x126.jpg 300w\" sizes=\"(max-width: 355px) 100vw, 355px\" \/><\/a><\/p>\n<p><strong>Lugar<\/strong>:\u00a0Cotecmar (Mamonal ver mapa)<\/p>\n<p><strong>Horario<\/strong>: 10:00 \u2013 19:00 horas<\/p>\n<p><strong>Coordinador<\/strong>: Oscar Rosa Mattos. Experto de nivel mundial en el estudio electroqu\u00edmico de la corrosi\u00f3n y protecci\u00f3n de los materiales y Director del Laboratorio de Corrosi\u00f3n de la Universidad Federal de R\u00edo de Janeiro, financiado por Petrobras.<\/p>\n<p><strong>Participantes<\/strong>: 30 profesores provenientes de diferentes Facultades y Escuelas de Ingenier\u00eda de todo el pa\u00eds y empresas, de acuerdo con la respuesta a la invitaci\u00f3n a presentar una ponencia de 10 minutos sobre el tema.<\/p>\n<p><strong>Agenda:<\/strong><\/p>\n<p>09:45 \u2013 10:00\u00a0\u00a0\u00a0\u00a0\u00a0 Salida del bus. Centro de Convenciones<\/p>\n<p>10:00 \u2013 11:00\u00a0\u00a0\u00a0\u00a0\u00a0 Recorrido a Cotecmar<\/p>\n<p>11:00 \u2013 11:30\u00a0\u00a0\u00a0\u00a0\u00a0 Apertura. John Willian Branch, Presidente de ACOFI. Enrique Vera, Presidente de ASCOR<\/p>\n<p>11:30 \u2013 12:30\u00a0\u00a0\u00a0\u00a0\u00a0 Presentaci\u00f3n trabajos universitarios seleccionados para el Workshop<\/p>\n<p>12:30 \u2013 13:30\u00a0\u00a0\u00a0\u00a0\u00a0 Almuerzo Ofrecido por ASCOR.<\/p>\n<p>13:30 \u2013 14:30\u00a0\u00a0\u00a0\u00a0\u00a0 Presentaci\u00f3n de ponencias de empresas invitadas por la organizaci\u00f3n<\/p>\n<p>14:30 \u2013 16:00\u00a0\u00a0\u00a0\u00a0\u00a0 Presentaci\u00f3n COTECMAR. Importancia y manejo que le da a los materiales; expectativas frente a la formaci\u00f3n de los ingenieros, pol\u00edticas y recursos de I+D asociados con el tema del Workshop, recorrido y pr\u00e1ctica<\/p>\n<p>16:00 \u2013 16:20\u00a0\u00a0\u00a0\u00a0\u00a0 Receso \u2013 caf\u00e9<\/p>\n<p>16:20 \u2013 17:10\u00a0\u00a0\u00a0\u00a0\u00a0 Comentarios sobre los trabajos recibidos, la experiencia en el taller y aportes a la discusi\u00f3n desde su perspectiva. Oscar Rosa Mattos<\/p>\n<p>17:10 \u2013 18:15\u00a0\u00a0\u00a0\u00a0\u00a0 An\u00e1lisis y discusi\u00f3n en mesas de trabajo<\/p>\n<p>18:15 &#8211; 19:00\u00a0\u00a0\u00a0\u00a0\u00a0\u00a0 Plenaria de presentaci\u00f3n de relator\u00edas, an\u00e1lisis y conclusiones<\/p>\n<p><em><strong>**Transporte: se proporcionar\u00e1 transporte a todos los participantes, entre el Centro de Convenciones de Cartagena y Cotecmar.<\/strong><\/em><\/p>\n<p><strong>Mapa de ubicaci\u00f3n<\/strong><\/p>\n<p><a href=\"http:\/\/acofi.edu.co\/eiei2014\/wp-content\/uploads\/2014\/07\/Mapa-Cotecmar.jpg\"><img loading=\"lazy\" class=\"aligncenter size-full wp-image-677\" src=\"http:\/\/acofi.edu.co\/eiei2014\/wp-content\/uploads\/2014\/07\/Mapa-Cotecmar.jpg\" alt=\"Mapa Cotecmar\" width=\"573\" height=\"702\" srcset=\"http:\/\/acofi.edu.co\/eiei2014\/wp-content\/uploads\/2014\/07\/Mapa-Cotecmar.jpg 573w, http:\/\/acofi.edu.co\/eiei2014\/wp-content\/uploads\/2014\/07\/Mapa-Cotecmar-244x300.jpg 244w\" sizes=\"(max-width: 573px) 100vw, 573px\" \/><\/a><\/p>\n<p>&nbsp;<\/p>\n","protected":false},"excerpt":{"rendered":"<p>Taller ASCOR Ense\u00f1anza de la integridad, estabilidad, deterioro y protecci\u00f3n de los materiales como aspecto transversal en la formaci\u00f3n b\u00e1sica de los futuros ingenieros Lugar:\u00a0Cotecmar (Mamonal ver mapa) Horario: 10:00 \u2013 19:00 horas Coordinador: Oscar Rosa Mattos. Experto de nivel mundial en el estudio electroqu\u00edmico de la corrosi\u00f3n y protecci\u00f3n de los materiales y Director<\/p>\n<p><a class=\"moretag\" href=\"http:\/\/acofi.edu.co\/eiei2014\/talleres\/taller-ascor-acofi\/\" > Read the full article ><\/a><\/p>\n","protected":false},"author":1,"featured_media":0,"parent":30,"menu_order":0,"comment_status":"open","ping_status":"open","template":"","meta":[],"_links":{"self":[{"href":"http:\/\/acofi.edu.co\/eiei2014\/wp-json\/wp\/v2\/pages\/601"}],"collection":[{"href":"http:\/\/acofi.edu.co\/eiei2014\/wp-json\/wp\/v2\/pages"}],"about":[{"href":"http:\/\/acofi.edu.co\/eiei2014\/wp-json\/wp\/v2\/types\/page"}],"author":[{"embeddable":true,"href":"http:\/\/acofi.edu.co\/eiei2014\/wp-json\/wp\/v2\/users\/1"}],"replies":[{"embeddable":true,"href":"http:\/\/acofi.edu.co\/eiei2014\/wp-json\/wp\/v2\/comments?post=601"}],"version-history":[{"count":13,"href":"http:\/\/acofi.edu.co\/eiei2014\/wp-json\/wp\/v2\/pages\/601\/revisions"}],"predecessor-version":[{"id":1017,"href":"http:\/\/acofi.edu.co\/eiei2014\/wp-json\/wp\/v2\/pages\/601\/revisions\/1017"}],"up":[{"embeddable":true,"href":"http:\/\/acofi.edu.co\/eiei2014\/wp-json\/wp\/v2\/pages\/30"}],"wp:attachment":[{"href":"http:\/\/acofi.edu.co\/eiei2014\/wp-json\/wp\/v2\/media?parent=601"}],"curies":[{"name":"wp","href":"https:\/\/api.w.org\/{rel}","templated":true}]}}