{"id":456,"date":"2014-06-10T14:45:00","date_gmt":"2014-06-10T14:45:00","guid":{"rendered":"http:\/\/acofi.edu.co\/eiei2014\/?page_id=456"},"modified":"2014-10-02T13:46:57","modified_gmt":"2014-10-02T13:46:57","slug":"taller-geio","status":"publish","type":"page","link":"http:\/\/acofi.edu.co\/eiei2014\/talleres\/taller-geio\/","title":{"rendered":"Taller GEIO"},"content":{"rendered":"<p><strong>TALLER EN\u00a0METODOLOG\u00cdAS\u00a0L\u00daDICAS PARA LA EVALUACI\u00d3N POR COMPETENCIAS<\/strong><\/p>\n<p><a href=\"http:\/\/acofi.edu.co\/eiei2014\/wp-content\/uploads\/2014\/06\/logo_geio_2014.jpg\"><img loading=\"lazy\" class=\"aligncenter size-full wp-image-722\" src=\"http:\/\/acofi.edu.co\/eiei2014\/wp-content\/uploads\/2014\/06\/logo_geio_2014.jpg\" alt=\"logo_geio_2014\" width=\"656\" height=\"260\" srcset=\"http:\/\/acofi.edu.co\/eiei2014\/wp-content\/uploads\/2014\/06\/logo_geio_2014.jpg 656w, http:\/\/acofi.edu.co\/eiei2014\/wp-content\/uploads\/2014\/06\/logo_geio_2014-300x118.jpg 300w\" sizes=\"(max-width: 656px) 100vw, 656px\" \/><\/a><\/p>\n<p><strong>Lugar<\/strong>: Claustro La Merced de la Universidad de Cartagena, ubicado en el centro hist\u00f3rico junto al Teatro Adolfo Mej\u00eda (Teatro Heredia)\u00a0Cra. 4\u00aa x Calle 38 (ver mapa)<br \/>\nAula 204<\/p>\n<p><strong>Horario<\/strong>: 14:00 &#8211; 18:00 horas<\/p>\n<p>GEIO, Grupo en la Ense\u00f1anza de la Investigaci\u00f3n de Operaciones y de la Ingenier\u00eda en General de la Universidad Tecnol\u00f3gica de Pereira, es un equipo conformado por docentes y estudiantes, con m\u00e1s de 15 a\u00f1os de experiencia en la investigaci\u00f3n y creaci\u00f3n de nuevas metodolog\u00edas de ense\u00f1anza, basadas en la l\u00fadica y el constructivismo. GEIO nace como la atenci\u00f3n a una necesidad sentida de cambio de una cultura pedag\u00f3gica reduccionista hacia una moderna constructivista. En el a\u00f1o 2001 se llevaron los primeros ejercicios al sal\u00f3n de clase, y desde entonces se ha crecido en forma constante y firme. Desde el a\u00f1o 2002 se incursion\u00f3 en \u00e1mbitos nacionales e internacionales, con la presentaci\u00f3n de m\u00e1s de 20 ponencias en congresos nacionales y cinco en congresos internacionales, (INFORMS en Atlanta, ELAVIO en Villa de Leyva,\u00a0 CLAIO en Montevideo, IOCA en Bolivia y WEEF ACOFI en Cartagena). Actualmente el equipo GEIO hace parte de la RED IDDEAL (Red de Investigaci\u00f3n, Desarrollo y Divulgaci\u00f3n de los procesos de Ense\u00f1anza-Aprendizaje a trav\u00e9s de la L\u00fadica), conformada por 22 instituciones del pa\u00eds que han contratado los servicios investigativos y de capacitaci\u00f3n que este ofrece, para formar grupos de investigaci\u00f3n dedicados a ense\u00f1ar temas de Ingenier\u00eda Industrial a trav\u00e9s de la l\u00fadica. Estas Universidades son:<\/p>\n<ol>\n<li>Universidad Tecnol\u00f3gica de Pereira (Pereira).<\/li>\n<li>CUAO (Corporaci\u00f3n Aut\u00f3noma de Occidente, Cali).<\/li>\n<li>Pontificia Universidad Javeriana (Cali).<\/li>\n<li>Universidad de C\u00f3rdoba (Monter\u00eda).<\/li>\n<li>Unidad Central de Valle (Tulu\u00e1).<\/li>\n<li>Fundaci\u00f3n Universitaria Tecnol\u00f3gico Comfenalco (Cartagena).<\/li>\n<li>Universidad Libre sede Bogot\u00e1.<\/li>\n<li>Fundaci\u00f3n Centro de Investigaci\u00f3n, Docencia y Consultor\u00eda Administrativa, CIDCA (Pereira).<\/li>\n<li>Universidad de Antioquia (Medell\u00edn).<\/li>\n<li>Universidad del Tolima (Ibagu\u00e9).<\/li>\n<li>Universidad Central (Bogot\u00e1).<\/li>\n<li>Universidad del Norte (Barranquilla).<\/li>\n<li>Universidad de la Sabana (Bogot\u00e1).<\/li>\n<li>Universidad Distrital Francisco Jos\u00e9 de Caldas, (Facultad Tecnol\u00f3gica, Bogot\u00e1).<\/li>\n<li>Corporaci\u00f3n Universitaria Republicana (Bogot\u00e1).<\/li>\n<li>Escuela Colombiana de Carreras Industriales ECCI (Bogot\u00e1).<\/li>\n<li>Universidad Aut\u00f3noma del Caribe (Barranquilla).<\/li>\n<li>Universidad Industrial de Santander (Bucaramanga).<\/li>\n<li>Universidad ICESI (Cali).<\/li>\n<li>Universidad de la Salle (Bogot\u00e1).<\/li>\n<li>Universidad Militar Nueva Granada (Bogot\u00e1).<\/li>\n<li>Universidad Libre (Pereira).<\/li>\n<\/ol>\n<p>El equipo posee 9 l\u00edneas de investigaci\u00f3n en las cuales se desarrollan una serie de l\u00fadicas relacionadas con temas espec\u00edficos. A continuaci\u00f3n se muestra una descripci\u00f3n detallada de cada l\u00ednea:<\/p>\n<table>\n<thead>\n<tr>\n<td><strong>L\u00ednea de Investigaci\u00f3n<\/strong><\/td>\n<td><strong>Descripci\u00f3n.<\/strong><\/td>\n<\/tr>\n<\/thead>\n<tbody>\n<tr>\n<td>Antropolog\u00eda Industrial<\/td>\n<td>Involucra los procesos de ense\u00f1anza que tienen que ver con el comportamiento, las problem\u00e1ticas y las reacciones del ser humano como ente social perteneciente a una organizaci\u00f3n. El uso del humor como herramienta pedag\u00f3gica.\u00a0 Recorrido cronol\u00f3gico por la historia de la producci\u00f3n.<\/td>\n<\/tr>\n<tr>\n<td>Administraci\u00f3n<\/td>\n<td>Comprende el planteamiento de \u201cmicromundos\u201d en los que se ejercitan las competencias administrativas de los participantes, tales como: comunicaci\u00f3n, trabajo en equipo, toma de decisiones, liderazgo, soluci\u00f3n de conflictos, permitiendo plantear problem\u00e1ticas y buscar soluciones en conjunto.<\/td>\n<\/tr>\n<tr>\n<td>Producci\u00f3n B\u00e1sica<\/td>\n<td>El participante puede VER y VIVENCIAR el conjunto de conceptos b\u00e1sicos relacionados con la producci\u00f3n y la optimizaci\u00f3n, permitiendo un acercamiento hacia una de las ramas m\u00e1s importantes en la Ingenier\u00eda Industrial.<\/td>\n<\/tr>\n<tr>\n<td>Producci\u00f3n Esbelta<\/td>\n<td>Se ense\u00f1an varios de los conceptos claves para el entendimiento y funcionamiento de las herramientas que ofrece la Manufactura Esbelta (Lean Manufacturing). Desde una pr\u00e1ctica sencilla se llega al entendimiento de conceptos complejos usados en la realidad.<\/td>\n<\/tr>\n<tr>\n<td>Aleatoriedad<\/td>\n<td>Con ejercicios pr\u00e1cticos y sencillos, se muestran varios elementos claves para el entendimiento y aplicaci\u00f3n de procesos donde la estad\u00edstica y la aleatoriedad juegan un papel fundamental.<\/td>\n<\/tr>\n<tr>\n<td>Sistemas Din\u00e1micos<\/td>\n<td>Esta l\u00ednea comprende los elementos b\u00e1sicos para lograr el acercamiento hacia la Din\u00e1mica de Sistemas. Los arquetipos sist\u00e9micos y la serie de cuentos propuestos por Linda Booth Sweeney investigadora y escritora del MIT dedicada a la pedagog\u00eda de la Teor\u00eda de Sistemas, son los pilares iniciales para su posterior aplicaci\u00f3n a todos los sistemas en los cuales nos encontramos inmersos. L\u00fadicas m\u00e1s complejas como el Fish Banks ofrecen escenarios de aplicaci\u00f3n de las habilidades y competencias necesarias para la aprehensi\u00f3n de la Din\u00e1mica de Sistemas.<\/td>\n<\/tr>\n<tr>\n<td>Cadenas de Suministro<\/td>\n<td>Involucra conceptos y procesos relacionados con la Administraci\u00f3n de la Cadena de Suministro (Supply Chain Management), con la implementaci\u00f3n de famosas l\u00fadicas como Beer Game en lo correspondiente a la SCM externa y el caso MICSS (simulador de un ERP) como alternativa desde la inform\u00e1tica para el an\u00e1lisis de la SCM interna.<\/td>\n<\/tr>\n<tr>\n<td>Job Shop<\/td>\n<td>Se pueden evidenciar las caracter\u00edsticas de los sistemas dedicados a producir en poca cantidad, pero en mucha variedad. Se han logrado importantes avances en esta l\u00ednea, comenzando con un escenario sencillo para mostrar esta tem\u00e1tica, y luego llev\u00e1ndola a un nivel mucho m\u00e1s real, con la l\u00fadica F\u00e1brica de Camisas y su desarrollo desde los conceptos de producci\u00f3n y la Manufactura Esbelta.<\/td>\n<\/tr>\n<tr>\n<td>Flow Shop<\/td>\n<td>Presenta las caracter\u00edsticas de las t\u00e9cnicas de producci\u00f3n en serie, involucrando muchos conceptos y escenarios vividos en una f\u00e1brica real. Nuestro experimento m\u00e1s grande: 2000 fichas de lego, 30 personas participando, 200 unidades producidas en 10 min. Es la F\u00c1BRICA EN EL SAL\u00d3N DE CLASE.<\/td>\n<\/tr>\n<\/tbody>\n<\/table>\n<p>En el a\u00f1o 2014, GEIO participar\u00e1 en el Encuentro Internacional de Educaci\u00f3n en Ingenier\u00eda ACOFI 2014 \u00a0presentando algunas de sus l\u00fadicas durante una jornada del evento a manera de taller o workshop, como actividad paralela a las ponencias y presentaciones que se realizar\u00e1n. La propuesta en esta ocasi\u00f3n gira alrededor de la presentaci\u00f3n de actividades que permitan a los asistentes <strong>observar, aplicar y discutir la utilizaci\u00f3n de l\u00fadicas como escenarios para la evaluaci\u00f3n por competencias.<\/strong><\/p>\n<p>A continuaci\u00f3n se presente de manera detallada la informaci\u00f3n del taller:<\/p>\n<p><strong>JUSTIFICACI\u00d3N<\/strong><\/p>\n<p>Las l\u00fadicas propuestas por GEIO surgen como una necesidad sentida de llevar a los salones de clase micromundos en donde los estudiantes de Ingenier\u00eda puedan VER, VIVIR Y APLICAR los conceptos que de forma te\u00f3rica han recibido a lo largo de sus carreras.<\/p>\n<p>Partiendo de esta necesidad, GEIO da cabida a todas aquellas actividades que potencien, desde el enfoque constructivista, las competencias claves para el desempe\u00f1o id\u00f3neo del ingeniero, ya que el actual mercado laboral exige determinadas caracter\u00edsticas a los profesionales para su inclusi\u00f3n en dicho mercado. La idea es entonces promover y articular desde el enfoque metodol\u00f3gico del equipo GEIO lo que el medio exige con lo que la academia ofrece y de esta manera cerrar la brecha que ha venido creciendo en este sentido.<\/p>\n<p>Actualmente muchas universidades est\u00e1n llevando a cabo un proceso de modernizaci\u00f3n curricular, pasando de enfoques conductuales de ense\u00f1anza a uno fundamentado en la formaci\u00f3n por competencias que busca la\u00a0 educaci\u00f3n integral del profesional desde las esferas del saber, saber hacer y saber ser.<\/p>\n<p>Esta formaci\u00f3n por competencias requiere una evoluci\u00f3n de los m\u00e9todos de evaluaci\u00f3n tradicionales, pasando de un enfoque que com\u00fanmente favorece el mecanicismo y la memoria a uno que permita, en mayor grado, identificar el verdadero dominio de los saberes construidos por los estudiantes con la facilitaci\u00f3n del docente. Se busca una evaluaci\u00f3n en la cual se pueda percibir si los estudiantes trascienden del conocimiento te\u00f3rico al nivel pr\u00e1ctico, donde es posible transformar una realidad espec\u00edfica recreada en los micromundos l\u00fadicos.<\/p>\n<p>Con base en lo anterior, se presenta un taller workshop con actividades l\u00fadicas como ambientes simulados para la formaci\u00f3n y evaluaci\u00f3n por competencias, adaptando al \u00e1mbito educativo, herramientas usadas a nivel empresarial para procesos de selecci\u00f3n de personal llamadas Assessment Center o Centros de Evaluaci\u00f3n.<\/p>\n<p><strong>OBJETIVOS<\/strong><\/p>\n<p><strong>General<\/strong><\/p>\n<p>Realizar un workshop paralelo a las ponencias y presentaciones del Encuentro Internacional de Educaci\u00f3n en Ingenier\u00eda\u00a0 ACOFI 2014, en el cual se muestre la puesta en escena de micromundos l\u00fadicos para la formaci\u00f3n y evaluaci\u00f3n por competencias en la educaci\u00f3n superior.<\/p>\n<p><strong>Espec\u00edficos<\/strong><strong>\u00a0<\/strong><\/p>\n<ul>\n<li>Desarrollar actividades l\u00fadicas que estimulen y evidencien la puesta en pr\u00e1ctica de competencias espec\u00edficas por parte de los participantes.<\/li>\n<\/ul>\n<ul>\n<li>Proponer y aplicar un modelo de evaluaci\u00f3n que permita determinar el nivel de dominio de las competencias espec\u00edficas observadas en los participantes durante la actividad l\u00fadica.<\/li>\n<\/ul>\n<ul>\n<li>Retroalimentar con los participantes el modelo de evaluaci\u00f3n propuesto.<\/li>\n<\/ul>\n<ul>\n<li>Vivenciar c\u00f3mo en los micromundos l\u00fadicos se potencia el rol activo de los participantes en su propio aprendizaje y como agentes de cambio de realidades, todo ello en interacci\u00f3n con sus pares.<\/li>\n<\/ul>\n<p><strong>DESARROLLO DEL TALLER (4 horas)<\/strong><\/p>\n<p><strong>Nombre de la l\u00fadica: <\/strong>Rouge River<\/p>\n<p><strong>Descripci\u00f3n de la l\u00fadica: <\/strong>recibe este nombre como homenaje a la gran f\u00e1brica de Henry Ford donde se produjeron millones de autom\u00f3viles modelo \u201cT\u201d. Es un micromundo que simula una planta de producci\u00f3n, dise\u00f1ada a prop\u00f3sito con importantes falencias en el flujo del proceso productivo, manejo de inventarios y distribuci\u00f3n de planta, por lo cual se convierte en un excelente escenario para vivenciar las llamadas MUDAS o desperdicios presentes en los procesos productivos y a su vez permite a los participantes generar explosiones de creatividad con propuestas de mejora y\u00a0 manifestar competencias administrativas en este proceso de intervenci\u00f3n al sistema.<\/p>\n<p><strong>Competencias a evaluar<\/strong><strong>\u00a0<\/strong><\/p>\n<ul>\n<li>Conocimiento de Mudas\/Desperdicios en la manufactura<\/li>\n<li>Trabajo en equipo<\/li>\n<\/ul>\n<p><strong>Desarrollo del taller<\/strong><\/p>\n<ul>\n<li><strong>Fase 1 (duraci\u00f3n: 30 minutos):<\/strong> se presenta una descripci\u00f3n general de la actividad, especificando las instrucciones del juego, los objetivos a alcanzar y el \u00a0uso de las rubricas de evaluaci\u00f3n.<\/li>\n<li><strong>Fase 2 (duraci\u00f3n: 60 minutos):<\/strong> puesta en marcha de la planta de producci\u00f3n como originalmente est\u00e1 dise\u00f1ada.<\/li>\n<li><strong>Fase 3 (duraci\u00f3n: 30 minutos):<\/strong> identificaci\u00f3n de errores y puntos de intervenci\u00f3n en la planta de producci\u00f3n por parte de los participantes.\u00a0 Elaboraci\u00f3n del plan de mejoras seg\u00fan las falencias encontradas en los resultados de la primera corrida.<\/li>\n<li><strong>Fase 4 (duraci\u00f3n 60 minutos):<\/strong> implementaci\u00f3n de la propuesta de mejora\u00a0 y medici\u00f3n de los resultados vs los originalmente obtenidos en la primera corrida<\/li>\n<li><strong>Fase 5 (duraci\u00f3n 60 minutos): <\/strong>socializaci\u00f3n de los evaluadores para identificaci\u00f3n del nivel de desarrollo de las competencias en los participantes.<\/li>\n<\/ul>\n<p><strong>FACILITADORES<\/strong><\/p>\n<p><strong>WILSON ARENAS VALENCIA<\/strong> Ingeniero Industrial, Magister en Investigaci\u00f3n Operativa y Estad\u00edstica, Decano Facultad de Ingenier\u00eda Industrial de la Universidad Tecnol\u00f3gica de Pereira, Director del grupo de Investigaci\u00f3n GEIO.<\/p>\n<p><strong>CARLOS MAURICIO ZULUAGA RAM\u00cdREZ<\/strong> Ingeniero Industrial, Magister en Desarrollo Humano y Organizacional, Docente Facultad de Ingenier\u00eda Industrial de la Universidad Tecnol\u00f3gica de Pereira. Coordinador del Grupo GEIO.<\/p>\n<p><strong>ERIKA MILENA ECHEVERRY LONDO\u00d1O<\/strong> Ingeniera Industrial, Magister en Desarrollo Humano y Organizacional, Docente Facultad de Ingenier\u00eda Industrial de la Universidad Tecnol\u00f3gica de Pereira.\u00a0 Miembro activo y coinvestigadora del Grupo GEIO.<\/p>\n<p><strong>NATALIA BOH\u00d3RQUEZ BEDOYA<\/strong> Ingeniera Industrial, Magister en Ecotecnolog\u00eda, Docente Facultad de Ingenier\u00eda Industrial de la Universidad Tecnol\u00f3gica de Pereira.\u00a0 Miembro activo y coinvestigadora del Grupo GEIO.<\/p>\n<p>Los invitamos a visitar<\/p>\n<p><strong>P\u00e1gina principal del grupo GEIO en la Universidad Tecnol\u00f3gica de Pereira:<\/strong><\/p>\n<p><span style=\"color: #0000ff;\"><em><a href=\"www.geioutp.tk%20\"><span style=\"color: #0000ff;\">www.geioutp.tk<\/span><\/a><\/em><\/span><\/p>\n<p><span style=\"color: #0000ff;\"><em><a href=\"http:\/\/industrial.utp.edu.co\/laboratorios\/investigacion-operaciones\/\"><span style=\"color: #0000ff;\">http:\/\/industrial.utp.edu.co\/laboratorios\/investigacion-operaciones\/<\/span><\/a><\/em><\/span><\/p>\n<p><strong>Blog interactivo de la Comunidad Nacional GEIO:<\/strong><\/p>\n<p><span style=\"color: #0000ff;\"><em><a href=\"http:\/\/www.comgeio.blogspot.com\/\"><span style=\"color: #0000ff;\">www.comgeio.blogspot.com<\/span><\/a><\/em><\/span><\/p>\n<p><strong>P\u00e1gina del X Encuentro de la Comunidad GEIO y III Encuentro de la Red IDDEAL a realizarse en el mes de agosto del a\u00f1o 2014 en la Universidad Tecnol\u00f3gica de Pereira.<\/strong><\/p>\n<p><span style=\"color: #0000ff;\"><em><a href=\"www.xencuentro2014.tk\"><span style=\"color: #0000ff;\">www.xencuentro2014.tk<\/span><\/a><\/em><\/span><\/p>\n<p><strong>Mapa de ubicaci\u00f3n<\/strong><\/p>\n<p><a href=\"http:\/\/acofi.edu.co\/eiei2014\/wp-content\/uploads\/2014\/02\/Mapa-Claustro.jpg\"><img loading=\"lazy\" class=\"aligncenter size-full wp-image-478\" src=\"http:\/\/acofi.edu.co\/eiei2014\/wp-content\/uploads\/2014\/02\/Mapa-Claustro.jpg\" alt=\"Mapa Claustro\" width=\"906\" height=\"926\" srcset=\"http:\/\/acofi.edu.co\/eiei2014\/wp-content\/uploads\/2014\/02\/Mapa-Claustro.jpg 906w, http:\/\/acofi.edu.co\/eiei2014\/wp-content\/uploads\/2014\/02\/Mapa-Claustro-293x300.jpg 293w\" sizes=\"(max-width: 906px) 100vw, 906px\" \/><\/a><\/p>\n<p>&nbsp;<\/p>\n","protected":false},"excerpt":{"rendered":"<p>TALLER EN\u00a0METODOLOG\u00cdAS\u00a0L\u00daDICAS PARA LA EVALUACI\u00d3N POR COMPETENCIAS Lugar: Claustro La Merced de la Universidad de Cartagena, ubicado en el centro hist\u00f3rico junto al Teatro Adolfo Mej\u00eda (Teatro Heredia)\u00a0Cra. 4\u00aa x Calle 38 (ver mapa) Aula 204 Horario: 14:00 &#8211; 18:00 horas GEIO, Grupo en la Ense\u00f1anza de la Investigaci\u00f3n de Operaciones y de la Ingenier\u00eda<\/p>\n<p><a class=\"moretag\" href=\"http:\/\/acofi.edu.co\/eiei2014\/talleres\/taller-geio\/\" > Read the full article ><\/a><\/p>\n","protected":false},"author":1,"featured_media":0,"parent":30,"menu_order":0,"comment_status":"open","ping_status":"open","template":"","meta":[],"_links":{"self":[{"href":"http:\/\/acofi.edu.co\/eiei2014\/wp-json\/wp\/v2\/pages\/456"}],"collection":[{"href":"http:\/\/acofi.edu.co\/eiei2014\/wp-json\/wp\/v2\/pages"}],"about":[{"href":"http:\/\/acofi.edu.co\/eiei2014\/wp-json\/wp\/v2\/types\/page"}],"author":[{"embeddable":true,"href":"http:\/\/acofi.edu.co\/eiei2014\/wp-json\/wp\/v2\/users\/1"}],"replies":[{"embeddable":true,"href":"http:\/\/acofi.edu.co\/eiei2014\/wp-json\/wp\/v2\/comments?post=456"}],"version-history":[{"count":16,"href":"http:\/\/acofi.edu.co\/eiei2014\/wp-json\/wp\/v2\/pages\/456\/revisions"}],"predecessor-version":[{"id":1010,"href":"http:\/\/acofi.edu.co\/eiei2014\/wp-json\/wp\/v2\/pages\/456\/revisions\/1010"}],"up":[{"embeddable":true,"href":"http:\/\/acofi.edu.co\/eiei2014\/wp-json\/wp\/v2\/pages\/30"}],"wp:attachment":[{"href":"http:\/\/acofi.edu.co\/eiei2014\/wp-json\/wp\/v2\/media?parent=456"}],"curies":[{"name":"wp","href":"https:\/\/api.w.org\/{rel}","templated":true}]}}