{"id":30,"date":"2014-02-10T15:12:35","date_gmt":"2014-02-10T15:12:35","guid":{"rendered":"http:\/\/localhost\/eiei\/?page_id=30"},"modified":"2014-09-12T20:42:21","modified_gmt":"2014-09-12T20:42:21","slug":"talleres","status":"publish","type":"page","link":"http:\/\/acofi.edu.co\/eiei2014\/talleres\/","title":{"rendered":"Talleres"},"content":{"rendered":"<p><strong>Informaci\u00f3n Importante<\/strong><\/p>\n<ol>\n<li>Los talleres del d\u00eda martes 7 de octubre de 2014 tienen una certificaci\u00f3n diferente de la asistencia al evento.<\/li>\n<li>Solo pueden asistir a los talleres las personas que se hayan inscrito previamente desde la pagina web del respectivo taller y que ya se hayan registrado para asistir al evento.<\/li>\n<li>El cupo a los talleres el limitado y su capacidad depende de la organizaci\u00f3n, verificar el cupo en la p\u00e1gina web de cada taller<\/li>\n<li>Les solicitamos leer cuidadosamente las condiciones espec\u00edficas para asistir a cada taller<\/li>\n<li>Todos los talleres tienen certificado de asistencia exclusivo<\/li>\n<\/ol>\n<p>Los siguientes son los talleres programados para el d\u00eda martes 7 de octubre en el marco del Encuentro.<\/p>\n<p><span style=\"color: #0000ff;\"><em><a href=\"http:\/\/acofi.edu.co\/eiei2014\/talleres\/taller-geio\/\"><span style=\"color: #0000ff;\">Taller GEIO<\/span><\/a><\/em><\/span><\/p>\n<p><span style=\"color: #0000ff;\"><em><a href=\"http:\/\/acofi.edu.co\/eiei2014\/talleres\/taller-ascor-acofi\/\"><span style=\"color: #0000ff;\">Taller Ense\u00f1anza de los Materiales<\/span><\/a><\/em><\/span><\/p>\n<p><span style=\"color: #0000ff;\"><em><a href=\"http:\/\/acofi.edu.co\/eiei2014\/?p=612\"><span style=\"color: #0000ff;\">Taller\u00a0Fundamentals of Program Assessment (ABET)<\/span><\/a><\/em><\/span><\/p>\n<p><span style=\"color: #0000ff;\"><a href=\"http:\/\/acofi.edu.co\/eiei2014\/?p=791\"><span style=\"color: #0000ff;\"><em>Taller STEM<\/em><\/span><\/a><\/span><\/p>\n<p><span style=\"color: #0000ff;\"><em><a href=\"http:\/\/acofi.edu.co\/eiei2014\/?p=838\"><span style=\"color: #0000ff;\">Taller Tecnolog\u00edas de la Informaci\u00f3n<\/span><\/a><\/em><\/span><\/p>\n<p><span style=\"color: #0000ff;\"><em><a href=\"http:\/\/acofi.edu.co\/eiei2014\/?p=858\"><span style=\"color: #0000ff;\">Taller Evaluaci\u00f3n en la Educaci\u00f3n Superior<\/span><\/a><\/em><\/span><\/p>\n","protected":false},"excerpt":{"rendered":"<p>Informaci\u00f3n Importante Los talleres del d\u00eda martes 7 de octubre de 2014 tienen una certificaci\u00f3n diferente de la asistencia al evento. Solo pueden asistir a los talleres las personas que se hayan inscrito previamente desde la pagina web del respectivo taller y que ya se hayan registrado para asistir al evento. El cupo a los<\/p>\n<p><a class=\"moretag\" href=\"http:\/\/acofi.edu.co\/eiei2014\/talleres\/\" > Read the full article ><\/a><\/p>\n","protected":false},"author":1,"featured_media":0,"parent":0,"menu_order":0,"comment_status":"open","ping_status":"open","template":"","meta":[],"_links":{"self":[{"href":"http:\/\/acofi.edu.co\/eiei2014\/wp-json\/wp\/v2\/pages\/30"}],"collection":[{"href":"http:\/\/acofi.edu.co\/eiei2014\/wp-json\/wp\/v2\/pages"}],"about":[{"href":"http:\/\/acofi.edu.co\/eiei2014\/wp-json\/wp\/v2\/types\/page"}],"author":[{"embeddable":true,"href":"http:\/\/acofi.edu.co\/eiei2014\/wp-json\/wp\/v2\/users\/1"}],"replies":[{"embeddable":true,"href":"http:\/\/acofi.edu.co\/eiei2014\/wp-json\/wp\/v2\/comments?post=30"}],"version-history":[{"count":27,"href":"http:\/\/acofi.edu.co\/eiei2014\/wp-json\/wp\/v2\/pages\/30\/revisions"}],"predecessor-version":[{"id":875,"href":"http:\/\/acofi.edu.co\/eiei2014\/wp-json\/wp\/v2\/pages\/30\/revisions\/875"}],"wp:attachment":[{"href":"http:\/\/acofi.edu.co\/eiei2014\/wp-json\/wp\/v2\/media?parent=30"}],"curies":[{"name":"wp","href":"https:\/\/api.w.org\/{rel}","templated":true}]}}