{"id":28,"date":"2014-02-10T15:12:26","date_gmt":"2014-02-10T15:12:26","guid":{"rendered":"http:\/\/localhost\/eiei\/?page_id=28"},"modified":"2014-10-27T17:16:44","modified_gmt":"2014-10-27T17:16:44","slug":"ejes-tematicos-ponencias","status":"publish","type":"page","link":"http:\/\/acofi.edu.co\/eiei2014\/ejes-tematicos-ponencias\/","title":{"rendered":"Ejes tem\u00e1ticos &#038; ponencias"},"content":{"rendered":"<p><strong>PONENCIAS<\/strong><\/p>\n<p>Publicamos algunas de las ponencias presentadas en el marco del evento<\/p>\n<p><span style=\"color: #0000ff;\"><em><a href=\"http:\/\/acofi.edu.co\/eiei2014\/wp-content\/uploads\/2014\/02\/Portfolio3.pdf\"><span style=\"color: #0000ff;\">Portafolio de ponencias<\/span><\/a><\/em><\/span><\/p>\n<p><strong>INSTRUCTIVOS<\/strong><\/p>\n<p>Consulte\u00a0aqu\u00ed el instructivo para la presentaci\u00f3n de trabajos completos, recuerdo leer cuidadosamente este instructivo.<\/p>\n<p><em><span style=\"color: #0000ff;\"><a href=\"http:\/\/acofi.edu.co\/eiei2014\/wp-content\/uploads\/2014\/02\/Instructivo-presentaci\u00f3n-trabajo-completo-2014.pdf\"><span style=\"color: #0000ff;\">Instructivo presentaci\u00f3n trabajo completo<\/span><\/a><\/span><\/em><\/p>\n<p>Consulte aqu\u00ed el instructivo para <strong>presentaciones orales<\/strong>, recuerdo leer cuidadosamente este instructivo.<\/p>\n<p><em><span style=\"color: #0000ff;\"><a href=\"http:\/\/acofi.edu.co\/eiei2014\/wp-content\/uploads\/2014\/02\/Instructivo_Orales_2014.pdf\"><span style=\"color: #0000ff;\">Instructivo presentaciones orales<\/span><\/a><\/span><\/em><\/p>\n<p>Consulte\u00a0aqu\u00ed el instructivo para <strong>presentaciones en p\u00f3ster<\/strong>, recuerdo leer cuidadosamente este instructivo.<\/p>\n<p><span style=\"color: #0000ff;\"><em><a href=\"http:\/\/acofi.edu.co\/eiei2014\/wp-content\/uploads\/2014\/02\/Instructivo_posteres_2014.pdf\"><span style=\"color: #0000ff;\">Instructivo presentaciones en p\u00f3ster<\/span><\/a><\/em><\/span><\/p>\n<p>&nbsp;<\/p>\n<p><strong>LISTADOS<\/strong><\/p>\n<p>Consulte aqu\u00ed el listado de trabajos aceptados para <strong>presentaci\u00f3n oral<\/strong><\/p>\n<p><span style=\"color: #0000ff;\"><em><a href=\"http:\/\/acofi.edu.co\/eiei2014\/wp-content\/uploads\/2014\/02\/Orales-Web.pdf\"><span style=\"color: #0000ff;\">Presentaciones Orales<\/span><\/a><\/em><\/span><\/p>\n<p>Consulte aqu\u00ed el listado de trabajos aceptados para <strong>presentaci\u00f3n\u00a0en p\u00f3ster<\/strong><\/p>\n<p><span style=\"color: #0000ff;\"><em><a href=\"http:\/\/acofi.edu.co\/eiei2014\/wp-content\/uploads\/2014\/02\/P\u00f3steres-Web1.pdf\"><span style=\"color: #0000ff;\">Presentaciones en P\u00f3ster<\/span><\/a><\/em><\/span><\/p>\n<p>Consulte\u00a0aqu\u00ed el listado de res\u00famenes aprobados para el Encuentro<\/p>\n<p><em><span style=\"color: #0000ff;\"><a href=\"http:\/\/acofi.edu.co\/eiei2014\/wp-content\/uploads\/2014\/02\/Res\u00famenes-Aceptados-Web.pdf\"><span style=\"color: #0000ff;\">Res\u00famenes Aceptados<\/span><\/a><\/span><\/em><\/p>\n<p>&nbsp;<\/p>\n<p><strong>HORARIOS PRESENTACIONES ORALES<\/strong><\/p>\n<p>Consulte aqu\u00ed los horarios de las <strong>presentaciones orales<\/strong><\/p>\n<p><span style=\"color: #0000ff;\"><em><a href=\"http:\/\/acofi.edu.co\/eiei2014\/wp-content\/uploads\/2014\/02\/Horarios.pdf\"><span style=\"color: #0000ff;\">Horarios ponencias orales<\/span><\/a><\/em><\/span><\/p>\n<p>&nbsp;<\/p>\n<p><strong>CONVOCATORIA<\/strong><\/p>\n<p>Consulte\u00a0la informaci\u00f3n completa en este enlace\u00a0<strong><em><a href=\"http:\/\/acofi.edu.co\/eiei2014\/wp-content\/uploads\/2014\/02\/Convocatoria-Final-Ampliada.pdf\">Convocatoria<\/a><\/em><\/strong><\/p>\n<p><strong>1. Tendencias en la formaci\u00f3n de ingenieros<\/strong><\/p>\n<p>\u2022 An\u00e1lisis y tendencias de las metodolog\u00edas exitosas en la formaci\u00f3n de ingenieros<br \/>\n\u2022 Tendencias en la ense\u00f1anza de la ingenier\u00eda asociadas al uso de las tecnolog\u00edas<br \/>\n\u2022 La relaci\u00f3n con la formaci\u00f3n b\u00e1sica (colegio) y el rol de las facultades de ingenier\u00eda<br \/>\n\u2022 Experiencias y tendencias sobre alianzas interinstitucionales<\/p>\n<p><strong>2. Aseguramiento de la calidad<\/strong><\/p>\n<p>\u2022 El proceso de assessment en la facultad de ingenier\u00eda y el papel que desempe\u00f1an los actores involucrados<br \/>\n\u2022 Reflexi\u00f3n y an\u00e1lisis de la acreditaci\u00f3n internacional<br \/>\n\u2022 Las certificaciones para programas, profesores y estudiantes<\/p>\n<p><strong>3. Tendencias en el posgrado y la investigaci\u00f3n en ingenier\u00eda<\/strong><\/p>\n<p>\u2022 La relaci\u00f3n pregrado y posgrado en ingenier\u00eda: experiencias y tendencias<br \/>\n\u2022 La investigaci\u00f3n en las maestr\u00edas y doctorados en Ingenier\u00eda<\/p>\n","protected":false},"excerpt":{"rendered":"<p>PONENCIAS Publicamos algunas de las ponencias presentadas en el marco del evento Portafolio de ponencias INSTRUCTIVOS Consulte\u00a0aqu\u00ed el instructivo para la presentaci\u00f3n de trabajos completos, recuerdo leer cuidadosamente este instructivo. Instructivo presentaci\u00f3n trabajo completo Consulte aqu\u00ed el instructivo para presentaciones orales, recuerdo leer cuidadosamente este instructivo. Instructivo presentaciones orales Consulte\u00a0aqu\u00ed el instructivo para presentaciones en<\/p>\n<p><a class=\"moretag\" href=\"http:\/\/acofi.edu.co\/eiei2014\/ejes-tematicos-ponencias\/\" > Read the full article ><\/a><\/p>\n","protected":false},"author":1,"featured_media":0,"parent":0,"menu_order":0,"comment_status":"open","ping_status":"open","template":"","meta":[],"_links":{"self":[{"href":"http:\/\/acofi.edu.co\/eiei2014\/wp-json\/wp\/v2\/pages\/28"}],"collection":[{"href":"http:\/\/acofi.edu.co\/eiei2014\/wp-json\/wp\/v2\/pages"}],"about":[{"href":"http:\/\/acofi.edu.co\/eiei2014\/wp-json\/wp\/v2\/types\/page"}],"author":[{"embeddable":true,"href":"http:\/\/acofi.edu.co\/eiei2014\/wp-json\/wp\/v2\/users\/1"}],"replies":[{"embeddable":true,"href":"http:\/\/acofi.edu.co\/eiei2014\/wp-json\/wp\/v2\/comments?post=28"}],"version-history":[{"count":33,"href":"http:\/\/acofi.edu.co\/eiei2014\/wp-json\/wp\/v2\/pages\/28\/revisions"}],"predecessor-version":[{"id":1083,"href":"http:\/\/acofi.edu.co\/eiei2014\/wp-json\/wp\/v2\/pages\/28\/revisions\/1083"}],"wp:attachment":[{"href":"http:\/\/acofi.edu.co\/eiei2014\/wp-json\/wp\/v2\/media?parent=28"}],"curies":[{"name":"wp","href":"https:\/\/api.w.org\/{rel}","templated":true}]}}