{"id":24,"date":"2014-02-10T15:12:09","date_gmt":"2014-02-10T15:12:09","guid":{"rendered":"http:\/\/localhost\/eiei\/?page_id=24"},"modified":"2014-11-18T14:40:37","modified_gmt":"2014-11-18T14:40:37","slug":"conferencias","status":"publish","type":"page","link":"http:\/\/acofi.edu.co\/eiei2014\/conferencias\/","title":{"rendered":"Conferencias"},"content":{"rendered":"<p><strong>CONFERENCIAS MAGISTRALES<\/strong><\/p>\n<p><span style=\"color: #0000ff;\"><strong>Vicente Alb\u00e9niz L.<\/strong><\/span><br \/>\nEscuela Colombiana de Ingenier\u00eda<br \/>\nColombia<\/p>\n<p><span style=\"color: #0000ff;\"><em><a href=\"http:\/\/acofi.edu.co\/eiei2014\/wp-content\/uploads\/2014\/02\/1-VICENTE-ALBENIZ.pdf\"><span style=\"color: #0000ff;\">Conferencia Inaugural<\/span><\/a><\/em><\/span><\/p>\n<p><span style=\"color: #0000ff;\"><strong>Ericksson Rocha e Almendra<\/strong><\/span><br \/>\nUniversidade Federal Do Rio de Janeiro<br \/>\nBrasil<\/p>\n<p><span style=\"color: #0000ff;\"><em><a href=\"http:\/\/acofi.edu.co\/eiei2014\/wp-content\/uploads\/2014\/02\/2-ERICKSSON-ROCHA-E-ALMENDRA.pdf\"><span style=\"color: #0000ff;\">La formaci\u00f3n de ingenieros en Brasil, Am\u00e9rica Latina y el mundo<\/span><\/a><\/em><\/span><\/p>\n<p><span style=\"color: #0000ff;\"><strong>Carmen Sylvain<\/strong><\/span><br \/>\nEmbajada de Canad\u00e1 en Colombia<br \/>\nCanad\u00e1<\/p>\n<p><span style=\"color: #0000ff;\"><em><a href=\"http:\/\/acofi.edu.co\/eiei2014\/wp-content\/uploads\/2014\/02\/3-CARMEN-SYLVAIN.pdf\"><span style=\"color: #0000ff;\">El acuerdo de libre comercio con Canad\u00e1, oportunidades para las facultades de ingenier\u00eda en Colombia<\/span><\/a><\/em><\/span><\/p>\n<p><span style=\"color: #0000ff;\"><strong>Ishwar Puri<\/strong><\/span><br \/>\nMcMaster University<br \/>\nCanad\u00e1<\/p>\n<p><span style=\"color: #0000ff;\"><em><a href=\"http:\/\/acofi.edu.co\/eiei2014\/wp-content\/uploads\/2014\/02\/4-ISHWAR-PURI.pdf\"><span style=\"color: #0000ff;\">Ingenier\u00eda, nuestro futuro<\/span><\/a><\/em><\/span><\/p>\n<p><span style=\"color: #0000ff;\"><strong>Jos\u00e9 Roberto Cardoso<\/strong><\/span><br \/>\nUniversidades de S<span style=\"color: #000000;\">\u00e3<\/span>o Paulo<br \/>\nBrasil<\/p>\n<p><em><span style=\"color: #0000ff;\"><a href=\"http:\/\/acofi.edu.co\/eiei2014\/wp-content\/uploads\/2014\/02\/5-JOSE-ROBERTO-CARDOSO.pdf\"><span style=\"color: #0000ff;\">The engineering of the XXI Century: state of art and perspectives<\/span><\/a><\/span><\/em><\/p>\n<p><span style=\"color: #0000ff;\"><strong>Jos\u00e9 Capilla Rom\u00e1<\/strong><\/span><br \/>\nUniversidad Polit\u00e9cnica de Valencia<br \/>\nEspa\u00f1a<\/p>\n<p><span style=\"color: #0000ff;\"><em><a href=\"http:\/\/acofi.edu.co\/eiei2014\/wp-content\/uploads\/2014\/02\/El-papel-de-las-universidades-en-el-desarrollo-regional-visto-a-trav\u00e9s-del-modelo-de-la-triple-h\u00e9lice.pdf\"><span style=\"color: #0000ff;\">El papel de las universidades en el desarrollo regional visto a trav\u00e9s del modelo de la triple h\u00e9lice<\/span><\/a><\/em><\/span><\/p>\n<p><span style=\"color: #0000ff;\"><strong>Rochelle Williams<\/strong><\/span><br \/>\nABET<br \/>\nEstados Unidos<\/p>\n<p><span style=\"color: #0000ff;\"><em><a href=\"http:\/\/acofi.edu.co\/eiei2014\/wp-content\/uploads\/2014\/02\/6-ROCHELLE-WILLIAMS.pdf\"><span style=\"color: #0000ff;\">Introduction to ABET Accreditation<\/span><\/a><\/em><\/span><\/p>\n<p><span style=\"color: #0000ff;\"><strong>Julio C\u00e9sar Ca\u00f1\u00f3n<\/strong><\/span><br \/>\nUniversidad Nacional de Colombia<br \/>\nColombia<\/p>\n<p><span style=\"color: #0000ff;\"><em><a href=\"http:\/\/acofi.edu.co\/eiei2014\/wp-content\/uploads\/2014\/02\/8-JULIO-CESAR-CA\u00d1ON.pdf\"><span style=\"color: #0000ff;\">Posgrados e investigaci\u00f3n: compromiso con la ingenier\u00eda en Colombia<\/span><\/a><\/em><\/span><\/p>\n<p><strong>PANELES<\/strong><\/p>\n<p><span style=\"color: #0000ff;\"><strong>Panel ense\u00f1anza de los Materiales<\/strong><\/span><\/p>\n<p><span style=\"color: #0000ff;\"><em><a href=\"http:\/\/acofi.edu.co\/eiei2014\/wp-content\/uploads\/2014\/02\/Panel-Ense\u00f1anza-de-los-Materiales.pdf\"><span style=\"color: #0000ff;\">Panel Ense\u00f1anza de los Materiales<\/span><\/a><\/em><\/span><\/p>\n<p><strong>MESAS DE TRABAJO<\/strong><\/p>\n<p><span style=\"color: #0000ff;\"><strong>Mesa de trabajo 1<\/strong><\/span><br \/>\nUniversidad del Valle<br \/>\nColombia<\/p>\n<p><span style=\"color: #0000ff;\"><em><a href=\"http:\/\/acofi.edu.co\/eiei2014\/wp-content\/uploads\/2014\/02\/7-MESA-DE-TRABAJO-UNIVERSIDAD-DEL-VALLE.pdf\"><span style=\"color: #0000ff;\">La Investigaci\u00f3n y los Posgrados<\/span><\/a><\/em><\/span><\/p>\n","protected":false},"excerpt":{"rendered":"<p>CONFERENCIAS MAGISTRALES Vicente Alb\u00e9niz L. Escuela Colombiana de Ingenier\u00eda Colombia Conferencia Inaugural Ericksson Rocha e Almendra Universidade Federal Do Rio de Janeiro Brasil La formaci\u00f3n de ingenieros en Brasil, Am\u00e9rica Latina y el mundo Carmen Sylvain Embajada de Canad\u00e1 en Colombia Canad\u00e1 El acuerdo de libre comercio con Canad\u00e1, oportunidades para las facultades de ingenier\u00eda<\/p>\n<p><a class=\"moretag\" href=\"http:\/\/acofi.edu.co\/eiei2014\/conferencias\/\" > Read the full article ><\/a><\/p>\n","protected":false},"author":1,"featured_media":0,"parent":0,"menu_order":0,"comment_status":"open","ping_status":"open","template":"","meta":[],"_links":{"self":[{"href":"http:\/\/acofi.edu.co\/eiei2014\/wp-json\/wp\/v2\/pages\/24"}],"collection":[{"href":"http:\/\/acofi.edu.co\/eiei2014\/wp-json\/wp\/v2\/pages"}],"about":[{"href":"http:\/\/acofi.edu.co\/eiei2014\/wp-json\/wp\/v2\/types\/page"}],"author":[{"embeddable":true,"href":"http:\/\/acofi.edu.co\/eiei2014\/wp-json\/wp\/v2\/users\/1"}],"replies":[{"embeddable":true,"href":"http:\/\/acofi.edu.co\/eiei2014\/wp-json\/wp\/v2\/comments?post=24"}],"version-history":[{"count":93,"href":"http:\/\/acofi.edu.co\/eiei2014\/wp-json\/wp\/v2\/pages\/24\/revisions"}],"predecessor-version":[{"id":1140,"href":"http:\/\/acofi.edu.co\/eiei2014\/wp-json\/wp\/v2\/pages\/24\/revisions\/1140"}],"wp:attachment":[{"href":"http:\/\/acofi.edu.co\/eiei2014\/wp-json\/wp\/v2\/media?parent=24"}],"curies":[{"name":"wp","href":"https:\/\/api.w.org\/{rel}","templated":true}]}}