{"id":18,"date":"2014-02-10T15:11:41","date_gmt":"2014-02-10T15:11:41","guid":{"rendered":"http:\/\/localhost\/eiei\/?page_id=18"},"modified":"2014-05-28T20:11:11","modified_gmt":"2014-05-28T20:11:11","slug":"comite-cientifico","status":"publish","type":"page","link":"http:\/\/acofi.edu.co\/eiei2014\/comite-cientifico\/","title":{"rendered":"Comit\u00e9 Cient\u00edfico"},"content":{"rendered":"<p><b>Adolfo Le\u00f3n Arenas, <\/b>Universidad Industrial de Santander, Bucaramanga<\/p>\n<p><b>Amparo Camacho D\u00edaz, <\/b>Universidad del Norte, Barranquilla<\/p>\n<p><b>\u00c1ngela Mar\u00eda Ot\u00e1lvaro, <\/b>Universidad de La Salle, Bogot\u00e1<\/p>\n<p><b>\u00c1ngela Villota G\u00f3mez, <\/b>Universidad ICESI, Cali<\/p>\n<p><b>Blanca Elvira Oviedo Torres, <\/b>Pontificia Universidad Javeriana, Bogot\u00e1<\/p>\n<p><b>Carlos Fernando Vega, <\/b>Universidad Aut\u00f3noma de Occidente, Cali<\/p>\n<p><b>Carlos R. Ruiz Cruz, <\/b>Escuela Colombiana de Ingenier\u00eda, Bogot\u00e1<\/p>\n<p><b>Claudia Patricia Casta\u00f1eda Berm\u00fadez, <\/b>Escuela Colombiana de Ingenier\u00eda, Bogot\u00e1<\/p>\n<p><b>Dar\u00edo Mart\u00ednez, <\/b>Universidad de Ibagu\u00e9, Ibagu\u00e9<\/p>\n<p><b>Eduardo Silva S\u00e1nchez, <\/b>Escuela Colombiana de Ingenier\u00eda, Bogot\u00e1<\/p>\n<p><b>Ferley Medina Rojas, <\/b>Universidad Cooperativa de Colombia, Neiva<\/p>\n<p><b>Gonzalo Vicente Ulloa Villegas, <\/b>Universidad ICESI, Cali<\/p>\n<p><b>Henry Arley Taquez Quenguan, <\/b>Universidad ICESI, Cali<\/p>\n<p><b>Jovani Alberto Jim\u00e9nez Builes, <\/b>Universidad Nacional de Colombia, Medell\u00edn<\/p>\n<p><b>Juli\u00e1n Andr\u00e9s G\u00f3mez, <\/b>Universidad de los Andes, Bogot\u00e1<\/p>\n<p><b>Juliana Jaramillo Ospina, <\/b>Universidad ICESI, Cali<\/p>\n<p><b>Lina Mar\u00eda V\u00e9lez Acosta, <\/b>Universidad Pontificia Bolivariana, Medell\u00edn<\/p>\n<p><b>Lucy Garc\u00eda, <\/b>Universidad del Norte, Barranquilla<\/p>\n<p><b>Mar\u00eda Fernanda Serrano, <\/b>Universidad Pontificia Bolivariana, Bucaramanga<\/p>\n<p><b>Mauricio Duque, <\/b>Universidad de los Andes, Bogot\u00e1<\/p>\n<p><b>Mauricio M\u00e1rquez Santos, <\/b>Universidad Aut\u00f3noma del Caribe, Barranquilla<\/p>\n<p><b>Miller G\u00f3mez Mora, <\/b>Pontificia Universidad Javeriana, Bogot\u00e1<\/p>\n<p><b>Naliny Guerra Prieto, <\/b>Universidad Central, Bogot\u00e1<\/p>\n<p><b>Nayib Moreno Rodr\u00edguez, <\/b>Universidad de la Costa, Barranquilla<\/p>\n<p><b>Torcoroma Vel\u00e1squez P\u00e9rez, <\/b>Universidad Francisco de Paula Santander, Oca\u00f1a<\/p>\n","protected":false},"excerpt":{"rendered":"<p>Adolfo Le\u00f3n Arenas, Universidad Industrial de Santander, Bucaramanga Amparo Camacho D\u00edaz, Universidad del Norte, Barranquilla \u00c1ngela Mar\u00eda Ot\u00e1lvaro, Universidad de La Salle, Bogot\u00e1 \u00c1ngela Villota G\u00f3mez, Universidad ICESI, Cali Blanca Elvira Oviedo Torres, Pontificia Universidad Javeriana, Bogot\u00e1 Carlos Fernando Vega, Universidad Aut\u00f3noma de Occidente, Cali Carlos R. Ruiz Cruz, Escuela Colombiana de Ingenier\u00eda, Bogot\u00e1 Claudia<\/p>\n<p><a class=\"moretag\" href=\"http:\/\/acofi.edu.co\/eiei2014\/comite-cientifico\/\" > Read the full article ><\/a><\/p>\n","protected":false},"author":1,"featured_media":0,"parent":0,"menu_order":0,"comment_status":"open","ping_status":"open","template":"","meta":[],"_links":{"self":[{"href":"http:\/\/acofi.edu.co\/eiei2014\/wp-json\/wp\/v2\/pages\/18"}],"collection":[{"href":"http:\/\/acofi.edu.co\/eiei2014\/wp-json\/wp\/v2\/pages"}],"about":[{"href":"http:\/\/acofi.edu.co\/eiei2014\/wp-json\/wp\/v2\/types\/page"}],"author":[{"embeddable":true,"href":"http:\/\/acofi.edu.co\/eiei2014\/wp-json\/wp\/v2\/users\/1"}],"replies":[{"embeddable":true,"href":"http:\/\/acofi.edu.co\/eiei2014\/wp-json\/wp\/v2\/comments?post=18"}],"version-history":[{"count":6,"href":"http:\/\/acofi.edu.co\/eiei2014\/wp-json\/wp\/v2\/pages\/18\/revisions"}],"predecessor-version":[{"id":441,"href":"http:\/\/acofi.edu.co\/eiei2014\/wp-json\/wp\/v2\/pages\/18\/revisions\/441"}],"wp:attachment":[{"href":"http:\/\/acofi.edu.co\/eiei2014\/wp-json\/wp\/v2\/media?parent=18"}],"curies":[{"name":"wp","href":"https:\/\/api.w.org\/{rel}","templated":true}]}}