{"id":179,"date":"2014-02-24T15:10:19","date_gmt":"2014-02-24T15:10:19","guid":{"rendered":"http:\/\/acofi.edu.co\/eiei2014\/?page_id=179"},"modified":"2014-02-24T15:10:19","modified_gmt":"2014-02-24T15:10:19","slug":"medios-de-pago","status":"publish","type":"page","link":"http:\/\/acofi.edu.co\/eiei2014\/pre-inscripcion\/medios-de-pago\/","title":{"rendered":"Medios de pago"},"content":{"rendered":"<p>Haga su pago como m\u00e1s le convenga seg\u00fan estas opciones:<\/p>\n<p><strong style=\"line-height: 1.5em;\">Datos para transferencia bancaria en Colombia:<\/strong><\/p>\n<blockquote><p>Nombre beneficiario: ACOFI. Asociaci\u00f3n Colombiana de Facultades de Ingenier\u00eda<br \/>\nTel\u00e9fono del beneficiario: 571 4273065 ext. 103<\/p>\n<p>Entidad bancaria: Bancolombia, sucursal salitre, calle 25 N\u00b0. 68B-02, Bogot\u00e1. Tel: 571 4273070<\/p>\n<p>N\u00famero de cuenta: 17126041844<\/p>\n<p>Tipo de cuenta: Corriente<br \/>\nCiudad y pa\u00eds: Bogot\u00e1, Colombia<\/p><\/blockquote>\n<p><strong>Datos para transferencia bancaria en el exterior:<\/strong><\/p>\n<blockquote><p>Banco pagador: BANCOLOMBIA<br \/>\nSWIFT BANCOLOMBIA: COLOCOBM<\/p><\/blockquote>\n<p><strong>Para giros en d\u00f3lares:<\/strong><\/p>\n<blockquote><p>Banco intermediario: CITIBANK de Nueva York<br \/>\nC\u00f3digo ABA: 021000089<br \/>\nSWIFT:\u00a0CITIUS33<br \/>\nAcreditar a la cuenta: #36006658 de BANCOLOMBIA<\/p><\/blockquote>\n<p>En la consignaci\u00f3n, indicar nombre del inscrito e instituci\u00f3n que presenta y enviarla al fax (57 1) 4273065 ext. 102 \u00f3 111. e-mail: administrativa@acofi.edu.co\u00a0 ACOFI expedir\u00e1 la factura una vez se haya realizado el pago.<\/p>\n<p><strong style=\"line-height: 1.5em;\">Si usted requiere un tr\u00e1mite diferente para el pago de su inscripci\u00f3n, por favor escr\u00edbanos haciendo la solicitud respectiva a administrativa@acofi.edu.co estaremos prestos a colaborarle.<\/strong><\/p>\n","protected":false},"excerpt":{"rendered":"<p>Haga su pago como m\u00e1s le convenga seg\u00fan estas opciones: Datos para transferencia bancaria en Colombia: Nombre beneficiario: ACOFI. Asociaci\u00f3n Colombiana de Facultades de Ingenier\u00eda Tel\u00e9fono del beneficiario: 571 4273065 ext. 103 Entidad bancaria: Bancolombia, sucursal salitre, calle 25 N\u00b0. 68B-02, Bogot\u00e1. Tel: 571 4273070 N\u00famero de cuenta: 17126041844 Tipo de cuenta: Corriente Ciudad y<\/p>\n<p><a class=\"moretag\" href=\"http:\/\/acofi.edu.co\/eiei2014\/pre-inscripcion\/medios-de-pago\/\" > Read the full article ><\/a><\/p>\n","protected":false},"author":1,"featured_media":0,"parent":126,"menu_order":0,"comment_status":"open","ping_status":"open","template":"","meta":[],"_links":{"self":[{"href":"http:\/\/acofi.edu.co\/eiei2014\/wp-json\/wp\/v2\/pages\/179"}],"collection":[{"href":"http:\/\/acofi.edu.co\/eiei2014\/wp-json\/wp\/v2\/pages"}],"about":[{"href":"http:\/\/acofi.edu.co\/eiei2014\/wp-json\/wp\/v2\/types\/page"}],"author":[{"embeddable":true,"href":"http:\/\/acofi.edu.co\/eiei2014\/wp-json\/wp\/v2\/users\/1"}],"replies":[{"embeddable":true,"href":"http:\/\/acofi.edu.co\/eiei2014\/wp-json\/wp\/v2\/comments?post=179"}],"version-history":[{"count":1,"href":"http:\/\/acofi.edu.co\/eiei2014\/wp-json\/wp\/v2\/pages\/179\/revisions"}],"predecessor-version":[{"id":180,"href":"http:\/\/acofi.edu.co\/eiei2014\/wp-json\/wp\/v2\/pages\/179\/revisions\/180"}],"up":[{"embeddable":true,"href":"http:\/\/acofi.edu.co\/eiei2014\/wp-json\/wp\/v2\/pages\/126"}],"wp:attachment":[{"href":"http:\/\/acofi.edu.co\/eiei2014\/wp-json\/wp\/v2\/media?parent=179"}],"curies":[{"name":"wp","href":"https:\/\/api.w.org\/{rel}","templated":true}]}}