{"id":126,"date":"2014-02-13T18:11:47","date_gmt":"2014-02-13T18:11:47","guid":{"rendered":"http:\/\/acofi.edu.co\/eiei2014\/?page_id=126"},"modified":"2014-10-14T16:17:20","modified_gmt":"2014-10-14T16:17:20","slug":"pre-inscripcion","status":"publish","type":"page","link":"http:\/\/acofi.edu.co\/eiei2014\/pre-inscripcion\/","title":{"rendered":"Pre-inscripci\u00f3n"},"content":{"rendered":"<p>La Inscripci\u00f3n al Encuentro se har\u00e1 oficial, una vez se haya cancelado el valor de la inscripci\u00f3n de cada participante.<\/p>\n<p><strong>Valor de la Inscripci\u00f3n<\/strong><\/p>\n<p><strong>Asistentes<\/strong>: COP 1.000.000<\/p>\n<p><strong>Estudiantes de pregrado<\/strong>:\u00a0Ingrese <span style=\"color: #0000ff;\"><em><a href=\"http:\/\/acofi.edu.co\/eiei2014\/reunion-de-estudiantes\/\"><span style=\"color: #0000ff;\">aqu\u00ed<\/span><\/a><\/em><\/span><\/p>\n<p><strong>Ponentes:<\/strong> COP 900.000<\/p>\n<p><strong style=\"line-height: 1.5em;\">Importante:<\/strong><span style=\"line-height: 1.5em;\">\u00a0Los pagos recibidos por concepto de inscripci\u00f3n al Encuentro Internacional de Educaci\u00f3n en Ingenier\u00eda ACOFI 2014, no son rembolsables.<\/span><\/p>\n<p><span style=\"color: #0000ff;\"><strong><span style=\"color: #0000ff;\"><a href=\"http:\/\/acofi.edu.co\/eiei2014\/pre-inscripcion\/medios-de-pago\/\">Medios de pago<\/a><\/span><\/strong><\/span><\/p>\n","protected":false},"excerpt":{"rendered":"<p>La Inscripci\u00f3n al Encuentro se har\u00e1 oficial, una vez se haya cancelado el valor de la inscripci\u00f3n de cada participante. Valor de la Inscripci\u00f3n Asistentes: COP 1.000.000 Estudiantes de pregrado:\u00a0Ingrese aqu\u00ed Ponentes: COP 900.000 Importante:\u00a0Los pagos recibidos por concepto de inscripci\u00f3n al Encuentro Internacional de Educaci\u00f3n en Ingenier\u00eda ACOFI 2014, no son rembolsables. Medios de<\/p>\n<p><a class=\"moretag\" href=\"http:\/\/acofi.edu.co\/eiei2014\/pre-inscripcion\/\" > Read the full article ><\/a><\/p>\n","protected":false},"author":1,"featured_media":0,"parent":0,"menu_order":0,"comment_status":"open","ping_status":"open","template":"","meta":[],"_links":{"self":[{"href":"http:\/\/acofi.edu.co\/eiei2014\/wp-json\/wp\/v2\/pages\/126"}],"collection":[{"href":"http:\/\/acofi.edu.co\/eiei2014\/wp-json\/wp\/v2\/pages"}],"about":[{"href":"http:\/\/acofi.edu.co\/eiei2014\/wp-json\/wp\/v2\/types\/page"}],"author":[{"embeddable":true,"href":"http:\/\/acofi.edu.co\/eiei2014\/wp-json\/wp\/v2\/users\/1"}],"replies":[{"embeddable":true,"href":"http:\/\/acofi.edu.co\/eiei2014\/wp-json\/wp\/v2\/comments?post=126"}],"version-history":[{"count":13,"href":"http:\/\/acofi.edu.co\/eiei2014\/wp-json\/wp\/v2\/pages\/126\/revisions"}],"predecessor-version":[{"id":1018,"href":"http:\/\/acofi.edu.co\/eiei2014\/wp-json\/wp\/v2\/pages\/126\/revisions\/1018"}],"wp:attachment":[{"href":"http:\/\/acofi.edu.co\/eiei2014\/wp-json\/wp\/v2\/media?parent=126"}],"curies":[{"name":"wp","href":"https:\/\/api.w.org\/{rel}","templated":true}]}}